{"id":306299,"date":"2024-04-29T07:01:50","date_gmt":"2024-04-29T07:01:50","guid":{"rendered":"https:\/\/occasions-teile.ch\/product\/vw-passat-achsschenkel-vorne-links-3\/"},"modified":"2024-05-29T20:57:49","modified_gmt":"2024-05-29T20:57:49","slug":"vw-passat-achsschenkel-vorne-links-3","status":"publish","type":"product","link":"https:\/\/occasions-teile.ch\/fr\/produkt\/vw-passat-achsschenkel-vorne-links-3\/","title":{"rendered":"VW Passat  Achsschenkel vorne links"},"content":{"rendered":"<p><span><b>Technische Daten<\/b><\/p>\n<p> Fahrzeug: VW Passat<br \/>\n Chassis Nr.: WVWZZZ3CZHP028767<br \/>\n Baujahr: 2017<br \/>\n Kilometer: 150000 KM<br \/>\n Leistung: 150 KW<br \/>\n Hubraum: 1499 ccm<br \/>\n Typ: X<br \/>\n Farbcode: silberblau<br \/>\n Hinweise: &#8211;<\/p>\n<p> Versand: Versand nur in der Schweiz m\u00f6glich.Im Ausland ist der Transport k\u00e4uferseits.<br \/>\n Garantie: 3 Monate Garantie. Bitte beachten Sie, dass die Gew\u00e4hrleistung nur g\u00fcltig ist, wenn der Ersatzteileinbau durch eine Fachwerkstatt\/Meisterwerkstatt erfolgt. Das Ein- und Ausbau des Ersatzteiles kann nicht an uns verrechnet werden. <\/p>\n<p> Ersatzteil: f\u00fcr andere Fahrzeugen (Marken) verf\u00fcgbar auf anfrage. Tel.041 980 27 47. Mobil. 076 589 27 47<\/p>\n<p> Kontakt<br \/>\n  Adresse: Autoverwertung Brun AG<br \/>\n           M\u00f6\u00f6slimatten 13<br \/>\n           6218 Ettiswil<br \/>\n  Telefon: 0041 (041) 980 27 47<br \/>\n  Telefax: 0041 (041) 980 03 47<\/p>\n<p> Wir bieten Ihnen weitere gebrauchte Autoteile zum Kauf an.<br \/>\n Tags: Achsschenkel vorne links, Knuckle front left , Fuse\u00b4e d&rsquo;essieu avant gauche<br \/>\n<\/span><\/p>\n","protected":false},"excerpt":{"rendered":"<p>Technische Daten Fahrzeug: VW Passat Chassis Nr.: WVWZZZ3CZHP028767 Baujahr: 2017 Kilometer: 150000 KM Leistung: 150 KW Hubraum: 1499 ccm Typ: X Farbcode: silberblau Hinweise: &#8211; Versand: Versand nur in der Schweiz m\u00f6glich.Im Ausland ist der Transport k\u00e4uferseits. Garantie: 3 Monate Garantie. Bitte beachten Sie, dass die Gew\u00e4hrleistung nur g\u00fcltig ist, wenn der Ersatzteileinbau durch eine&hellip; <a class=\"more-link\" href=\"https:\/\/occasions-teile.ch\/fr\/produkt\/vw-passat-achsschenkel-vorne-links-3\/\">Poursuivre la lecture <span class=\"screen-reader-text\">VW Passat  Achsschenkel vorne links<\/span><\/a><\/p>\n","protected":false},"featured_media":306296,"template":"","meta":[],"product_brand":[],"product_cat":[20591,23913,542,543,544,541,549,548,546,1299,1301,1303,545,547,1280,1283,1286,6839,6836,6838],"product_tag":[],"class_list":{"0":"post-306299","1":"product","2":"type-product","3":"status-publish","4":"has-post-thumbnail","6":"product_cat-de-2-0-variant-tdi-de_passat-de_volkswagen-manufacturer-61","7":"product_cat-de-2-0-variant-tdi-de_passat-de_volkswagen-manufacturer-71","8":"product_cat-de-achsschenkel-radnaben","9":"product_cat-de-achsschenkelvornlinks","10":"product_cat-en-chassis-steering","11":"product_cat-de-fahrwerk-lenkung","12":"product_cat-fr-fusee-dessieu-avant-gauche","13":"product_cat-fr-fusees-de-roue-moyeux-de-roue","14":"product_cat-en-knuckle-front-left","15":"product_cat-de_passat","16":"product_cat-en_passat","17":"product_cat-fr_passat","18":"product_cat-en-steering-knuckle-wheel-hubs","19":"product_cat-fr-train-de-roulement-direction","20":"product_cat-de_volkswagen","21":"product_cat-en_volkswagen","22":"product_cat-fr_volkswagen","23":"product_cat-fr-wvwzzz3czhp028767-200000226","24":"product_cat-de-wvwzzz3czhp028767-200000226","25":"product_cat-en-wvwzzz3czhp028767-200000226","26":"product_shipping_class-tarif-1","27":"entry","29":"first","30":"instock","31":"taxable","32":"shipping-taxable","33":"purchasable","34":"product-type-simple"},"jetpack_sharing_enabled":true,"_links":{"self":[{"href":"https:\/\/occasions-teile.ch\/fr\/wp-json\/wp\/v2\/product\/306299","targetHints":{"allow":["GET"]}}],"collection":[{"href":"https:\/\/occasions-teile.ch\/fr\/wp-json\/wp\/v2\/product"}],"about":[{"href":"https:\/\/occasions-teile.ch\/fr\/wp-json\/wp\/v2\/types\/product"}],"wp:featuredmedia":[{"embeddable":true,"href":"https:\/\/occasions-teile.ch\/fr\/wp-json\/wp\/v2\/media\/306296"}],"wp:attachment":[{"href":"https:\/\/occasions-teile.ch\/fr\/wp-json\/wp\/v2\/media?parent=306299"}],"wp:term":[{"taxonomy":"product_brand","embeddable":true,"href":"https:\/\/occasions-teile.ch\/fr\/wp-json\/wp\/v2\/product_brand?post=306299"},{"taxonomy":"product_cat","embeddable":true,"href":"https:\/\/occasions-teile.ch\/fr\/wp-json\/wp\/v2\/product_cat?post=306299"},{"taxonomy":"product_tag","embeddable":true,"href":"https:\/\/occasions-teile.ch\/fr\/wp-json\/wp\/v2\/product_tag?post=306299"}],"curies":[{"name":"wp","href":"https:\/\/api.w.org\/{rel}","templated":true}]}}