{"id":306256,"date":"2024-04-29T06:20:44","date_gmt":"2024-04-29T06:20:44","guid":{"rendered":"https:\/\/occasions-teile.ch\/product\/peugeot-boxer-lenksaeule\/"},"modified":"2024-05-26T14:55:24","modified_gmt":"2024-05-26T14:55:24","slug":"peugeot-boxer-lenksaeule","status":"publish","type":"product","link":"https:\/\/occasions-teile.ch\/fr\/produkt\/peugeot-boxer-lenksaeule\/","title":{"rendered":"Peugeot Boxer  Lenks\u00e4ule"},"content":{"rendered":"<p><span><b>Technische Daten<\/b><\/p>\n<p> Fahrzeug: Peugeot Boxer<br \/>\n Chassis Nr.: VF3YCTMFB12207040<br \/>\n Baujahr: 2012<br \/>\n Kilometer: 160188 KM<br \/>\n Leistung: 131 KW<br \/>\n Hubraum: 2198 ccm<br \/>\n Typ: 3PA581<br \/>\n Farbcode: White\/Weiss<br \/>\n Hinweise: &#8211;<\/p>\n<p> Versand: Versand nur in der Schweiz m\u00f6glich.Im Ausland ist der Transport k\u00e4uferseits.<br \/>\n Garantie: 3 Monate Garantie. Bitte beachten Sie, dass die Gew\u00e4hrleistung nur g\u00fcltig ist, wenn der Ersatzteileinbau durch eine Fachwerkstatt\/Meisterwerkstatt erfolgt. Das Ein- und Ausbau des Ersatzteiles kann nicht an uns verrechnet werden. <\/p>\n<p> Ersatzteil: f\u00fcr andere Fahrzeugen (Marken) verf\u00fcgbar auf anfrage. Tel.041 980 27 47. Mobil. 076 589 27 47<\/p>\n<p> Kontakt<br \/>\n  Adresse: Autoverwertung Brun AG<br \/>\n           M\u00f6\u00f6slimatten 13<br \/>\n           6218 Ettiswil<br \/>\n  Telefon: 0041 (041) 980 27 47<br \/>\n  Telefax: 0041 (041) 980 03 47<\/p>\n<p> Wir bieten Ihnen weitere gebrauchte Autoteile zum Kauf an.<br \/>\n Tags: Lenks\u00e4ule, Steering column, Colonne de direction<br \/>\n<\/span><\/p>\n","protected":false},"excerpt":{"rendered":"<p>Technische Daten Fahrzeug: Peugeot Boxer Chassis Nr.: VF3YCTMFB12207040 Baujahr: 2012 Kilometer: 160188 KM Leistung: 131 KW Hubraum: 2198 ccm Typ: 3PA581 Farbcode: White\/Weiss Hinweise: &#8211; Versand: Versand nur in der Schweiz m\u00f6glich.Im Ausland ist der Transport k\u00e4uferseits. Garantie: 3 Monate Garantie. Bitte beachten Sie, dass die Gew\u00e4hrleistung nur g\u00fcltig ist, wenn der Ersatzteileinbau durch eine&hellip; <a class=\"more-link\" href=\"https:\/\/occasions-teile.ch\/fr\/produkt\/peugeot-boxer-lenksaeule\/\">Poursuivre la lecture <span class=\"screen-reader-text\">Peugeot Boxer  Lenks\u00e4ule<\/span><\/a><\/p>\n","protected":false},"featured_media":306253,"template":"","meta":[],"product_brand":[],"product_cat":[20581,23657,2112,2114,2110,544,877,878,541,873,874,1184,1187,1190,875,876,547,2111,2113,2109],"product_tag":[],"class_list":{"0":"post-306256","1":"product","2":"type-product","3":"status-publish","4":"has-post-thumbnail","6":"product_cat-de-2-2-hdi-130-de_boxer-de_peugeot-manufacturer-19","7":"product_cat-de-2-2-hdi-130-de_boxer-de_peugeot-manufacturer-26","8":"product_cat-en_boxer","9":"product_cat-fr_boxer","10":"product_cat-de_boxer","11":"product_cat-en-chassis-steering","12":"product_cat-fr-colonne-de-direction","13":"product_cat-fr-colonne-de-direction-fr-colonne-de-direction","14":"product_cat-de-fahrwerk-lenkung","15":"product_cat-de-lenksaeule","16":"product_cat-de-lenksaeule-de-lenksaeule","17":"product_cat-de_peugeot","18":"product_cat-en_peugeot","19":"product_cat-fr_peugeot","20":"product_cat-en-steering-column","21":"product_cat-en-steering-column-en-steering-column","22":"product_cat-fr-train-de-roulement-direction","23":"product_cat-en-vf3yctmfb12207040-20000179","24":"product_cat-fr-vf3yctmfb12207040-20000179","25":"product_cat-de-vf3yctmfb12207040-20000179","26":"product_shipping_class-tarif-1","27":"entry","29":"first","30":"instock","31":"taxable","32":"shipping-taxable","33":"purchasable","34":"product-type-simple"},"jetpack_sharing_enabled":true,"_links":{"self":[{"href":"https:\/\/occasions-teile.ch\/fr\/wp-json\/wp\/v2\/product\/306256","targetHints":{"allow":["GET"]}}],"collection":[{"href":"https:\/\/occasions-teile.ch\/fr\/wp-json\/wp\/v2\/product"}],"about":[{"href":"https:\/\/occasions-teile.ch\/fr\/wp-json\/wp\/v2\/types\/product"}],"wp:featuredmedia":[{"embeddable":true,"href":"https:\/\/occasions-teile.ch\/fr\/wp-json\/wp\/v2\/media\/306253"}],"wp:attachment":[{"href":"https:\/\/occasions-teile.ch\/fr\/wp-json\/wp\/v2\/media?parent=306256"}],"wp:term":[{"taxonomy":"product_brand","embeddable":true,"href":"https:\/\/occasions-teile.ch\/fr\/wp-json\/wp\/v2\/product_brand?post=306256"},{"taxonomy":"product_cat","embeddable":true,"href":"https:\/\/occasions-teile.ch\/fr\/wp-json\/wp\/v2\/product_cat?post=306256"},{"taxonomy":"product_tag","embeddable":true,"href":"https:\/\/occasions-teile.ch\/fr\/wp-json\/wp\/v2\/product_tag?post=306256"}],"curies":[{"name":"wp","href":"https:\/\/api.w.org\/{rel}","templated":true}]}}