{"id":306152,"date":"2024-04-29T04:11:32","date_gmt":"2024-04-29T04:11:32","guid":{"rendered":"https:\/\/occasions-teile.ch\/product\/vw-vw-t-cross-ladegeraet-batterie\/"},"modified":"2024-05-30T00:57:53","modified_gmt":"2024-05-30T00:57:53","slug":"vw-vw-t-cross-ladegeraet-batterie","status":"publish","type":"product","link":"https:\/\/occasions-teile.ch\/fr\/produkt\/vw-vw-t-cross-ladegeraet-batterie\/","title":{"rendered":"VW VW T-Cross Ladeger\u00e4t Batterie"},"content":{"rendered":"<p><span><b>Technische Daten<\/b><\/p>\n<p> Fahrzeug: VW VW T-Cross<br \/>\n Chassis Nr.: WVGZZZC1ZPY004462<br \/>\n Baujahr: 2022<br \/>\n Kilometer: 47650 KM<br \/>\n Leistung: 110 KW<br \/>\n Hubraum: 999 ccm<br \/>\n Typ: 1VS549<br \/>\n Farbcode: Black<br \/>\n Hinweise: &#8211;<\/p>\n<p> Versand: Versand nur in der Schweiz m\u00f6glich.Im Ausland ist der Transport k\u00e4uferseits.<br \/>\n Garantie: 3 Monate Garantie. Bitte beachten Sie, dass die Gew\u00e4hrleistung nur g\u00fcltig ist, wenn der Ersatzteileinbau durch eine Fachwerkstatt\/Meisterwerkstatt erfolgt. Das Ein- und Ausbau des Ersatzteiles kann nicht an uns verrechnet werden. <\/p>\n<p> Ersatzteil: f\u00fcr andere Fahrzeugen (Marken) verf\u00fcgbar auf anfrage. Tel.041 980 27 47. Mobil. 076 589 27 47<\/p>\n<p> Kontakt<br \/>\n  Adresse: Autoverwertung Brun AG<br \/>\n           M\u00f6\u00f6slimatten 13<br \/>\n           6218 Ettiswil<br \/>\n  Telefon: 0041 (041) 980 27 47<br \/>\n  Telefax: 0041 (041) 980 03 47<\/p>\n<p> Wir bieten Ihnen weitere gebrauchte Autoteile zum Kauf an.<br \/>\n Tags: Ladeger\u00e4t Batterie, Charger Battery, Chargeur Batterie<br \/>\n<\/span><\/p>\n","protected":false},"excerpt":{"rendered":"<p>Technische Daten Fahrzeug: VW VW T-Cross Chassis Nr.: WVGZZZC1ZPY004462 Baujahr: 2022 Kilometer: 47650 KM Leistung: 110 KW Hubraum: 999 ccm Typ: 1VS549 Farbcode: Black Hinweise: &#8211; Versand: Versand nur in der Schweiz m\u00f6glich.Im Ausland ist der Transport k\u00e4uferseits. Garantie: 3 Monate Garantie. Bitte beachten Sie, dass die Gew\u00e4hrleistung nur g\u00fcltig ist, wenn der Ersatzteileinbau durch&hellip; <a class=\"more-link\" href=\"https:\/\/occasions-teile.ch\/fr\/produkt\/vw-vw-t-cross-ladegeraet-batterie\/\">Poursuivre la lecture <span class=\"screen-reader-text\">VW VW T-Cross Ladeger\u00e4t Batterie<\/span><\/a><\/p>\n","protected":false},"featured_media":306149,"template":"","meta":[],"product_brand":[],"product_cat":[23917,20551,6557,6209,6558,6210,1809,1806,1812,6556,6208,1283,1286,1280,20404,20407,20401,20406,20400,20403],"product_tag":[],"class_list":{"0":"post-306152","1":"product","2":"type-product","3":"status-publish","4":"has-post-thumbnail","6":"product_cat-de-c11-1-0tsi-de_slug_vw_vw-t-cross_977-de_volkswagen-manufacturer-54","7":"product_cat-de-c11-1-0tsi-de_slug_vw_vw-t-cross_977-de_volkswagen-manufacturer-44","8":"product_cat-en-charger-battery-ladegeraetbatterie","9":"product_cat-en-chargerbattery-hybrid-elektro","10":"product_cat-fr-chargeur-batterie-ladegeraetbatterie","11":"product_cat-fr-chargeurbatterie-hybrid-elektro","12":"product_cat-en-hybrid-electric","13":"product_cat-de-hybrid-elektro","14":"product_cat-fr-hybride-electrique","15":"product_cat-de-ladegeraet-batterie-ladegeraetbatterie","16":"product_cat-de-ladegeraetbatterie-hybrid-elektro","17":"product_cat-en_volkswagen","18":"product_cat-fr_volkswagen","19":"product_cat-de_volkswagen","20":"product_cat-en_slug_vw_vw-t-cross_73","21":"product_cat-fr_slug_vw_vw-t-cross_68","22":"product_cat-de_slug_vw_vw-t-cross_977","23":"product_cat-fr-wvgzzzc1zpy004462-200000316","24":"product_cat-de-wvgzzzc1zpy004462-200000316","25":"product_cat-en-wvgzzzc1zpy004462-200000316","26":"product_shipping_class-tarif-1","27":"entry","29":"first","30":"instock","31":"taxable","32":"shipping-taxable","33":"purchasable","34":"product-type-simple"},"jetpack_sharing_enabled":true,"_links":{"self":[{"href":"https:\/\/occasions-teile.ch\/fr\/wp-json\/wp\/v2\/product\/306152","targetHints":{"allow":["GET"]}}],"collection":[{"href":"https:\/\/occasions-teile.ch\/fr\/wp-json\/wp\/v2\/product"}],"about":[{"href":"https:\/\/occasions-teile.ch\/fr\/wp-json\/wp\/v2\/types\/product"}],"wp:featuredmedia":[{"embeddable":true,"href":"https:\/\/occasions-teile.ch\/fr\/wp-json\/wp\/v2\/media\/306149"}],"wp:attachment":[{"href":"https:\/\/occasions-teile.ch\/fr\/wp-json\/wp\/v2\/media?parent=306152"}],"wp:term":[{"taxonomy":"product_brand","embeddable":true,"href":"https:\/\/occasions-teile.ch\/fr\/wp-json\/wp\/v2\/product_brand?post=306152"},{"taxonomy":"product_cat","embeddable":true,"href":"https:\/\/occasions-teile.ch\/fr\/wp-json\/wp\/v2\/product_cat?post=306152"},{"taxonomy":"product_tag","embeddable":true,"href":"https:\/\/occasions-teile.ch\/fr\/wp-json\/wp\/v2\/product_tag?post=306152"}],"curies":[{"name":"wp","href":"https:\/\/api.w.org\/{rel}","templated":true}]}}