{"id":306092,"date":"2024-04-29T02:06:29","date_gmt":"2024-04-29T02:06:29","guid":{"rendered":"https:\/\/occasions-teile.ch\/product\/jaguar-xf-schlaeuche-rohre-ladeluftschlauch\/"},"modified":"2024-05-25T00:52:37","modified_gmt":"2024-05-25T00:52:37","slug":"jaguar-xf-schlaeuche-rohre-ladeluftschlauch","status":"publish","type":"product","link":"https:\/\/occasions-teile.ch\/fr\/produkt\/jaguar-xf-schlaeuche-rohre-ladeluftschlauch\/","title":{"rendered":"Jaguar XF  Schl\u00e4uche Rohre Ladeluftschlauch"},"content":{"rendered":"<p><span><b>Technische Daten<\/b><\/p>\n<p> Fahrzeug: Jaguar XF<br \/>\n Chassis Nr.: SAJBB4BN5HCY35705<br \/>\n Baujahr: 2016<br \/>\n Kilometer: 117373 KM<br \/>\n Leistung: 179 KW<br \/>\n Hubraum: 1999 ccm<br \/>\n Typ: x<br \/>\n Farbcode: grau<br \/>\n Hinweise: &#8211;<\/p>\n<p> Versand: Versand nur in der Schweiz m\u00f6glich.Im Ausland ist der Transport k\u00e4uferseits.<br \/>\n Garantie: 3 Monate Garantie. Bitte beachten Sie, dass die Gew\u00e4hrleistung nur g\u00fcltig ist, wenn der Ersatzteileinbau durch eine Fachwerkstatt\/Meisterwerkstatt erfolgt. Das Ein- und Ausbau des Ersatzteiles kann nicht an uns verrechnet werden. <\/p>\n<p> Ersatzteil: f\u00fcr andere Fahrzeugen (Marken) verf\u00fcgbar auf anfrage. Tel.041 980 27 47. Mobil. 076 589 27 47<\/p>\n<p> Kontakt<br \/>\n  Adresse: Autoverwertung Brun AG<br \/>\n           M\u00f6\u00f6slimatten 13<br \/>\n           6218 Ettiswil<br \/>\n  Telefon: 0041 (041) 980 27 47<br \/>\n  Telefax: 0041 (041) 980 03 47<\/p>\n<p> Wir bieten Ihnen weitere gebrauchte Autoteile zum Kauf an.<br \/>\n Tags: Schl\u00e4uche Rohre Ladeluftschlauch , Hoses&amp; Pipes Charge air , Tuyaux &amp; tubes Air de charge<br \/>\n<\/span><\/p>\n","protected":false},"excerpt":{"rendered":"<p>Technische Daten Fahrzeug: Jaguar XF Chassis Nr.: SAJBB4BN5HCY35705 Baujahr: 2016 Kilometer: 117373 KM Leistung: 179 KW Hubraum: 1999 ccm Typ: x Farbcode: grau Hinweise: &#8211; Versand: Versand nur in der Schweiz m\u00f6glich.Im Ausland ist der Transport k\u00e4uferseits. Garantie: 3 Monate Garantie. Bitte beachten Sie, dass die Gew\u00e4hrleistung nur g\u00fcltig ist, wenn der Ersatzteileinbau durch eine&hellip; <a class=\"more-link\" href=\"https:\/\/occasions-teile.ch\/fr\/produkt\/jaguar-xf-schlaeuche-rohre-ladeluftschlauch\/\">Poursuivre la lecture <span class=\"screen-reader-text\">Jaguar XF  Schl\u00e4uche Rohre Ladeluftschlauch<\/span><\/a><\/p>\n","protected":false},"featured_media":306089,"template":"","meta":[],"product_brand":[],"product_cat":[20528,23594,3029,6121,494,7896,6385,5849],"product_tag":[],"class_list":{"0":"post-306092","1":"product","2":"type-product","3":"status-publish","4":"has-post-thumbnail","6":"product_cat-de-2-0-de_slug_jaguar_xf_644-de_jaguar-manufacturer-150","7":"product_cat-de-2-0-de_slug_jaguar_xf_644-de_jaguar-manufacturer-162","8":"product_cat-de_jaguar","9":"product_cat-de-luft-kraftstoffsystem-motor","10":"product_cat-de-motor","11":"product_cat-de-sajbb4bn5hcy35705-200000245","12":"product_cat-de-schlaeuche-rohre-ladeluftschlauch-luft-kraftstoffsystem","13":"product_cat-de_slug_jaguar_xf_644","14":"product_shipping_class-tarif-1","15":"entry","17":"first","18":"instock","19":"taxable","20":"shipping-taxable","21":"purchasable","22":"product-type-simple"},"jetpack_sharing_enabled":true,"_links":{"self":[{"href":"https:\/\/occasions-teile.ch\/fr\/wp-json\/wp\/v2\/product\/306092","targetHints":{"allow":["GET"]}}],"collection":[{"href":"https:\/\/occasions-teile.ch\/fr\/wp-json\/wp\/v2\/product"}],"about":[{"href":"https:\/\/occasions-teile.ch\/fr\/wp-json\/wp\/v2\/types\/product"}],"wp:featuredmedia":[{"embeddable":true,"href":"https:\/\/occasions-teile.ch\/fr\/wp-json\/wp\/v2\/media\/306089"}],"wp:attachment":[{"href":"https:\/\/occasions-teile.ch\/fr\/wp-json\/wp\/v2\/media?parent=306092"}],"wp:term":[{"taxonomy":"product_brand","embeddable":true,"href":"https:\/\/occasions-teile.ch\/fr\/wp-json\/wp\/v2\/product_brand?post=306092"},{"taxonomy":"product_cat","embeddable":true,"href":"https:\/\/occasions-teile.ch\/fr\/wp-json\/wp\/v2\/product_cat?post=306092"},{"taxonomy":"product_tag","embeddable":true,"href":"https:\/\/occasions-teile.ch\/fr\/wp-json\/wp\/v2\/product_tag?post=306092"}],"curies":[{"name":"wp","href":"https:\/\/api.w.org\/{rel}","templated":true}]}}