{"id":305968,"date":"2024-04-28T21:30:36","date_gmt":"2024-04-28T21:30:36","guid":{"rendered":"https:\/\/occasions-teile.ch\/product\/renault-espace-alternator-2\/"},"modified":"2024-05-29T23:03:44","modified_gmt":"2024-05-29T23:03:44","slug":"renault-espace-alternator-2","status":"publish","type":"product","link":"https:\/\/occasions-teile.ch\/fr\/produkt\/renault-espace-alternator-2\/","title":{"rendered":"Renault Espace  Alternator"},"content":{"rendered":"<p><span><b>Technische Daten<\/b><\/p>\n<p> Fahrzeug: Renault Espace<br \/>\n Chassis Nr.: VF1RFC00X55574203<br \/>\n Baujahr: 2016<br \/>\n Kilometer: 122000 KM<br \/>\n Leistung: 200 KW<br \/>\n Hubraum: 1618 ccm<br \/>\n Typ: 1RC231<br \/>\n Farbcode: grau<br \/>\n Hinweise: Von Unfall besch\u00e4digt Ersatzteilesp\u00e4nder!!!!<\/p>\n<p> Versand: Versand nur in der Schweiz m\u00f6glich.Im Ausland ist der Transport k\u00e4uferseits.<br \/>\n Garantie: 3 Monate Garantie. Bitte beachten Sie, dass die Gew\u00e4hrleistung nur g\u00fcltig ist, wenn der Ersatzteileinbau durch eine Fachwerkstatt\/Meisterwerkstatt erfolgt. Das Ein- und Ausbau des Ersatzteiles kann nicht an uns verrechnet werden. <\/p>\n<p> Ersatzteil: f\u00fcr andere Fahrzeugen (Marken) verf\u00fcgbar auf anfrage. Tel.041 980 27 47. Mobil. 076 589 27 47<\/p>\n<p> Kontakt<br \/>\n  Adresse: Autoverwertung Brun AG<br \/>\n           M\u00f6\u00f6slimatten 13<br \/>\n           6218 Ettiswil<br \/>\n  Telefon: 0041 (041) 980 27 47<br \/>\n  Telefax: 0041 (041) 980 03 47<\/p>\n<p> Wir bieten Ihnen weitere gebrauchte Autoteile zum Kauf an.<br \/>\n Tags: Alternator, Alternator, Alternateur<br \/>\n<\/span><\/p>\n","protected":false},"excerpt":{"rendered":"<p>Technische Daten Fahrzeug: Renault Espace Chassis Nr.: VF1RFC00X55574203 Baujahr: 2016 Kilometer: 122000 KM Leistung: 200 KW Hubraum: 1618 ccm Typ: 1RC231 Farbcode: grau Hinweise: Von Unfall besch\u00e4digt Ersatzteilesp\u00e4nder!!!! Versand: Versand nur in der Schweiz m\u00f6glich.Im Ausland ist der Transport k\u00e4uferseits. Garantie: 3 Monate Garantie. Bitte beachten Sie, dass die Gew\u00e4hrleistung nur g\u00fcltig ist, wenn der&hellip; <a class=\"more-link\" href=\"https:\/\/occasions-teile.ch\/fr\/produkt\/renault-espace-alternator-2\/\">Poursuivre la lecture <span class=\"screen-reader-text\">Renault Espace  Alternator<\/span><\/a><\/p>\n","protected":false},"featured_media":305965,"template":"","meta":[],"product_brand":[],"product_cat":[20478,23914,703,704,700,701,702,627,624,621,3533,3534,3535,699,2439,2433,2436,9374,9376,9372],"product_tag":[],"class_list":{"0":"post-305968","1":"product","2":"type-product","3":"status-publish","4":"has-post-thumbnail","6":"product_cat-de-1-6-de_slug_renault_espace_66-de_renault-manufacturer-475","7":"product_cat-de-1-6-de_slug_renault_espace_66-de_renault-manufacturer-550","8":"product_cat-fr-alternateur","9":"product_cat-fr-alternateur-fr-alternateur","10":"product_cat-de-alternator","11":"product_cat-en-alternator","12":"product_cat-en-alternator-en-alternator","13":"product_cat-fr-electricite-dispositifs-de-commande","14":"product_cat-en-electrics-control-units","15":"product_cat-de-elektrik-steuergeraete","16":"product_cat-de_slug_renault_espace_66","17":"product_cat-en_slug_renault_espace_640","18":"product_cat-fr_slug_renault_espace_687","19":"product_cat-de-lichtmaschine","20":"product_cat-fr_renault","21":"product_cat-de_renault","22":"product_cat-en_renault","23":"product_cat-en-vf1rfc00x55574203-200000258","24":"product_cat-fr-vf1rfc00x55574203-200000258","25":"product_cat-de-vf1rfc00x55574203-200000258","26":"product_shipping_class-tarif-1","27":"entry","29":"first","30":"instock","31":"taxable","32":"shipping-taxable","33":"purchasable","34":"product-type-simple"},"jetpack_sharing_enabled":true,"_links":{"self":[{"href":"https:\/\/occasions-teile.ch\/fr\/wp-json\/wp\/v2\/product\/305968","targetHints":{"allow":["GET"]}}],"collection":[{"href":"https:\/\/occasions-teile.ch\/fr\/wp-json\/wp\/v2\/product"}],"about":[{"href":"https:\/\/occasions-teile.ch\/fr\/wp-json\/wp\/v2\/types\/product"}],"wp:featuredmedia":[{"embeddable":true,"href":"https:\/\/occasions-teile.ch\/fr\/wp-json\/wp\/v2\/media\/305965"}],"wp:attachment":[{"href":"https:\/\/occasions-teile.ch\/fr\/wp-json\/wp\/v2\/media?parent=305968"}],"wp:term":[{"taxonomy":"product_brand","embeddable":true,"href":"https:\/\/occasions-teile.ch\/fr\/wp-json\/wp\/v2\/product_brand?post=305968"},{"taxonomy":"product_cat","embeddable":true,"href":"https:\/\/occasions-teile.ch\/fr\/wp-json\/wp\/v2\/product_cat?post=305968"},{"taxonomy":"product_tag","embeddable":true,"href":"https:\/\/occasions-teile.ch\/fr\/wp-json\/wp\/v2\/product_tag?post=305968"}],"curies":[{"name":"wp","href":"https:\/\/api.w.org\/{rel}","templated":true}]}}