{"id":305494,"date":"2024-04-28T13:52:38","date_gmt":"2024-04-28T13:52:38","guid":{"rendered":"https:\/\/occasions-teile.ch\/product\/ford-focus-kuehlergrill-2\/"},"modified":"2024-05-29T11:23:05","modified_gmt":"2024-05-29T11:23:05","slug":"ford-focus-kuehlergrill-2","status":"publish","type":"product","link":"https:\/\/occasions-teile.ch\/fr\/produkt\/ford-focus-kuehlergrill-2\/","title":{"rendered":"Ford Focus  K\u00fchlergrill"},"content":{"rendered":"<p><span><b>Technische Daten<\/b><\/p>\n<p> Fahrzeug: Ford Focus<br \/>\n Chassis Nr.: WF0KXXGCBKDJ65048<br \/>\n Baujahr: 2013<br \/>\n Kilometer: 102955 KM<br \/>\n Leistung: 100 KW<br \/>\n Hubraum: 998 ccm<br \/>\n Typ: 1FJ355<br \/>\n Farbcode: Black<br \/>\n Hinweise: &#8211;<\/p>\n<p> Versand: Versand nur in der Schweiz m\u00f6glich.Im Ausland ist der Transport k\u00e4uferseits.<br \/>\n Garantie: 3 Monate Garantie. Bitte beachten Sie, dass die Gew\u00e4hrleistung nur g\u00fcltig ist, wenn der Ersatzteileinbau durch eine Fachwerkstatt\/Meisterwerkstatt erfolgt. Das Ein- und Ausbau des Ersatzteiles kann nicht an uns verrechnet werden. <\/p>\n<p> Ersatzteil: f\u00fcr andere Fahrzeugen (Marken) verf\u00fcgbar auf anfrage. Tel.041 980 27 47. Mobil. 076 589 27 47<\/p>\n<p> Kontakt<br \/>\n  Adresse: Autoverwertung Brun AG<br \/>\n           M\u00f6\u00f6slimatten 13<br \/>\n           6218 Ettiswil<br \/>\n  Telefon: 0041 (041) 980 27 47<br \/>\n  Telefax: 0041 (041) 980 03 47<\/p>\n<p> Wir bieten Ihnen weitere gebrauchte Autoteile zum Kauf an.<br \/>\n Tags: K\u00fchlergrill, Radiator grille , Grille de calandre<br \/>\n<\/span><\/p>\n","protected":false},"excerpt":{"rendered":"<p>Technische Daten Fahrzeug: Ford Focus Chassis Nr.: WF0KXXGCBKDJ65048 Baujahr: 2013 Kilometer: 102955 KM Leistung: 100 KW Hubraum: 998 ccm Typ: 1FJ355 Farbcode: Black Hinweise: &#8211; Versand: Versand nur in der Schweiz m\u00f6glich.Im Ausland ist der Transport k\u00e4uferseits. Garantie: 3 Monate Garantie. Bitte beachten Sie, dass die Gew\u00e4hrleistung nur g\u00fcltig ist, wenn der Ersatzteileinbau durch eine&hellip; <a class=\"more-link\" href=\"https:\/\/occasions-teile.ch\/fr\/produkt\/ford-focus-kuehlergrill-2\/\">Poursuivre la lecture <span class=\"screen-reader-text\">Ford Focus  K\u00fchlergrill<\/span><\/a><\/p>\n","protected":false},"featured_media":305491,"template":"","meta":[],"product_brand":[],"product_cat":[1673,1586,20347,23831,512,963,964,2189],"product_tag":[],"class_list":{"0":"post-305494","1":"product","2":"type-product","3":"status-publish","4":"has-post-thumbnail","6":"product_cat-de_focus","7":"product_cat-de_ford","8":"product_cat-de-iii-1-0-ecoboost-de_focus-de_ford-manufacturer-28","9":"product_cat-de-iii-1-0-ecoboost-de_focus-de_ford-manufacturer-37","10":"product_cat-de-karosserie-front","11":"product_cat-de-kuehlergrill","12":"product_cat-de-kuehlergrill-de-kuehlergrill","13":"product_cat-de-wf0kxxgcbkdj65048-20000187","14":"product_shipping_class-tarif-1","15":"entry","17":"first","18":"instock","19":"taxable","20":"shipping-taxable","21":"purchasable","22":"product-type-simple"},"jetpack_sharing_enabled":true,"_links":{"self":[{"href":"https:\/\/occasions-teile.ch\/fr\/wp-json\/wp\/v2\/product\/305494","targetHints":{"allow":["GET"]}}],"collection":[{"href":"https:\/\/occasions-teile.ch\/fr\/wp-json\/wp\/v2\/product"}],"about":[{"href":"https:\/\/occasions-teile.ch\/fr\/wp-json\/wp\/v2\/types\/product"}],"wp:featuredmedia":[{"embeddable":true,"href":"https:\/\/occasions-teile.ch\/fr\/wp-json\/wp\/v2\/media\/305491"}],"wp:attachment":[{"href":"https:\/\/occasions-teile.ch\/fr\/wp-json\/wp\/v2\/media?parent=305494"}],"wp:term":[{"taxonomy":"product_brand","embeddable":true,"href":"https:\/\/occasions-teile.ch\/fr\/wp-json\/wp\/v2\/product_brand?post=305494"},{"taxonomy":"product_cat","embeddable":true,"href":"https:\/\/occasions-teile.ch\/fr\/wp-json\/wp\/v2\/product_cat?post=305494"},{"taxonomy":"product_tag","embeddable":true,"href":"https:\/\/occasions-teile.ch\/fr\/wp-json\/wp\/v2\/product_tag?post=305494"}],"curies":[{"name":"wp","href":"https:\/\/api.w.org\/{rel}","templated":true}]}}