{"id":305218,"date":"2024-04-28T09:31:28","date_gmt":"2024-04-28T09:31:28","guid":{"rendered":"https:\/\/occasions-teile.ch\/product\/vw-passat-anlasser\/"},"modified":"2024-05-25T16:31:22","modified_gmt":"2024-05-25T16:31:22","slug":"vw-passat-anlasser","status":"publish","type":"product","link":"https:\/\/occasions-teile.ch\/fr\/produkt\/vw-passat-anlasser\/","title":{"rendered":"VW Passat  Anlasser"},"content":{"rendered":"<p><span><b>Technische Daten<\/b><\/p>\n<p> Fahrzeug: VW Passat<br \/>\n Chassis Nr.: WVWZZZ3CZ6P179495<br \/>\n Baujahr: 2006<br \/>\n Kilometer: 199231 KM<br \/>\n Leistung: 150 KW<br \/>\n Hubraum: 1984 ccm<br \/>\n Typ: 1vd354<br \/>\n Farbcode: blau<br \/>\n Hinweise: &#8211;<\/p>\n<p> Versand: Versand nur in der Schweiz m\u00f6glich.Im Ausland ist der Transport k\u00e4uferseits.<br \/>\n Garantie: 3 Monate Garantie. Bitte beachten Sie, dass die Gew\u00e4hrleistung nur g\u00fcltig ist, wenn der Ersatzteileinbau durch eine Fachwerkstatt\/Meisterwerkstatt erfolgt. Das Ein- und Ausbau des Ersatzteiles kann nicht an uns verrechnet werden. <\/p>\n<p> Ersatzteil: f\u00fcr andere Fahrzeugen (Marken) verf\u00fcgbar auf anfrage. Tel.041 980 27 47. Mobil. 076 589 27 47<\/p>\n<p> Kontakt<br \/>\n  Adresse: Autoverwertung Brun AG<br \/>\n           M\u00f6\u00f6slimatten 13<br \/>\n           6218 Ettiswil<br \/>\n  Telefon: 0041 (041) 980 27 47<br \/>\n  Telefax: 0041 (041) 980 03 47<\/p>\n<p> Wir bieten Ihnen weitere gebrauchte Autoteile zum Kauf an.<br \/>\n Tags: Anlasser, Starter motor, De\u00b4marreur<br \/>\n<\/span><\/p>\n","protected":false},"excerpt":{"rendered":"<p>Technische Daten Fahrzeug: VW Passat Chassis Nr.: WVWZZZ3CZ6P179495 Baujahr: 2006 Kilometer: 199231 KM Leistung: 150 KW Hubraum: 1984 ccm Typ: 1vd354 Farbcode: blau Hinweise: &#8211; Versand: Versand nur in der Schweiz m\u00f6glich.Im Ausland ist der Transport k\u00e4uferseits. Garantie: 3 Monate Garantie. Bitte beachten Sie, dass die Gew\u00e4hrleistung nur g\u00fcltig ist, wenn der Ersatzteileinbau durch eine&hellip; <a class=\"more-link\" href=\"https:\/\/occasions-teile.ch\/fr\/produkt\/vw-passat-anlasser\/\">Poursuivre la lecture <span class=\"screen-reader-text\">VW Passat  Anlasser<\/span><\/a><\/p>\n","protected":false},"featured_media":305215,"template":"","meta":[],"product_brand":[],"product_cat":[23619,20276,693,694,697,698,627,624,621,1299,1301,1303,695,696,1283,1286,1280,2070,2071,2072],"product_tag":[],"class_list":{"0":"post-305218","1":"product","2":"type-product","3":"status-publish","4":"has-post-thumbnail","6":"product_cat-de-3c2-2-0-fsi-de_passat-de_volkswagen-manufacturer-22","7":"product_cat-de-3c2-2-0-fsi-de_passat-de_volkswagen-manufacturer-16","8":"product_cat-de-anlasser","9":"product_cat-de-anlasser-de-anlasser","10":"product_cat-fr-demarreur","11":"product_cat-fr-demarreur-fr-demarreur","12":"product_cat-fr-electricite-dispositifs-de-commande","13":"product_cat-en-electrics-control-units","14":"product_cat-de-elektrik-steuergeraete","15":"product_cat-de_passat","16":"product_cat-en_passat","17":"product_cat-fr_passat","18":"product_cat-en-starter-motor","19":"product_cat-en-starter-motor-en-starter-motor","20":"product_cat-en_volkswagen","21":"product_cat-fr_volkswagen","22":"product_cat-de_volkswagen","23":"product_cat-de-wvwzzz3cz6p179495","24":"product_cat-en-wvwzzz3cz6p179495","25":"product_cat-fr-wvwzzz3cz6p179495","26":"product_shipping_class-tarif-1","27":"entry","29":"first","30":"instock","31":"taxable","32":"shipping-taxable","33":"purchasable","34":"product-type-simple"},"jetpack_sharing_enabled":true,"_links":{"self":[{"href":"https:\/\/occasions-teile.ch\/fr\/wp-json\/wp\/v2\/product\/305218","targetHints":{"allow":["GET"]}}],"collection":[{"href":"https:\/\/occasions-teile.ch\/fr\/wp-json\/wp\/v2\/product"}],"about":[{"href":"https:\/\/occasions-teile.ch\/fr\/wp-json\/wp\/v2\/types\/product"}],"wp:featuredmedia":[{"embeddable":true,"href":"https:\/\/occasions-teile.ch\/fr\/wp-json\/wp\/v2\/media\/305215"}],"wp:attachment":[{"href":"https:\/\/occasions-teile.ch\/fr\/wp-json\/wp\/v2\/media?parent=305218"}],"wp:term":[{"taxonomy":"product_brand","embeddable":true,"href":"https:\/\/occasions-teile.ch\/fr\/wp-json\/wp\/v2\/product_brand?post=305218"},{"taxonomy":"product_cat","embeddable":true,"href":"https:\/\/occasions-teile.ch\/fr\/wp-json\/wp\/v2\/product_cat?post=305218"},{"taxonomy":"product_tag","embeddable":true,"href":"https:\/\/occasions-teile.ch\/fr\/wp-json\/wp\/v2\/product_tag?post=305218"}],"curies":[{"name":"wp","href":"https:\/\/api.w.org\/{rel}","templated":true}]}}