{"id":305110,"date":"2024-04-28T07:45:38","date_gmt":"2024-04-28T07:45:38","guid":{"rendered":"https:\/\/occasions-teile.ch\/product\/alfa-romeo-giulia-federn-hinten-4\/"},"modified":"2024-05-30T00:17:11","modified_gmt":"2024-05-30T00:17:11","slug":"alfa-romeo-giulia-federn-hinten-4","status":"publish","type":"product","link":"https:\/\/occasions-teile.ch\/fr\/produkt\/alfa-romeo-giulia-federn-hinten-4\/","title":{"rendered":"Alfa Romeo Giulia  Federn hinten"},"content":{"rendered":"<p><span><b>Technische Daten<\/b><\/p>\n<p> Fahrzeug: Alfa Romeo Giulia<br \/>\n Chassis Nr.: ZAREAECU8H7525914<br \/>\n Baujahr: 2017<br \/>\n Kilometer: 109089 KM<br \/>\n Leistung: 150 KW<br \/>\n Hubraum: 2143 ccm<br \/>\n Typ: 1XP835<br \/>\n Farbcode: Black<br \/>\n Hinweise: &#8211;<\/p>\n<p> Versand: Versand nur in der Schweiz m\u00f6glich.Im Ausland ist der Transport k\u00e4uferseits.<br \/>\n Garantie: 3 Monate Garantie. Bitte beachten Sie, dass die Gew\u00e4hrleistung nur g\u00fcltig ist, wenn der Ersatzteileinbau durch eine Fachwerkstatt\/Meisterwerkstatt erfolgt. Das Ein- und Ausbau des Ersatzteiles kann nicht an uns verrechnet werden. <\/p>\n<p> Ersatzteil: f\u00fcr andere Fahrzeugen (Marken) verf\u00fcgbar auf anfrage. Tel.041 980 27 47. Mobil. 076 589 27 47<\/p>\n<p> Kontakt<br \/>\n  Adresse: Autoverwertung Brun AG<br \/>\n           M\u00f6\u00f6slimatten 13<br \/>\n           6218 Ettiswil<br \/>\n  Telefon: 0041 (041) 980 27 47<br \/>\n  Telefax: 0041 (041) 980 03 47<\/p>\n<p> Wir bieten Ihnen weitere gebrauchte Autoteile zum Kauf an.<br \/>\n Tags: Federn hinten, Spring Rear , Ressorts arrie`re<br \/>\n<\/span><\/p>\n","protected":false},"excerpt":{"rendered":"<p>Technische Daten Fahrzeug: Alfa Romeo Giulia Chassis Nr.: ZAREAECU8H7525914 Baujahr: 2017 Kilometer: 109089 KM Leistung: 150 KW Hubraum: 2143 ccm Typ: 1XP835 Farbcode: Black Hinweise: &#8211; Versand: Versand nur in der Schweiz m\u00f6glich.Im Ausland ist der Transport k\u00e4uferseits. Garantie: 3 Monate Garantie. Bitte beachten Sie, dass die Gew\u00e4hrleistung nur g\u00fcltig ist, wenn der Ersatzteileinbau durch&hellip; <a class=\"more-link\" href=\"https:\/\/occasions-teile.ch\/fr\/produkt\/alfa-romeo-giulia-federn-hinten-4\/\">Poursuivre la lecture <span class=\"screen-reader-text\">Alfa Romeo Giulia  Federn hinten<\/span><\/a><\/p>\n","protected":false},"featured_media":305107,"template":"","meta":[],"product_brand":[],"product_cat":[20248,23916,468,471,474,544,541,951,952,731,727,729,955,956,954,953,547,2093,2091,2092],"product_tag":[],"class_list":{"0":"post-305110","1":"product","2":"type-product","3":"status-publish","4":"has-post-thumbnail","6":"product_cat-de-952-2-2-d-de_giulia-de_alfa-romeo-manufacturer-28","7":"product_cat-de-952-2-2-d-de_giulia-de_alfa-romeo-manufacturer-71","8":"product_cat-de_alfa-romeo","9":"product_cat-en_alfa-romeo","10":"product_cat-fr_alfa-romeo","11":"product_cat-en-chassis-steering","12":"product_cat-de-fahrwerk-lenkung","13":"product_cat-de-federn","14":"product_cat-de-federn-hinten","15":"product_cat-fr_giulia","16":"product_cat-de_giulia","17":"product_cat-en_giulia","18":"product_cat-fr-ressorts","19":"product_cat-fr-ressorts-arriere","20":"product_cat-en-spring-rear","21":"product_cat-en-springs","22":"product_cat-fr-train-de-roulement-direction","23":"product_cat-fr-zareaecu8h7525914-20000175","24":"product_cat-de-zareaecu8h7525914-20000175","25":"product_cat-en-zareaecu8h7525914-20000175","26":"product_shipping_class-tarif-1","27":"entry","29":"first","30":"instock","31":"taxable","32":"shipping-taxable","33":"purchasable","34":"product-type-simple"},"jetpack_sharing_enabled":true,"_links":{"self":[{"href":"https:\/\/occasions-teile.ch\/fr\/wp-json\/wp\/v2\/product\/305110","targetHints":{"allow":["GET"]}}],"collection":[{"href":"https:\/\/occasions-teile.ch\/fr\/wp-json\/wp\/v2\/product"}],"about":[{"href":"https:\/\/occasions-teile.ch\/fr\/wp-json\/wp\/v2\/types\/product"}],"wp:featuredmedia":[{"embeddable":true,"href":"https:\/\/occasions-teile.ch\/fr\/wp-json\/wp\/v2\/media\/305107"}],"wp:attachment":[{"href":"https:\/\/occasions-teile.ch\/fr\/wp-json\/wp\/v2\/media?parent=305110"}],"wp:term":[{"taxonomy":"product_brand","embeddable":true,"href":"https:\/\/occasions-teile.ch\/fr\/wp-json\/wp\/v2\/product_brand?post=305110"},{"taxonomy":"product_cat","embeddable":true,"href":"https:\/\/occasions-teile.ch\/fr\/wp-json\/wp\/v2\/product_cat?post=305110"},{"taxonomy":"product_tag","embeddable":true,"href":"https:\/\/occasions-teile.ch\/fr\/wp-json\/wp\/v2\/product_tag?post=305110"}],"curies":[{"name":"wp","href":"https:\/\/api.w.org\/{rel}","templated":true}]}}