{"id":305002,"date":"2024-04-28T06:09:58","date_gmt":"2024-04-28T06:09:58","guid":{"rendered":"https:\/\/occasions-teile.ch\/product\/subaru-impreza-lenkgetriebe\/"},"modified":"2024-05-26T10:39:17","modified_gmt":"2024-05-26T10:39:17","slug":"subaru-impreza-lenkgetriebe","status":"publish","type":"product","link":"https:\/\/occasions-teile.ch\/fr\/produkt\/subaru-impreza-lenkgetriebe\/","title":{"rendered":"Subaru Impreza  Lenkgetriebe"},"content":{"rendered":"<p><span><b>Technische Daten<\/b><\/p>\n<p> Fahrzeug: Subaru Impreza<br \/>\n Chassis Nr.: JF1GP3LC5CG017213<br \/>\n Baujahr: 2013<br \/>\n Kilometer: 140792 KM<br \/>\n Leistung: 114 KW<br \/>\n Hubraum: 1600 ccm<br \/>\n Typ: 1SC750<br \/>\n Farbcode: Black<br \/>\n Hinweise: &#8211;<\/p>\n<p> Versand: Versand nur in der Schweiz m\u00f6glich.Im Ausland ist der Transport k\u00e4uferseits.<br \/>\n Garantie: 3 Monate Garantie. Bitte beachten Sie, dass die Gew\u00e4hrleistung nur g\u00fcltig ist, wenn der Ersatzteileinbau durch eine Fachwerkstatt\/Meisterwerkstatt erfolgt. Das Ein- und Ausbau des Ersatzteiles kann nicht an uns verrechnet werden. <\/p>\n<p> Ersatzteil: f\u00fcr andere Fahrzeugen (Marken) verf\u00fcgbar auf anfrage. Tel.041 980 27 47. Mobil. 076 589 27 47<\/p>\n<p> Kontakt<br \/>\n  Adresse: Autoverwertung Brun AG<br \/>\n           M\u00f6\u00f6slimatten 13<br \/>\n           6218 Ettiswil<br \/>\n  Telefon: 0041 (041) 980 27 47<br \/>\n  Telefax: 0041 (041) 980 03 47<\/p>\n<p> Wir bieten Ihnen weitere gebrauchte Autoteile zum Kauf an.<br \/>\n Tags: Lenkgetriebe, Steering gear , Boi^te de direction<br \/>\n<\/span><\/p>\n","protected":false},"excerpt":{"rendered":"<p>Technische Daten Fahrzeug: Subaru Impreza Chassis Nr.: JF1GP3LC5CG017213 Baujahr: 2013 Kilometer: 140792 KM Leistung: 114 KW Hubraum: 1600 ccm Typ: 1SC750 Farbcode: Black Hinweise: &#8211; Versand: Versand nur in der Schweiz m\u00f6glich.Im Ausland ist der Transport k\u00e4uferseits. Garantie: 3 Monate Garantie. Bitte beachten Sie, dass die Gew\u00e4hrleistung nur g\u00fcltig ist, wenn der Ersatzteileinbau durch eine&hellip; <a class=\"more-link\" href=\"https:\/\/occasions-teile.ch\/fr\/produkt\/subaru-impreza-lenkgetriebe\/\">Poursuivre la lecture <span class=\"screen-reader-text\">Subaru Impreza  Lenkgetriebe<\/span><\/a><\/p>\n","protected":false},"featured_media":304999,"template":"","meta":[],"product_brand":[],"product_cat":[709,710,544,541,20221,23649,1597,1599,1595,2183,2184,2185,706,705,707,708,1199,1202,1205,547],"product_tag":[],"class_list":{"0":"post-305002","1":"product","2":"type-product","3":"status-publish","4":"has-post-thumbnail","6":"product_cat-fr-boite-de-direction","7":"product_cat-fr-boite-de-direction-fr-boite-de-direction","8":"product_cat-en-chassis-steering","9":"product_cat-de-fahrwerk-lenkung","10":"product_cat-de-gp3-de_impreza-de_subaru-manufacturer-30","11":"product_cat-de-gp3-de_impreza-de_subaru-manufacturer-39","12":"product_cat-en_impreza","13":"product_cat-fr_impreza","14":"product_cat-de_impreza","15":"product_cat-de-jf1gp3lc5cg017213-20000186","16":"product_cat-en-jf1gp3lc5cg017213-20000186","17":"product_cat-fr-jf1gp3lc5cg017213-20000186","18":"product_cat-de-lenkgetriebe-de-lenkgetriebe","19":"product_cat-de-lenkgetriebe","20":"product_cat-en-steering-gear","21":"product_cat-en-steering-gear-en-steering-gear","22":"product_cat-de_subaru","23":"product_cat-en_subaru","24":"product_cat-fr_subaru","25":"product_cat-fr-train-de-roulement-direction","26":"product_shipping_class-tarif-4","27":"entry","29":"first","30":"instock","31":"taxable","32":"shipping-taxable","33":"purchasable","34":"product-type-simple"},"jetpack_sharing_enabled":true,"_links":{"self":[{"href":"https:\/\/occasions-teile.ch\/fr\/wp-json\/wp\/v2\/product\/305002","targetHints":{"allow":["GET"]}}],"collection":[{"href":"https:\/\/occasions-teile.ch\/fr\/wp-json\/wp\/v2\/product"}],"about":[{"href":"https:\/\/occasions-teile.ch\/fr\/wp-json\/wp\/v2\/types\/product"}],"wp:featuredmedia":[{"embeddable":true,"href":"https:\/\/occasions-teile.ch\/fr\/wp-json\/wp\/v2\/media\/304999"}],"wp:attachment":[{"href":"https:\/\/occasions-teile.ch\/fr\/wp-json\/wp\/v2\/media?parent=305002"}],"wp:term":[{"taxonomy":"product_brand","embeddable":true,"href":"https:\/\/occasions-teile.ch\/fr\/wp-json\/wp\/v2\/product_brand?post=305002"},{"taxonomy":"product_cat","embeddable":true,"href":"https:\/\/occasions-teile.ch\/fr\/wp-json\/wp\/v2\/product_cat?post=305002"},{"taxonomy":"product_tag","embeddable":true,"href":"https:\/\/occasions-teile.ch\/fr\/wp-json\/wp\/v2\/product_tag?post=305002"}],"curies":[{"name":"wp","href":"https:\/\/api.w.org\/{rel}","templated":true}]}}