{"id":304882,"date":"2024-04-28T04:23:51","date_gmt":"2024-04-28T04:23:51","guid":{"rendered":"https:\/\/occasions-teile.ch\/product\/renault-clio-steuergeraet-airbag\/"},"modified":"2024-05-28T09:26:12","modified_gmt":"2024-05-28T09:26:12","slug":"renault-clio-steuergeraet-airbag","status":"publish","type":"product","link":"https:\/\/occasions-teile.ch\/fr\/produkt\/renault-clio-steuergeraet-airbag\/","title":{"rendered":"Renault Clio  Steuerger\u00e4t Airbag"},"content":{"rendered":"<p><span><b>Technische Daten<\/b><\/p>\n<p> Fahrzeug: Renault Clio<br \/>\n Chassis Nr.: VF15RB20A54114947<br \/>\n Baujahr: 2015<br \/>\n Kilometer: 86915 KM<br \/>\n Leistung: 90 KW<br \/>\n Hubraum: 898 ccm<br \/>\n Typ: 1RC251<br \/>\n Farbcode: rot<br \/>\n Hinweise: &#8211;<\/p>\n<p> Versand: Versand nur in der Schweiz m\u00f6glich.Im Ausland ist der Transport k\u00e4uferseits.<br \/>\n Garantie: 3 Monate Garantie. Bitte beachten Sie, dass die Gew\u00e4hrleistung nur g\u00fcltig ist, wenn der Ersatzteileinbau durch eine Fachwerkstatt\/Meisterwerkstatt erfolgt. Das Ein- und Ausbau des Ersatzteiles kann nicht an uns verrechnet werden. <\/p>\n<p> Ersatzteil: f\u00fcr andere Fahrzeugen (Marken) verf\u00fcgbar auf anfrage. Tel.041 980 27 47. Mobil. 076 589 27 47<\/p>\n<p> Kontakt<br \/>\n  Adresse: Autoverwertung Brun AG<br \/>\n           M\u00f6\u00f6slimatten 13<br \/>\n           6218 Ettiswil<br \/>\n  Telefon: 0041 (041) 980 27 47<br \/>\n  Telefax: 0041 (041) 980 03 47<\/p>\n<p> Wir bieten Ihnen weitere gebrauchte Autoteile zum Kauf an.<br \/>\n Tags: Steuerger\u00e4t Airbag, Control unit Airbag , Unite\u00b4 de contro^le Airbag<br \/>\n<\/span><\/p>\n","protected":false},"excerpt":{"rendered":"<p>Technische Daten Fahrzeug: Renault Clio Chassis Nr.: VF15RB20A54114947 Baujahr: 2015 Kilometer: 86915 KM Leistung: 90 KW Hubraum: 898 ccm Typ: 1RC251 Farbcode: rot Hinweise: &#8211; Versand: Versand nur in der Schweiz m\u00f6glich.Im Ausland ist der Transport k\u00e4uferseits. Garantie: 3 Monate Garantie. Bitte beachten Sie, dass die Gew\u00e4hrleistung nur g\u00fcltig ist, wenn der Ersatzteileinbau durch eine&hellip; <a class=\"more-link\" href=\"https:\/\/occasions-teile.ch\/fr\/produkt\/renault-clio-steuergeraet-airbag\/\">Poursuivre la lecture <span class=\"screen-reader-text\">Renault Clio  Steuerger\u00e4t Airbag<\/span><\/a><\/p>\n","protected":false},"featured_media":304879,"template":"","meta":[],"product_brand":[],"product_cat":[947,947,947,2448,2448,2448,948,624,624,624,20192,23752,2436,2436,2436,948,948,2447,2447,2447],"product_tag":[],"class_list":{"0":"post-304882","1":"product","2":"type-product","3":"status-publish","4":"has-post-thumbnail","6":"product_cat-en-airbags","9":"product_cat-en_clio","12":"product_cat-en-control-unit-airbag","13":"product_cat-en-electrics-control-units","16":"product_cat-de-iv-bh-0-9-tce-de_clio-de_renault-manufacturer-16","17":"product_cat-de-iv-bh-0-9-tce-de_clio-de_renault-manufacturer-25","18":"product_cat-en_renault","23":"product_cat-en-vf15rb20a54114947-20000180","26":"product_shipping_class-tarif-1-en","27":"entry","29":"first","30":"instock","31":"taxable","32":"shipping-taxable","33":"purchasable","34":"product-type-simple"},"jetpack_sharing_enabled":true,"_links":{"self":[{"href":"https:\/\/occasions-teile.ch\/fr\/wp-json\/wp\/v2\/product\/304882","targetHints":{"allow":["GET"]}}],"collection":[{"href":"https:\/\/occasions-teile.ch\/fr\/wp-json\/wp\/v2\/product"}],"about":[{"href":"https:\/\/occasions-teile.ch\/fr\/wp-json\/wp\/v2\/types\/product"}],"wp:featuredmedia":[{"embeddable":true,"href":"https:\/\/occasions-teile.ch\/fr\/wp-json\/wp\/v2\/media\/304879"}],"wp:attachment":[{"href":"https:\/\/occasions-teile.ch\/fr\/wp-json\/wp\/v2\/media?parent=304882"}],"wp:term":[{"taxonomy":"product_brand","embeddable":true,"href":"https:\/\/occasions-teile.ch\/fr\/wp-json\/wp\/v2\/product_brand?post=304882"},{"taxonomy":"product_cat","embeddable":true,"href":"https:\/\/occasions-teile.ch\/fr\/wp-json\/wp\/v2\/product_cat?post=304882"},{"taxonomy":"product_tag","embeddable":true,"href":"https:\/\/occasions-teile.ch\/fr\/wp-json\/wp\/v2\/product_tag?post=304882"}],"curies":[{"name":"wp","href":"https:\/\/api.w.org\/{rel}","templated":true}]}}