{"id":304734,"date":"2024-04-28T01:56:02","date_gmt":"2024-04-28T01:56:02","guid":{"rendered":"https:\/\/occasions-teile.ch\/product\/nissan-qashqai-abdeckung-motorabdeckung\/"},"modified":"2024-05-28T13:20:33","modified_gmt":"2024-05-28T13:20:33","slug":"nissan-qashqai-abdeckung-motorabdeckung","status":"publish","type":"product","link":"https:\/\/occasions-teile.ch\/fr\/produkt\/nissan-qashqai-abdeckung-motorabdeckung\/","title":{"rendered":"Nissan Qashqai  Abdeckung Motorabdeckung"},"content":{"rendered":"<p><span><b>Technische Daten<\/b><\/p>\n<p> Fahrzeug: Nissan Qashqai<br \/>\n Chassis Nr.: SJNFBNJ10U1006629<br \/>\n Baujahr: 2007<br \/>\n Kilometer: 170528 KM<br \/>\n Leistung: 141 KW<br \/>\n Hubraum: 1997 ccm<br \/>\n Typ: 1NA376<br \/>\n Farbcode: grau<br \/>\n Hinweise: &#8211;<\/p>\n<p> Versand: Versand nur in der Schweiz m\u00f6glich.Im Ausland ist der Transport k\u00e4uferseits.<br \/>\n Garantie: 3 Monate Garantie. Bitte beachten Sie, dass die Gew\u00e4hrleistung nur g\u00fcltig ist, wenn der Ersatzteileinbau durch eine Fachwerkstatt\/Meisterwerkstatt erfolgt. Das Ein- und Ausbau des Ersatzteiles kann nicht an uns verrechnet werden. <\/p>\n<p> Ersatzteil: f\u00fcr andere Fahrzeugen (Marken) verf\u00fcgbar auf anfrage. Tel.041 980 27 47. Mobil. 076 589 27 47<\/p>\n<p> Kontakt<br \/>\n  Adresse: Autoverwertung Brun AG<br \/>\n           M\u00f6\u00f6slimatten 13<br \/>\n           6218 Ettiswil<br \/>\n  Telefon: 0041 (041) 980 27 47<br \/>\n  Telefax: 0041 (041) 980 03 47<\/p>\n<p> Wir bieten Ihnen weitere gebrauchte Autoteile zum Kauf an.<br \/>\n Tags: Abdeckung Motorabdeckung , Cover engine cover, Capot moteur<br \/>\n<\/span><\/p>\n","protected":false},"excerpt":{"rendered":"<p>Technische Daten Fahrzeug: Nissan Qashqai Chassis Nr.: SJNFBNJ10U1006629 Baujahr: 2007 Kilometer: 170528 KM Leistung: 141 KW Hubraum: 1997 ccm Typ: 1NA376 Farbcode: grau Hinweise: &#8211; Versand: Versand nur in der Schweiz m\u00f6glich.Im Ausland ist der Transport k\u00e4uferseits. Garantie: 3 Monate Garantie. Bitte beachten Sie, dass die Gew\u00e4hrleistung nur g\u00fcltig ist, wenn der Ersatzteileinbau durch eine&hellip; <a class=\"more-link\" href=\"https:\/\/occasions-teile.ch\/fr\/produkt\/nissan-qashqai-abdeckung-motorabdeckung\/\">Poursuivre la lecture <span class=\"screen-reader-text\">Nissan Qashqai  Abdeckung Motorabdeckung<\/span><\/a><\/p>\n","protected":false},"featured_media":304731,"template":"","meta":[],"product_brand":[],"product_cat":[985,984,989,988,987,986,23529,20155,500,494,497,1751,1754,1757,2045,2041,2043,2119,2120,2122],"product_tag":[],"class_list":{"0":"post-304734","1":"product","2":"type-product","3":"status-publish","4":"has-post-thumbnail","6":"product_cat-de-abdeckung-verkleidung-motor","7":"product_cat-de-abdeckung-verkleidungmotor","8":"product_cat-fr-couverture-carenage-moteur","9":"product_cat-fr-couverture-carenagemoteur","10":"product_cat-en-cover-cladding-engine","11":"product_cat-en-cover-claddingengine","12":"product_cat-de-j10-2-0-de_qashqai-de_nissan-manufacturer-38","13":"product_cat-de-j10-2-0-de_qashqai-de_nissan-manufacturer-20","14":"product_cat-fr-moteur","15":"product_cat-de-motor","16":"product_cat-en-motor","17":"product_cat-de_nissan","18":"product_cat-en_nissan","19":"product_cat-fr_nissan","20":"product_cat-fr_qashqai","21":"product_cat-de_qashqai","22":"product_cat-en_qashqai","23":"product_cat-de-sjnfbnj10u1006629-20000181","24":"product_cat-en-sjnfbnj10u1006629-20000181","25":"product_cat-fr-sjnfbnj10u1006629-20000181-vehicle-fr-2","26":"product_shipping_class-tarif-1","27":"entry","29":"first","30":"instock","31":"taxable","32":"shipping-taxable","33":"purchasable","34":"product-type-simple"},"jetpack_sharing_enabled":true,"_links":{"self":[{"href":"https:\/\/occasions-teile.ch\/fr\/wp-json\/wp\/v2\/product\/304734","targetHints":{"allow":["GET"]}}],"collection":[{"href":"https:\/\/occasions-teile.ch\/fr\/wp-json\/wp\/v2\/product"}],"about":[{"href":"https:\/\/occasions-teile.ch\/fr\/wp-json\/wp\/v2\/types\/product"}],"wp:featuredmedia":[{"embeddable":true,"href":"https:\/\/occasions-teile.ch\/fr\/wp-json\/wp\/v2\/media\/304731"}],"wp:attachment":[{"href":"https:\/\/occasions-teile.ch\/fr\/wp-json\/wp\/v2\/media?parent=304734"}],"wp:term":[{"taxonomy":"product_brand","embeddable":true,"href":"https:\/\/occasions-teile.ch\/fr\/wp-json\/wp\/v2\/product_brand?post=304734"},{"taxonomy":"product_cat","embeddable":true,"href":"https:\/\/occasions-teile.ch\/fr\/wp-json\/wp\/v2\/product_cat?post=304734"},{"taxonomy":"product_tag","embeddable":true,"href":"https:\/\/occasions-teile.ch\/fr\/wp-json\/wp\/v2\/product_tag?post=304734"}],"curies":[{"name":"wp","href":"https:\/\/api.w.org\/{rel}","templated":true}]}}