{"id":304690,"date":"2024-04-28T01:17:13","date_gmt":"2024-04-28T01:17:13","guid":{"rendered":"https:\/\/occasions-teile.ch\/product\/vw-golf-turbolader-6\/"},"modified":"2024-05-28T08:44:45","modified_gmt":"2024-05-28T08:44:45","slug":"vw-golf-turbolader-6","status":"publish","type":"product","link":"https:\/\/occasions-teile.ch\/fr\/produkt\/vw-golf-turbolader-6\/","title":{"rendered":"VW Golf  Turbolader"},"content":{"rendered":"<p><span><b>Technische Daten<\/b><\/p>\n<p> Fahrzeug: VW Golf<br \/>\n Chassis Nr.: WVWZZZ1KZCP010025<br \/>\n Baujahr: 2011<br \/>\n Kilometer: 188931 KM<br \/>\n Leistung: 122 KW<br \/>\n Hubraum: 1390 ccm<br \/>\n Typ: 1VD949<br \/>\n Farbcode: blau<br \/>\n Hinweise: &#8211;<\/p>\n<p> Versand: Versand nur in der Schweiz m\u00f6glich.Im Ausland ist der Transport k\u00e4uferseits.<br \/>\n Garantie: 3 Monate Garantie. Bitte beachten Sie, dass die Gew\u00e4hrleistung nur g\u00fcltig ist, wenn der Ersatzteileinbau durch eine Fachwerkstatt\/Meisterwerkstatt erfolgt. Das Ein- und Ausbau des Ersatzteiles kann nicht an uns verrechnet werden. <\/p>\n<p> Ersatzteil: f\u00fcr andere Fahrzeugen (Marken) verf\u00fcgbar auf anfrage. Tel.041 980 27 47. Mobil. 076 589 27 47<\/p>\n<p> Kontakt<br \/>\n  Adresse: Autoverwertung Brun AG<br \/>\n           M\u00f6\u00f6slimatten 13<br \/>\n           6218 Ettiswil<br \/>\n  Telefon: 0041 (041) 980 27 47<br \/>\n  Telefax: 0041 (041) 980 03 47<\/p>\n<p> Wir bieten Ihnen weitere gebrauchte Autoteile zum Kauf an.<br \/>\n Tags: Turbolader, Turbocharger, Turbocompresseur<br \/>\n<\/span><\/p>\n","protected":false},"excerpt":{"rendered":"<p>Technische Daten Fahrzeug: VW Golf Chassis Nr.: WVWZZZ1KZCP010025 Baujahr: 2011 Kilometer: 188931 KM Leistung: 122 KW Hubraum: 1390 ccm Typ: 1VD949 Farbcode: blau Hinweise: &#8211; Versand: Versand nur in der Schweiz m\u00f6glich.Im Ausland ist der Transport k\u00e4uferseits. Garantie: 3 Monate Garantie. Bitte beachten Sie, dass die Gew\u00e4hrleistung nur g\u00fcltig ist, wenn der Ersatzteileinbau durch eine&hellip; <a class=\"more-link\" href=\"https:\/\/occasions-teile.ch\/fr\/produkt\/vw-golf-turbolader-6\/\">Poursuivre la lecture <span class=\"screen-reader-text\">VW Golf  Turbolader<\/span><\/a><\/p>\n","protected":false},"featured_media":304687,"template":"","meta":[],"product_brand":[],"product_cat":[1284,1284,1284,497,497,497,633,632,633,632,633,632,23748,20144,1283,1283,1283,7837,7837,7837],"product_tag":[],"class_list":{"0":"post-304690","1":"product","2":"type-product","3":"status-publish","4":"has-post-thumbnail","6":"product_cat-en_golf","9":"product_cat-en-motor","12":"product_cat-en-turbocharger","13":"product_cat-en-turbocharger-compressor","18":"product_cat-de-vi-1-4-tsi-de_golf-de_volkswagen-manufacturer-21","19":"product_cat-de-vi-1-4-tsi-de_golf-de_volkswagen-manufacturer-19","20":"product_cat-en_volkswagen","23":"product_cat-en-wvwzzz1kzcp010025-200000244","26":"product_shipping_class-tarif-1-en","27":"entry","29":"first","30":"instock","31":"taxable","32":"shipping-taxable","33":"purchasable","34":"product-type-simple"},"jetpack_sharing_enabled":true,"_links":{"self":[{"href":"https:\/\/occasions-teile.ch\/fr\/wp-json\/wp\/v2\/product\/304690","targetHints":{"allow":["GET"]}}],"collection":[{"href":"https:\/\/occasions-teile.ch\/fr\/wp-json\/wp\/v2\/product"}],"about":[{"href":"https:\/\/occasions-teile.ch\/fr\/wp-json\/wp\/v2\/types\/product"}],"wp:featuredmedia":[{"embeddable":true,"href":"https:\/\/occasions-teile.ch\/fr\/wp-json\/wp\/v2\/media\/304687"}],"wp:attachment":[{"href":"https:\/\/occasions-teile.ch\/fr\/wp-json\/wp\/v2\/media?parent=304690"}],"wp:term":[{"taxonomy":"product_brand","embeddable":true,"href":"https:\/\/occasions-teile.ch\/fr\/wp-json\/wp\/v2\/product_brand?post=304690"},{"taxonomy":"product_cat","embeddable":true,"href":"https:\/\/occasions-teile.ch\/fr\/wp-json\/wp\/v2\/product_cat?post=304690"},{"taxonomy":"product_tag","embeddable":true,"href":"https:\/\/occasions-teile.ch\/fr\/wp-json\/wp\/v2\/product_tag?post=304690"}],"curies":[{"name":"wp","href":"https:\/\/api.w.org\/{rel}","templated":true}]}}