{"id":304662,"date":"2024-04-28T00:47:21","date_gmt":"2024-04-28T00:47:21","guid":{"rendered":"https:\/\/occasions-teile.ch\/product\/alfa-romeo-giulia-navigation-bedienteil-2\/"},"modified":"2024-05-30T00:15:44","modified_gmt":"2024-05-30T00:15:44","slug":"alfa-romeo-giulia-navigation-bedienteil-2","status":"publish","type":"product","link":"https:\/\/occasions-teile.ch\/fr\/produkt\/alfa-romeo-giulia-navigation-bedienteil-2\/","title":{"rendered":"Alfa Romeo Giulia  Navigation Bedienteil"},"content":{"rendered":"<p><span><b>Technische Daten<\/b><\/p>\n<p> Fahrzeug: Alfa Romeo Giulia<br \/>\n Chassis Nr.: ZAREAECU8H7525914<br \/>\n Baujahr: 2017<br \/>\n Kilometer: 109089 KM<br \/>\n Leistung: 150 KW<br \/>\n Hubraum: 2143 ccm<br \/>\n Typ: 1XP835<br \/>\n Farbcode: Black<br \/>\n Hinweise: &#8211;<\/p>\n<p> Versand: Versand nur in der Schweiz m\u00f6glich.Im Ausland ist der Transport k\u00e4uferseits.<br \/>\n Garantie: 3 Monate Garantie. Bitte beachten Sie, dass die Gew\u00e4hrleistung nur g\u00fcltig ist, wenn der Ersatzteileinbau durch eine Fachwerkstatt\/Meisterwerkstatt erfolgt. Das Ein- und Ausbau des Ersatzteiles kann nicht an uns verrechnet werden. <\/p>\n<p> Ersatzteil: f\u00fcr andere Fahrzeugen (Marken) verf\u00fcgbar auf anfrage. Tel.041 980 27 47. Mobil. 076 589 27 47<\/p>\n<p> Kontakt<br \/>\n  Adresse: Autoverwertung Brun AG<br \/>\n           M\u00f6\u00f6slimatten 13<br \/>\n           6218 Ettiswil<br \/>\n  Telefon: 0041 (041) 980 27 47<br \/>\n  Telefax: 0041 (041) 980 03 47<\/p>\n<p> Wir bieten Ihnen weitere gebrauchte Autoteile zum Kauf an.<br \/>\n Tags: Navigation Bedienteil, Navigation control panel, Panneau de commande de navigation<br \/>\n<\/span><\/p>\n","protected":false},"excerpt":{"rendered":"<p>Technische Daten Fahrzeug: Alfa Romeo Giulia Chassis Nr.: ZAREAECU8H7525914 Baujahr: 2017 Kilometer: 109089 KM Leistung: 150 KW Hubraum: 2143 ccm Typ: 1XP835 Farbcode: Black Hinweise: &#8211; Versand: Versand nur in der Schweiz m\u00f6glich.Im Ausland ist der Transport k\u00e4uferseits. Garantie: 3 Monate Garantie. Bitte beachten Sie, dass die Gew\u00e4hrleistung nur g\u00fcltig ist, wenn der Ersatzteileinbau durch&hellip; <a class=\"more-link\" href=\"https:\/\/occasions-teile.ch\/fr\/produkt\/alfa-romeo-giulia-navigation-bedienteil-2\/\">Poursuivre la lecture <span class=\"screen-reader-text\">Alfa Romeo Giulia  Navigation Bedienteil<\/span><\/a><\/p>\n","protected":false},"featured_media":304659,"template":"","meta":[],"product_brand":[],"product_cat":[20137,23916,468,621,727,1011,864,2091],"product_tag":[],"class_list":{"0":"post-304662","1":"product","2":"type-product","3":"status-publish","4":"has-post-thumbnail","6":"product_cat-de-952-2-2-d-de_giulia-de_alfa-romeo-manufacturer-26","7":"product_cat-de-952-2-2-d-de_giulia-de_alfa-romeo-manufacturer-71","8":"product_cat-de_alfa-romeo","9":"product_cat-de-elektrik-steuergeraete","10":"product_cat-de_giulia","11":"product_cat-de-navi-bedienteil","12":"product_cat-de-radio-navigation-telefon","13":"product_cat-de-zareaecu8h7525914-20000175","14":"product_shipping_class-tarif-1","15":"entry","17":"first","18":"instock","19":"taxable","20":"shipping-taxable","21":"purchasable","22":"product-type-simple"},"jetpack_sharing_enabled":true,"_links":{"self":[{"href":"https:\/\/occasions-teile.ch\/fr\/wp-json\/wp\/v2\/product\/304662","targetHints":{"allow":["GET"]}}],"collection":[{"href":"https:\/\/occasions-teile.ch\/fr\/wp-json\/wp\/v2\/product"}],"about":[{"href":"https:\/\/occasions-teile.ch\/fr\/wp-json\/wp\/v2\/types\/product"}],"wp:featuredmedia":[{"embeddable":true,"href":"https:\/\/occasions-teile.ch\/fr\/wp-json\/wp\/v2\/media\/304659"}],"wp:attachment":[{"href":"https:\/\/occasions-teile.ch\/fr\/wp-json\/wp\/v2\/media?parent=304662"}],"wp:term":[{"taxonomy":"product_brand","embeddable":true,"href":"https:\/\/occasions-teile.ch\/fr\/wp-json\/wp\/v2\/product_brand?post=304662"},{"taxonomy":"product_cat","embeddable":true,"href":"https:\/\/occasions-teile.ch\/fr\/wp-json\/wp\/v2\/product_cat?post=304662"},{"taxonomy":"product_tag","embeddable":true,"href":"https:\/\/occasions-teile.ch\/fr\/wp-json\/wp\/v2\/product_tag?post=304662"}],"curies":[{"name":"wp","href":"https:\/\/api.w.org\/{rel}","templated":true}]}}