{"id":304606,"date":"2024-04-27T23:57:32","date_gmt":"2024-04-27T23:57:32","guid":{"rendered":"https:\/\/occasions-teile.ch\/product\/mini-mini-antriebswelle-vorne-rechts\/"},"modified":"2024-05-28T10:08:20","modified_gmt":"2024-05-28T10:08:20","slug":"mini-mini-antriebswelle-vorne-rechts","status":"publish","type":"product","link":"https:\/\/occasions-teile.ch\/fr\/produkt\/mini-mini-antriebswelle-vorne-rechts\/","title":{"rendered":"Mini Mini  Antriebswelle vorne rechts"},"content":{"rendered":"<p><span><b>Technische Daten<\/b><\/p>\n<p> Fahrzeug: Mini Mini<br \/>\n Chassis Nr.: WMWME31060TU16245<br \/>\n Baujahr: 2008<br \/>\n Kilometer: 130864 KM<br \/>\n Leistung: 95 KW<br \/>\n Hubraum: 1397 ccm<br \/>\n Typ: 1MN439<br \/>\n Farbcode: Black<br \/>\n Hinweise: &#8211;<\/p>\n<p> Versand: Versand nur in der Schweiz m\u00f6glich.Im Ausland ist der Transport k\u00e4uferseits.<br \/>\n Garantie: 3 Monate Garantie. Bitte beachten Sie, dass die Gew\u00e4hrleistung nur g\u00fcltig ist, wenn der Ersatzteileinbau durch eine Fachwerkstatt\/Meisterwerkstatt erfolgt. Das Ein- und Ausbau des Ersatzteiles kann nicht an uns verrechnet werden. <\/p>\n<p> Ersatzteil: f\u00fcr andere Fahrzeugen (Marken) verf\u00fcgbar auf anfrage. Tel.041 980 27 47. Mobil. 076 589 27 47<\/p>\n<p> Kontakt<br \/>\n  Adresse: Autoverwertung Brun AG<br \/>\n           M\u00f6\u00f6slimatten 13<br \/>\n           6218 Ettiswil<br \/>\n  Telefon: 0041 (041) 980 27 47<br \/>\n  Telefax: 0041 (041) 980 03 47<\/p>\n<p> Wir bieten Ihnen weitere gebrauchte Autoteile zum Kauf an.<br \/>\n Tags: Antriebswelle vorne rechts, Drive shaft front right , Arbre d&rsquo;entra\u00eenement avant droit<br \/>\n<\/span><\/p>\n","protected":false},"excerpt":{"rendered":"<p>Technische Daten Fahrzeug: Mini Mini Chassis Nr.: WMWME31060TU16245 Baujahr: 2008 Kilometer: 130864 KM Leistung: 95 KW Hubraum: 1397 ccm Typ: 1MN439 Farbcode: Black Hinweise: &#8211; Versand: Versand nur in der Schweiz m\u00f6glich.Im Ausland ist der Transport k\u00e4uferseits. Garantie: 3 Monate Garantie. Bitte beachten Sie, dass die Gew\u00e4hrleistung nur g\u00fcltig ist, wenn der Ersatzteileinbau durch eine&hellip; <a class=\"more-link\" href=\"https:\/\/occasions-teile.ch\/fr\/produkt\/mini-mini-antriebswelle-vorne-rechts\/\">Poursuivre la lecture <span class=\"screen-reader-text\">Mini Mini  Antriebswelle vorne rechts<\/span><\/a><\/p>\n","protected":false},"featured_media":304603,"template":"","meta":[],"product_brand":[],"product_cat":[798,783,798,783,798,783,648,648,2221,2220,2221,2220,2221,2220,23758,20123,648,2219,2219,2219],"product_tag":[],"class_list":{"0":"post-304606","1":"product","2":"type-product","3":"status-publish","4":"has-post-thumbnail","6":"product_cat-de-antriebswelle-vorne-rechts","7":"product_cat-de-antriebswellen","12":"product_cat-de-getriebe-antrieb","14":"product_cat-de_mini-de_mini","15":"product_cat-de_mini","20":"product_cat-de-one-r56-de_mini-de_mini-de_mini-manufacturer-22","21":"product_cat-de-one-r56-de_mini-de_mini-de_mini-manufacturer-14","23":"product_cat-de-wmwme31060tu16245-20000190","26":"product_shipping_class-tarif-2","27":"entry","29":"first","30":"instock","31":"taxable","32":"shipping-taxable","33":"purchasable","34":"product-type-simple"},"jetpack_sharing_enabled":true,"_links":{"self":[{"href":"https:\/\/occasions-teile.ch\/fr\/wp-json\/wp\/v2\/product\/304606","targetHints":{"allow":["GET"]}}],"collection":[{"href":"https:\/\/occasions-teile.ch\/fr\/wp-json\/wp\/v2\/product"}],"about":[{"href":"https:\/\/occasions-teile.ch\/fr\/wp-json\/wp\/v2\/types\/product"}],"wp:featuredmedia":[{"embeddable":true,"href":"https:\/\/occasions-teile.ch\/fr\/wp-json\/wp\/v2\/media\/304603"}],"wp:attachment":[{"href":"https:\/\/occasions-teile.ch\/fr\/wp-json\/wp\/v2\/media?parent=304606"}],"wp:term":[{"taxonomy":"product_brand","embeddable":true,"href":"https:\/\/occasions-teile.ch\/fr\/wp-json\/wp\/v2\/product_brand?post=304606"},{"taxonomy":"product_cat","embeddable":true,"href":"https:\/\/occasions-teile.ch\/fr\/wp-json\/wp\/v2\/product_cat?post=304606"},{"taxonomy":"product_tag","embeddable":true,"href":"https:\/\/occasions-teile.ch\/fr\/wp-json\/wp\/v2\/product_tag?post=304606"}],"curies":[{"name":"wp","href":"https:\/\/api.w.org\/{rel}","templated":true}]}}