{"id":304386,"date":"2024-04-27T20:33:50","date_gmt":"2024-04-27T20:33:50","guid":{"rendered":"https:\/\/occasions-teile.ch\/product\/ford-ranger-innenspiegel\/"},"modified":"2024-05-28T04:42:19","modified_gmt":"2024-05-28T04:42:19","slug":"ford-ranger-innenspiegel","status":"publish","type":"product","link":"https:\/\/occasions-teile.ch\/fr\/produkt\/ford-ranger-innenspiegel\/","title":{"rendered":"Ford Ranger  Innenspiegel"},"content":{"rendered":"<p><span><b>Technische Daten<\/b><\/p>\n<p> Fahrzeug: Ford Ranger<br \/>\n Chassis Nr.: 6FPPXXMJ2PHM54701<br \/>\n Baujahr: 2017<br \/>\n Kilometer: 174987 KM<br \/>\n Leistung: 200 KW<br \/>\n Hubraum: 3198 ccm<br \/>\n Typ: 3ff781<br \/>\n Farbcode: White\/Weiss<br \/>\n Hinweise: &#8211;<\/p>\n<p> Versand: Versand nur in der Schweiz m\u00f6glich.Im Ausland ist der Transport k\u00e4uferseits.<br \/>\n Garantie: 3 Monate Garantie. Bitte beachten Sie, dass die Gew\u00e4hrleistung nur g\u00fcltig ist, wenn der Ersatzteileinbau durch eine Fachwerkstatt\/Meisterwerkstatt erfolgt. Das Ein- und Ausbau des Ersatzteiles kann nicht an uns verrechnet werden. <\/p>\n<p> Ersatzteil: f\u00fcr andere Fahrzeugen (Marken) verf\u00fcgbar auf anfrage. Tel.041 980 27 47. Mobil. 076 589 27 47<\/p>\n<p> Kontakt<br \/>\n  Adresse: Autoverwertung Brun AG<br \/>\n           M\u00f6\u00f6slimatten 13<br \/>\n           6218 Ettiswil<br \/>\n  Telefon: 0041 (041) 980 27 47<br \/>\n  Telefax: 0041 (041) 980 03 47<\/p>\n<p> Wir bieten Ihnen weitere gebrauchte Autoteile zum Kauf an.<br \/>\n Tags: Innenspiegel, Interior mirror, Re\u00b4troviseur inte\u00b4rieur<br \/>\n<\/span><\/p>\n","protected":false},"excerpt":{"rendered":"<p>Technische Daten Fahrzeug: Ford Ranger Chassis Nr.: 6FPPXXMJ2PHM54701 Baujahr: 2017 Kilometer: 174987 KM Leistung: 200 KW Hubraum: 3198 ccm Typ: 3ff781 Farbcode: White\/Weiss Hinweise: &#8211; Versand: Versand nur in der Schweiz m\u00f6glich.Im Ausland ist der Transport k\u00e4uferseits. Garantie: 3 Monate Garantie. Bitte beachten Sie, dass die Gew\u00e4hrleistung nur g\u00fcltig ist, wenn der Ersatzteileinbau durch eine&hellip; <a class=\"more-link\" href=\"https:\/\/occasions-teile.ch\/fr\/produkt\/ford-ranger-innenspiegel\/\">Poursuivre la lecture <span class=\"screen-reader-text\">Ford Ranger  Innenspiegel<\/span><\/a><\/p>\n","protected":false},"featured_media":304383,"template":"","meta":[],"product_brand":[],"product_cat":[2066,2068,2064,895,1586,1589,1592,891,804,933,810,807,893,934,2065,2067,2069,935,20067,23739],"product_tag":[],"class_list":{"0":"post-304386","1":"product","2":"type-product","3":"status-publish","4":"has-post-thumbnail","6":"product_cat-en-6fppxxmj2phm54701","7":"product_cat-fr-6fppxxmj2phm54701","8":"product_cat-de-6fppxxmj2phm54701","9":"product_cat-fr-eclairage-interieurretroviseur-interieur","10":"product_cat-de_ford","11":"product_cat-en_ford","12":"product_cat-fr_ford","13":"product_cat-de-innenbeleuchtunginnenspiegel","14":"product_cat-de-innenraum","15":"product_cat-de-innenspiegel","16":"product_cat-fr-interieur","17":"product_cat-en-interior","18":"product_cat-en-interior-lightinginterior-mirror","19":"product_cat-en-interior-mirror","20":"product_cat-de_ranger","21":"product_cat-en_ranger","22":"product_cat-fr_ranger","23":"product_cat-fr-retroviseur-interieur","24":"product_cat-de-tke-3-2-tdci-4x4-de_ranger-de_ford-manufacturer-20","25":"product_cat-de-tke-3-2-tdci-4x4-de_ranger-de_ford-manufacturer-30","26":"product_shipping_class-tarif-1","27":"entry","29":"first","30":"instock","31":"taxable","32":"shipping-taxable","33":"purchasable","34":"product-type-simple"},"jetpack_sharing_enabled":true,"_links":{"self":[{"href":"https:\/\/occasions-teile.ch\/fr\/wp-json\/wp\/v2\/product\/304386","targetHints":{"allow":["GET"]}}],"collection":[{"href":"https:\/\/occasions-teile.ch\/fr\/wp-json\/wp\/v2\/product"}],"about":[{"href":"https:\/\/occasions-teile.ch\/fr\/wp-json\/wp\/v2\/types\/product"}],"wp:featuredmedia":[{"embeddable":true,"href":"https:\/\/occasions-teile.ch\/fr\/wp-json\/wp\/v2\/media\/304383"}],"wp:attachment":[{"href":"https:\/\/occasions-teile.ch\/fr\/wp-json\/wp\/v2\/media?parent=304386"}],"wp:term":[{"taxonomy":"product_brand","embeddable":true,"href":"https:\/\/occasions-teile.ch\/fr\/wp-json\/wp\/v2\/product_brand?post=304386"},{"taxonomy":"product_cat","embeddable":true,"href":"https:\/\/occasions-teile.ch\/fr\/wp-json\/wp\/v2\/product_cat?post=304386"},{"taxonomy":"product_tag","embeddable":true,"href":"https:\/\/occasions-teile.ch\/fr\/wp-json\/wp\/v2\/product_tag?post=304386"}],"curies":[{"name":"wp","href":"https:\/\/api.w.org\/{rel}","templated":true}]}}