{"id":304338,"date":"2024-04-27T19:51:31","date_gmt":"2024-04-27T19:51:31","guid":{"rendered":"https:\/\/occasions-teile.ch\/product\/vw-passat-fensterheber\/"},"modified":"2024-05-25T22:39:30","modified_gmt":"2024-05-25T22:39:30","slug":"vw-passat-fensterheber","status":"publish","type":"product","link":"https:\/\/occasions-teile.ch\/fr\/produkt\/vw-passat-fensterheber\/","title":{"rendered":"VW Passat  Fensterheber"},"content":{"rendered":"<p><span><b>Technische Daten<\/b><\/p>\n<p> Fahrzeug: VW Passat<br \/>\n Chassis Nr.: WVWZZZ3CZ7P145756<br \/>\n Baujahr: 2007<br \/>\n Kilometer: 0 KM<br \/>\n Leistung: 105 KW<br \/>\n Hubraum: 1896 ccm<br \/>\n Typ: x<br \/>\n Farbcode: silber<br \/>\n Hinweise: &#8211;<\/p>\n<p> Versand: Versand nur in der Schweiz m\u00f6glich.Im Ausland ist der Transport k\u00e4uferseits.<br \/>\n Garantie: 3 Monate Garantie. Bitte beachten Sie, dass die Gew\u00e4hrleistung nur g\u00fcltig ist, wenn der Ersatzteileinbau durch eine Fachwerkstatt\/Meisterwerkstatt erfolgt. Das Ein- und Ausbau des Ersatzteiles kann nicht an uns verrechnet werden. <\/p>\n<p> Ersatzteil: f\u00fcr andere Fahrzeugen (Marken) verf\u00fcgbar auf anfrage. Tel.041 980 27 47. Mobil. 076 589 27 47<\/p>\n<p> Kontakt<br \/>\n  Adresse: Autoverwertung Brun AG<br \/>\n           M\u00f6\u00f6slimatten 13<br \/>\n           6218 Ettiswil<br \/>\n  Telefon: 0041 (041) 980 27 47<br \/>\n  Telefax: 0041 (041) 980 03 47<\/p>\n<p> Wir bieten Ihnen weitere gebrauchte Autoteile zum Kauf an.<br \/>\n Tags: Fensterheber, Window regulator , Le`ve-vitres<br \/>\n<\/span><\/p>\n","protected":false},"excerpt":{"rendered":"<p>Technische Daten Fahrzeug: VW Passat Chassis Nr.: WVWZZZ3CZ7P145756 Baujahr: 2007 Kilometer: 0 KM Leistung: 105 KW Hubraum: 1896 ccm Typ: x Farbcode: silber Hinweise: &#8211; Versand: Versand nur in der Schweiz m\u00f6glich.Im Ausland ist der Transport k\u00e4uferseits. Garantie: 3 Monate Garantie. Bitte beachten Sie, dass die Gew\u00e4hrleistung nur g\u00fcltig ist, wenn der Ersatzteileinbau durch eine&hellip; <a class=\"more-link\" href=\"https:\/\/occasions-teile.ch\/fr\/produkt\/vw-passat-fensterheber\/\">Poursuivre la lecture <span class=\"screen-reader-text\">VW Passat  Fensterheber<\/span><\/a><\/p>\n","protected":false},"featured_media":304335,"template":"","meta":[],"product_brand":[],"product_cat":[20055,23631,1349,1350,485,1299,1280,1903],"product_tag":[],"class_list":{"0":"post-304338","1":"product","2":"type-product","3":"status-publish","4":"has-post-thumbnail","6":"product_cat-de-1-9tdi-de_passat-de_volkswagen-manufacturer-2","7":"product_cat-de-1-9tdi-de_passat-de_volkswagen-manufacturer-8","8":"product_cat-de-fensterheber","9":"product_cat-de-fensterheber-de-fensterheber","10":"product_cat-de-karosserie-mitte","11":"product_cat-de_passat","12":"product_cat-de_volkswagen","13":"product_cat-de-wvwzzz3cz7p145756","14":"product_shipping_class-tarif-1","15":"entry","17":"first","18":"instock","19":"taxable","20":"shipping-taxable","21":"purchasable","22":"product-type-simple"},"jetpack_sharing_enabled":true,"_links":{"self":[{"href":"https:\/\/occasions-teile.ch\/fr\/wp-json\/wp\/v2\/product\/304338","targetHints":{"allow":["GET"]}}],"collection":[{"href":"https:\/\/occasions-teile.ch\/fr\/wp-json\/wp\/v2\/product"}],"about":[{"href":"https:\/\/occasions-teile.ch\/fr\/wp-json\/wp\/v2\/types\/product"}],"wp:featuredmedia":[{"embeddable":true,"href":"https:\/\/occasions-teile.ch\/fr\/wp-json\/wp\/v2\/media\/304335"}],"wp:attachment":[{"href":"https:\/\/occasions-teile.ch\/fr\/wp-json\/wp\/v2\/media?parent=304338"}],"wp:term":[{"taxonomy":"product_brand","embeddable":true,"href":"https:\/\/occasions-teile.ch\/fr\/wp-json\/wp\/v2\/product_brand?post=304338"},{"taxonomy":"product_cat","embeddable":true,"href":"https:\/\/occasions-teile.ch\/fr\/wp-json\/wp\/v2\/product_cat?post=304338"},{"taxonomy":"product_tag","embeddable":true,"href":"https:\/\/occasions-teile.ch\/fr\/wp-json\/wp\/v2\/product_tag?post=304338"}],"curies":[{"name":"wp","href":"https:\/\/api.w.org\/{rel}","templated":true}]}}