{"id":304278,"date":"2024-04-27T18:58:52","date_gmt":"2024-04-27T18:58:52","guid":{"rendered":"https:\/\/occasions-teile.ch\/product\/audi-a3-spiegel-aussenspiegel-vorne-5\/"},"modified":"2024-05-26T01:24:11","modified_gmt":"2024-05-26T01:24:11","slug":"audi-a3-spiegel-aussenspiegel-vorne-5","status":"publish","type":"product","link":"https:\/\/occasions-teile.ch\/fr\/produkt\/audi-a3-spiegel-aussenspiegel-vorne-5\/","title":{"rendered":"Audi A3  Spiegel Au\u00dfenspiegel vorne"},"content":{"rendered":"<p><span><b>Technische Daten<\/b><\/p>\n<p> Fahrzeug: Audi A3<br \/>\n Chassis Nr.: WAUZZZ8VXEA080987<br \/>\n Baujahr: 2013<br \/>\n Kilometer: 186916 KM<br \/>\n Leistung: 184 KW<br \/>\n Hubraum: 1967 ccm<br \/>\n Typ: X<br \/>\n Farbcode: White\/Weiss<br \/>\n Hinweise: &#8211;<\/p>\n<p> Versand: Versand nur in der Schweiz m\u00f6glich.Im Ausland ist der Transport k\u00e4uferseits.<br \/>\n Garantie: 3 Monate Garantie. Bitte beachten Sie, dass die Gew\u00e4hrleistung nur g\u00fcltig ist, wenn der Ersatzteileinbau durch eine Fachwerkstatt\/Meisterwerkstatt erfolgt. Das Ein- und Ausbau des Ersatzteiles kann nicht an uns verrechnet werden. <\/p>\n<p> Ersatzteil: f\u00fcr andere Fahrzeugen (Marken) verf\u00fcgbar auf anfrage. Tel.041 980 27 47. Mobil. 076 589 27 47<\/p>\n<p> Kontakt<br \/>\n  Adresse: Autoverwertung Brun AG<br \/>\n           M\u00f6\u00f6slimatten 13<br \/>\n           6218 Ettiswil<br \/>\n  Telefon: 0041 (041) 980 27 47<br \/>\n  Telefax: 0041 (041) 980 03 47<\/p>\n<p> Wir bieten Ihnen weitere gebrauchte Autoteile zum Kauf an.<br \/>\n Tags: Spiegel Au\u00dfenspiegel vorne, Exterior mirrors complete , Re\u00b4troviseur exte\u00b4rieur complet<br \/>\n<\/span><\/p>\n","protected":false},"excerpt":{"rendered":"<p>Technische Daten Fahrzeug: Audi A3 Chassis Nr.: WAUZZZ8VXEA080987 Baujahr: 2013 Kilometer: 186916 KM Leistung: 184 KW Hubraum: 1967 ccm Typ: X Farbcode: White\/Weiss Hinweise: &#8211; Versand: Versand nur in der Schweiz m\u00f6glich.Im Ausland ist der Transport k\u00e4uferseits. Garantie: 3 Monate Garantie. Bitte beachten Sie, dass die Gew\u00e4hrleistung nur g\u00fcltig ist, wenn der Ersatzteileinbau durch eine&hellip; <a class=\"more-link\" href=\"https:\/\/occasions-teile.ch\/fr\/produkt\/audi-a3-spiegel-aussenspiegel-vorne-5\/\">Poursuivre la lecture <span class=\"screen-reader-text\">Audi A3  Spiegel Au\u00dfenspiegel vorne<\/span><\/a><\/p>\n","protected":false},"featured_media":304275,"template":"","meta":[],"product_brand":[],"product_cat":[20040,23637,2139,458,768,485,769,7691],"product_tag":[],"class_list":{"0":"post-304278","1":"product","2":"type-product","3":"status-publish","4":"has-post-thumbnail","6":"product_cat-de-2-0-sportback-quattro-de_a3-de_audi-manufacturer-79","7":"product_cat-de-2-0-sportback-quattro-de_a3-de_audi-manufacturer-91","8":"product_cat-de_a3","9":"product_cat-de_audi","10":"product_cat-de-aussenspiegel","11":"product_cat-de-karosserie-mitte","12":"product_cat-de-spiegel-aussenspiegel-vorne","13":"product_cat-de-wauzzz8vxea080987-200000225","14":"product_shipping_class-tarif-1","15":"entry","17":"first","18":"instock","19":"taxable","20":"shipping-taxable","21":"purchasable","22":"product-type-simple"},"jetpack_sharing_enabled":true,"_links":{"self":[{"href":"https:\/\/occasions-teile.ch\/fr\/wp-json\/wp\/v2\/product\/304278","targetHints":{"allow":["GET"]}}],"collection":[{"href":"https:\/\/occasions-teile.ch\/fr\/wp-json\/wp\/v2\/product"}],"about":[{"href":"https:\/\/occasions-teile.ch\/fr\/wp-json\/wp\/v2\/types\/product"}],"wp:featuredmedia":[{"embeddable":true,"href":"https:\/\/occasions-teile.ch\/fr\/wp-json\/wp\/v2\/media\/304275"}],"wp:attachment":[{"href":"https:\/\/occasions-teile.ch\/fr\/wp-json\/wp\/v2\/media?parent=304278"}],"wp:term":[{"taxonomy":"product_brand","embeddable":true,"href":"https:\/\/occasions-teile.ch\/fr\/wp-json\/wp\/v2\/product_brand?post=304278"},{"taxonomy":"product_cat","embeddable":true,"href":"https:\/\/occasions-teile.ch\/fr\/wp-json\/wp\/v2\/product_cat?post=304278"},{"taxonomy":"product_tag","embeddable":true,"href":"https:\/\/occasions-teile.ch\/fr\/wp-json\/wp\/v2\/product_tag?post=304278"}],"curies":[{"name":"wp","href":"https:\/\/api.w.org\/{rel}","templated":true}]}}