{"id":304214,"date":"2024-04-27T18:02:13","date_gmt":"2024-04-27T18:02:13","guid":{"rendered":"https:\/\/occasions-teile.ch\/product\/jaguar-xf-querlenker-hinten-links\/"},"modified":"2024-05-25T00:55:36","modified_gmt":"2024-05-25T00:55:36","slug":"jaguar-xf-querlenker-hinten-links","status":"publish","type":"product","link":"https:\/\/occasions-teile.ch\/fr\/produkt\/jaguar-xf-querlenker-hinten-links\/","title":{"rendered":"Jaguar XF  Querlenker hinten links"},"content":{"rendered":"<p><span><b>Technische Daten<\/b><\/p>\n<p> Fahrzeug: Jaguar XF<br \/>\n Chassis Nr.: SAJBB4BN5HCY35705<br \/>\n Baujahr: 2016<br \/>\n Kilometer: 117373 KM<br \/>\n Leistung: 179 KW<br \/>\n Hubraum: 1999 ccm<br \/>\n Typ: x<br \/>\n Farbcode: grau<br \/>\n Hinweise: &#8211;<\/p>\n<p> Versand: Versand nur in der Schweiz m\u00f6glich.Im Ausland ist der Transport k\u00e4uferseits.<br \/>\n Garantie: 3 Monate Garantie. Bitte beachten Sie, dass die Gew\u00e4hrleistung nur g\u00fcltig ist, wenn der Ersatzteileinbau durch eine Fachwerkstatt\/Meisterwerkstatt erfolgt. Das Ein- und Ausbau des Ersatzteiles kann nicht an uns verrechnet werden. <\/p>\n<p> Ersatzteil: f\u00fcr andere Fahrzeugen (Marken) verf\u00fcgbar auf anfrage. Tel.041 980 27 47. Mobil. 076 589 27 47<\/p>\n<p> Kontakt<br \/>\n  Adresse: Autoverwertung Brun AG<br \/>\n           M\u00f6\u00f6slimatten 13<br \/>\n           6218 Ettiswil<br \/>\n  Telefon: 0041 (041) 980 27 47<br \/>\n  Telefax: 0041 (041) 980 03 47<\/p>\n<p> Wir bieten Ihnen weitere gebrauchte Autoteile zum Kauf an.<br \/>\n Tags: Querlenker hinten links, Wishbone front left , Bras de suspension arrie`re gauche<br \/>\n<\/span><\/p>\n","protected":false},"excerpt":{"rendered":"<p>Technische Daten Fahrzeug: Jaguar XF Chassis Nr.: SAJBB4BN5HCY35705 Baujahr: 2016 Kilometer: 117373 KM Leistung: 179 KW Hubraum: 1999 ccm Typ: x Farbcode: grau Hinweise: &#8211; Versand: Versand nur in der Schweiz m\u00f6glich.Im Ausland ist der Transport k\u00e4uferseits. Garantie: 3 Monate Garantie. Bitte beachten Sie, dass die Gew\u00e4hrleistung nur g\u00fcltig ist, wenn der Ersatzteileinbau durch eine&hellip; <a class=\"more-link\" href=\"https:\/\/occasions-teile.ch\/fr\/produkt\/jaguar-xf-querlenker-hinten-links\/\">Poursuivre la lecture <span class=\"screen-reader-text\">Jaguar XF  Querlenker hinten links<\/span><\/a><\/p>\n","protected":false},"featured_media":304211,"template":"","meta":[],"product_brand":[],"product_cat":[20024,23594,793,1461,544,541,3031,3029,3030,789,1092,7898,7900,7896,547,791,1460,5849,5850,5851],"product_tag":[],"class_list":{"0":"post-304214","1":"product","2":"type-product","3":"status-publish","4":"has-post-thumbnail","6":"product_cat-de-2-0-de_slug_jaguar_xf_644-de_jaguar-manufacturer-144","7":"product_cat-de-2-0-de_slug_jaguar_xf_644-de_jaguar-manufacturer-162","8":"product_cat-fr-bras-de-suspension","9":"product_cat-fr-bras-de-suspension-arriere-gauche","10":"product_cat-en-chassis-steering","11":"product_cat-de-fahrwerk-lenkung","12":"product_cat-fr_jaguar","13":"product_cat-de_jaguar","14":"product_cat-en_jaguar","15":"product_cat-de-querlenker","16":"product_cat-de-querlenker-hinten-links","17":"product_cat-en-sajbb4bn5hcy35705-200000245","18":"product_cat-fr-sajbb4bn5hcy35705-200000245","19":"product_cat-de-sajbb4bn5hcy35705-200000245","20":"product_cat-fr-train-de-roulement-direction","21":"product_cat-en-wishbone","22":"product_cat-en-wishbone-front-left-en-wishbone","23":"product_cat-de_slug_jaguar_xf_644","24":"product_cat-en_slug_jaguar_xf_37","25":"product_cat-fr_slug_jaguar_xf_554","26":"product_shipping_class-tarif-1","27":"entry","29":"first","30":"instock","31":"taxable","32":"shipping-taxable","33":"purchasable","34":"product-type-simple"},"jetpack_sharing_enabled":true,"_links":{"self":[{"href":"https:\/\/occasions-teile.ch\/fr\/wp-json\/wp\/v2\/product\/304214","targetHints":{"allow":["GET"]}}],"collection":[{"href":"https:\/\/occasions-teile.ch\/fr\/wp-json\/wp\/v2\/product"}],"about":[{"href":"https:\/\/occasions-teile.ch\/fr\/wp-json\/wp\/v2\/types\/product"}],"wp:featuredmedia":[{"embeddable":true,"href":"https:\/\/occasions-teile.ch\/fr\/wp-json\/wp\/v2\/media\/304211"}],"wp:attachment":[{"href":"https:\/\/occasions-teile.ch\/fr\/wp-json\/wp\/v2\/media?parent=304214"}],"wp:term":[{"taxonomy":"product_brand","embeddable":true,"href":"https:\/\/occasions-teile.ch\/fr\/wp-json\/wp\/v2\/product_brand?post=304214"},{"taxonomy":"product_cat","embeddable":true,"href":"https:\/\/occasions-teile.ch\/fr\/wp-json\/wp\/v2\/product_cat?post=304214"},{"taxonomy":"product_tag","embeddable":true,"href":"https:\/\/occasions-teile.ch\/fr\/wp-json\/wp\/v2\/product_tag?post=304214"}],"curies":[{"name":"wp","href":"https:\/\/api.w.org\/{rel}","templated":true}]}}