{"id":303914,"date":"2024-04-27T13:15:57","date_gmt":"2024-04-27T13:15:57","guid":{"rendered":"https:\/\/occasions-teile.ch\/product\/audi-a3-beifahrersitz\/"},"modified":"2024-05-28T00:36:56","modified_gmt":"2024-05-28T00:36:56","slug":"audi-a3-beifahrersitz","status":"publish","type":"product","link":"https:\/\/occasions-teile.ch\/fr\/produkt\/audi-a3-beifahrersitz\/","title":{"rendered":"Audi A3  Beifahrersitz"},"content":{"rendered":"<p><span><b>Technische Daten<\/b><\/p>\n<p> Fahrzeug: Audi A3<br \/>\n Chassis Nr.: WAUZZZ8P0BA104758<br \/>\n Baujahr: 2011<br \/>\n Kilometer: 125820 KM<br \/>\n Leistung: 160 KW<br \/>\n Hubraum: 1798 ccm<br \/>\n Typ: 1AC612<br \/>\n Farbcode: White\/Weiss<br \/>\n Hinweise: &#8211;<\/p>\n<p> Versand: Versand nur in der Schweiz m\u00f6glich.Im Ausland ist der Transport k\u00e4uferseits.<br \/>\n Garantie: 3 Monate Garantie. Bitte beachten Sie, dass die Gew\u00e4hrleistung nur g\u00fcltig ist, wenn der Ersatzteileinbau durch eine Fachwerkstatt\/Meisterwerkstatt erfolgt. Das Ein- und Ausbau des Ersatzteiles kann nicht an uns verrechnet werden. <\/p>\n<p> Ersatzteil: f\u00fcr andere Fahrzeugen (Marken) verf\u00fcgbar auf anfrage. Tel.041 980 27 47. Mobil. 076 589 27 47<\/p>\n<p> Kontakt<br \/>\n  Adresse: Autoverwertung Brun AG<br \/>\n           M\u00f6\u00f6slimatten 13<br \/>\n           6218 Ettiswil<br \/>\n  Telefon: 0041 (041) 980 27 47<br \/>\n  Telefax: 0041 (041) 980 03 47<\/p>\n<p> Wir bieten Ihnen weitere gebrauchte Autoteile zum Kauf an.<br \/>\n Tags: Beifahrersitz, passenger seat, si\u00e8ge passager<br \/>\n<\/span><\/p>\n","protected":false},"excerpt":{"rendered":"<p>Technische Daten Fahrzeug: Audi A3 Chassis Nr.: WAUZZZ8P0BA104758 Baujahr: 2011 Kilometer: 125820 KM Leistung: 160 KW Hubraum: 1798 ccm Typ: 1AC612 Farbcode: White\/Weiss Hinweise: &#8211; Versand: Versand nur in der Schweiz m\u00f6glich.Im Ausland ist der Transport k\u00e4uferseits. Garantie: 3 Monate Garantie. Bitte beachten Sie, dass die Gew\u00e4hrleistung nur g\u00fcltig ist, wenn der Ersatzteileinbau durch eine&hellip; <a class=\"more-link\" href=\"https:\/\/occasions-teile.ch\/fr\/produkt\/audi-a3-beifahrersitz\/\">Poursuivre la lecture <span class=\"screen-reader-text\">Audi A3  Beifahrersitz<\/span><\/a><\/p>\n","protected":false},"featured_media":303911,"template":"","meta":[],"product_brand":[],"product_cat":[23733,19947,2143,2139,2141,458,461,464,1538,1567,804,810,807,1536,1568,1569,1534,2297,2298,2299],"product_tag":[],"class_list":{"0":"post-303914","1":"product","2":"type-product","3":"status-publish","4":"has-post-thumbnail","6":"product_cat-de-8p-1-8tfsi-quattro-de_a3-de_audi-manufacturer-30","7":"product_cat-de-8p-1-8tfsi-quattro-de_a3-de_audi-manufacturer-19","8":"product_cat-fr_a3","9":"product_cat-de_a3","10":"product_cat-en_a3","11":"product_cat-de_audi","12":"product_cat-en_audi","13":"product_cat-fr_audi","14":"product_cat-fr-autres","15":"product_cat-de-beifahrersitz","16":"product_cat-de-innenraum","17":"product_cat-fr-interieur","18":"product_cat-en-interior","19":"product_cat-en-other-en-interior","20":"product_cat-en-passenger-seat","21":"product_cat-fr-siege-passager","22":"product_cat-de-sonstiges-de-innenraum","23":"product_cat-de-wauzzz8p0ba104758-20000198","24":"product_cat-en-wauzzz8p0ba104758-20000198","25":"product_cat-fr-wauzzz8p0ba104758-20000198","26":"product_shipping_class-tarif-4","27":"entry","29":"first","30":"instock","31":"taxable","32":"shipping-taxable","33":"purchasable","34":"product-type-simple"},"jetpack_sharing_enabled":true,"_links":{"self":[{"href":"https:\/\/occasions-teile.ch\/fr\/wp-json\/wp\/v2\/product\/303914","targetHints":{"allow":["GET"]}}],"collection":[{"href":"https:\/\/occasions-teile.ch\/fr\/wp-json\/wp\/v2\/product"}],"about":[{"href":"https:\/\/occasions-teile.ch\/fr\/wp-json\/wp\/v2\/types\/product"}],"wp:featuredmedia":[{"embeddable":true,"href":"https:\/\/occasions-teile.ch\/fr\/wp-json\/wp\/v2\/media\/303911"}],"wp:attachment":[{"href":"https:\/\/occasions-teile.ch\/fr\/wp-json\/wp\/v2\/media?parent=303914"}],"wp:term":[{"taxonomy":"product_brand","embeddable":true,"href":"https:\/\/occasions-teile.ch\/fr\/wp-json\/wp\/v2\/product_brand?post=303914"},{"taxonomy":"product_cat","embeddable":true,"href":"https:\/\/occasions-teile.ch\/fr\/wp-json\/wp\/v2\/product_cat?post=303914"},{"taxonomy":"product_tag","embeddable":true,"href":"https:\/\/occasions-teile.ch\/fr\/wp-json\/wp\/v2\/product_tag?post=303914"}],"curies":[{"name":"wp","href":"https:\/\/api.w.org\/{rel}","templated":true}]}}