{"id":303766,"date":"2024-04-27T10:41:00","date_gmt":"2024-04-27T10:41:00","guid":{"rendered":"https:\/\/occasions-teile.ch\/product\/opel-insignia-kardanwelle\/"},"modified":"2024-05-24T07:20:06","modified_gmt":"2024-05-24T07:20:06","slug":"opel-insignia-kardanwelle","status":"publish","type":"product","link":"https:\/\/occasions-teile.ch\/fr\/produkt\/opel-insignia-kardanwelle\/","title":{"rendered":"Opel Insignia  Kardanwelle"},"content":{"rendered":"<p><span><b>Technische Daten<\/b><\/p>\n<p> Fahrzeug: Opel Insignia<br \/>\n Chassis Nr.: W0LGS8EU7E1186199<br \/>\n Baujahr: 2014<br \/>\n Kilometer: 105888 KM<br \/>\n Leistung: 250 KW<br \/>\n Hubraum: 1998 ccm<br \/>\n Typ: 1OC158<br \/>\n Farbcode: grau<br \/>\n Hinweise: &#8211;<\/p>\n<p> Versand: Versand nur in der Schweiz m\u00f6glich.Im Ausland ist der Transport k\u00e4uferseits.<br \/>\n Garantie: 3 Monate Garantie. Bitte beachten Sie, dass die Gew\u00e4hrleistung nur g\u00fcltig ist, wenn der Ersatzteileinbau durch eine Fachwerkstatt\/Meisterwerkstatt erfolgt. Das Ein- und Ausbau des Ersatzteiles kann nicht an uns verrechnet werden. <\/p>\n<p> Ersatzteil: f\u00fcr andere Fahrzeugen (Marken) verf\u00fcgbar auf anfrage. Tel.041 980 27 47. Mobil. 076 589 27 47<\/p>\n<p> Kontakt<br \/>\n  Adresse: Autoverwertung Brun AG<br \/>\n           M\u00f6\u00f6slimatten 13<br \/>\n           6218 Ettiswil<br \/>\n  Telefon: 0041 (041) 980 27 47<br \/>\n  Telefax: 0041 (041) 980 03 47<\/p>\n<p> Wir bieten Ihnen weitere gebrauchte Autoteile zum Kauf an.<br \/>\n Tags: Kardanwelle, Cardan shafts , Arbres a` cardan<br \/>\n<\/span><\/p>\n","protected":false},"excerpt":{"rendered":"<p>Technische Daten Fahrzeug: Opel Insignia Chassis Nr.: W0LGS8EU7E1186199 Baujahr: 2014 Kilometer: 105888 KM Leistung: 250 KW Hubraum: 1998 ccm Typ: 1OC158 Farbcode: grau Hinweise: &#8211; Versand: Versand nur in der Schweiz m\u00f6glich.Im Ausland ist der Transport k\u00e4uferseits. Garantie: 3 Monate Garantie. Bitte beachten Sie, dass die Gew\u00e4hrleistung nur g\u00fcltig ist, wenn der Ersatzteileinbau durch eine&hellip; <a class=\"more-link\" href=\"https:\/\/occasions-teile.ch\/fr\/produkt\/opel-insignia-kardanwelle\/\">Poursuivre la lecture <span class=\"screen-reader-text\">Opel Insignia  Kardanwelle<\/span><\/a><\/p>\n","protected":false},"featured_media":303763,"template":"","meta":[],"product_brand":[],"product_cat":[1056,1074,1056,1074,19909,23546,648,648,1867,1867,1867,1074,1056,613,613,613,648,1866,1866,1866],"product_tag":[],"class_list":{"0":"post-303766","1":"product","2":"type-product","3":"status-publish","4":"has-post-thumbnail","6":"product_cat-de-kardanwellen","7":"product_cat-de-kardanwellen-de-kardanwellen","10":"product_cat-de-g09-2-0-turbo-4x4-de_insignia-de_opel-manufacturer-8","11":"product_cat-de-g09-2-0-turbo-4x4-de_insignia-de_opel-manufacturer-18","12":"product_cat-de-getriebe-antrieb","14":"product_cat-de_insignia","19":"product_cat-de_opel","23":"product_cat-de-w0lgs8eu7e1186199","26":"product_shipping_class-tarif-1","27":"entry","29":"first","30":"instock","31":"taxable","32":"shipping-taxable","33":"purchasable","34":"product-type-simple"},"jetpack_sharing_enabled":true,"_links":{"self":[{"href":"https:\/\/occasions-teile.ch\/fr\/wp-json\/wp\/v2\/product\/303766","targetHints":{"allow":["GET"]}}],"collection":[{"href":"https:\/\/occasions-teile.ch\/fr\/wp-json\/wp\/v2\/product"}],"about":[{"href":"https:\/\/occasions-teile.ch\/fr\/wp-json\/wp\/v2\/types\/product"}],"wp:featuredmedia":[{"embeddable":true,"href":"https:\/\/occasions-teile.ch\/fr\/wp-json\/wp\/v2\/media\/303763"}],"wp:attachment":[{"href":"https:\/\/occasions-teile.ch\/fr\/wp-json\/wp\/v2\/media?parent=303766"}],"wp:term":[{"taxonomy":"product_brand","embeddable":true,"href":"https:\/\/occasions-teile.ch\/fr\/wp-json\/wp\/v2\/product_brand?post=303766"},{"taxonomy":"product_cat","embeddable":true,"href":"https:\/\/occasions-teile.ch\/fr\/wp-json\/wp\/v2\/product_cat?post=303766"},{"taxonomy":"product_tag","embeddable":true,"href":"https:\/\/occasions-teile.ch\/fr\/wp-json\/wp\/v2\/product_tag?post=303766"}],"curies":[{"name":"wp","href":"https:\/\/api.w.org\/{rel}","templated":true}]}}