{"id":303633,"date":"2024-04-27T08:47:06","date_gmt":"2024-04-27T08:47:06","guid":{"rendered":"https:\/\/occasions-teile.ch\/product\/vw-caddy-kardanwelle\/"},"modified":"2024-05-24T08:20:16","modified_gmt":"2024-05-24T08:20:16","slug":"vw-caddy-kardanwelle","status":"publish","type":"product","link":"https:\/\/occasions-teile.ch\/fr\/produkt\/vw-caddy-kardanwelle\/","title":{"rendered":"VW Caddy  Kardanwelle"},"content":{"rendered":"<p><span><b>Technische Daten<\/b><\/p>\n<p> Fahrzeug: VW Caddy<br \/>\n Chassis Nr.: WV2ZZZ2KZHX124187<br \/>\n Baujahr: 2017<br \/>\n Kilometer: 152041 KM<br \/>\n Leistung: 122 KW<br \/>\n Hubraum: 1968 ccm<br \/>\n Typ: 1VF656<br \/>\n Farbcode: White\/Weiss<br \/>\n Hinweise: &#8211;<\/p>\n<p> Versand: Versand nur in der Schweiz m\u00f6glich.Im Ausland ist der Transport k\u00e4uferseits.<br \/>\n Garantie: 3 Monate Garantie. Bitte beachten Sie, dass die Gew\u00e4hrleistung nur g\u00fcltig ist, wenn der Ersatzteileinbau durch eine Fachwerkstatt\/Meisterwerkstatt erfolgt. Das Ein- und Ausbau des Ersatzteiles kann nicht an uns verrechnet werden. <\/p>\n<p> Ersatzteil: f\u00fcr andere Fahrzeugen (Marken) verf\u00fcgbar auf anfrage. Tel.041 980 27 47. Mobil. 076 589 27 47<\/p>\n<p> Kontakt<br \/>\n  Adresse: Autoverwertung Brun AG<br \/>\n           M\u00f6\u00f6slimatten 13<br \/>\n           6218 Ettiswil<br \/>\n  Telefon: 0041 (041) 980 27 47<br \/>\n  Telefax: 0041 (041) 980 03 47<\/p>\n<p> Wir bieten Ihnen weitere gebrauchte Autoteile zum Kauf an.<br \/>\n Tags: Kardanwelle, Cardan shafts , Arbres a` cardan<br \/>\n<\/span><\/p>\n","protected":false},"excerpt":{"rendered":"<p>Technische Daten Fahrzeug: VW Caddy Chassis Nr.: WV2ZZZ2KZHX124187 Baujahr: 2017 Kilometer: 152041 KM Leistung: 122 KW Hubraum: 1968 ccm Typ: 1VF656 Farbcode: White\/Weiss Hinweise: &#8211; Versand: Versand nur in der Schweiz m\u00f6glich.Im Ausland ist der Transport k\u00e4uferseits. Garantie: 3 Monate Garantie. Bitte beachten Sie, dass die Gew\u00e4hrleistung nur g\u00fcltig ist, wenn der Ersatzteileinbau durch eine&hellip; <a class=\"more-link\" href=\"https:\/\/occasions-teile.ch\/fr\/produkt\/vw-caddy-kardanwelle\/\">Poursuivre la lecture <span class=\"screen-reader-text\">VW Caddy  Kardanwelle<\/span><\/a><\/p>\n","protected":false},"featured_media":303630,"template":"","meta":[],"product_brand":[],"product_cat":[19877,23556,1058,1075,1630,1630,1630,1075,1058,651,651,1075,1058,651,1283,1283,1283,1629,1629,1629],"product_tag":[],"class_list":{"0":"post-303633","1":"product","2":"type-product","3":"status-publish","4":"has-post-thumbnail","6":"product_cat-de-2-0tdi-de_caddy-de_volkswagen-manufacturer-34","7":"product_cat-de-2-0tdi-de_caddy-de_volkswagen-manufacturer-40","8":"product_cat-en-cardan-shafts","9":"product_cat-en-cardan-shafts-en-cardan-shafts","10":"product_cat-en_caddy","15":"product_cat-en-gearbox-drive","20":"product_cat-en_volkswagen","23":"product_cat-en-wv2zzz2kzhx124187","26":"product_shipping_class-tarif-3-en","27":"entry","29":"first","30":"instock","31":"taxable","32":"shipping-taxable","33":"purchasable","34":"product-type-simple"},"jetpack_sharing_enabled":true,"_links":{"self":[{"href":"https:\/\/occasions-teile.ch\/fr\/wp-json\/wp\/v2\/product\/303633","targetHints":{"allow":["GET"]}}],"collection":[{"href":"https:\/\/occasions-teile.ch\/fr\/wp-json\/wp\/v2\/product"}],"about":[{"href":"https:\/\/occasions-teile.ch\/fr\/wp-json\/wp\/v2\/types\/product"}],"wp:featuredmedia":[{"embeddable":true,"href":"https:\/\/occasions-teile.ch\/fr\/wp-json\/wp\/v2\/media\/303630"}],"wp:attachment":[{"href":"https:\/\/occasions-teile.ch\/fr\/wp-json\/wp\/v2\/media?parent=303633"}],"wp:term":[{"taxonomy":"product_brand","embeddable":true,"href":"https:\/\/occasions-teile.ch\/fr\/wp-json\/wp\/v2\/product_brand?post=303633"},{"taxonomy":"product_cat","embeddable":true,"href":"https:\/\/occasions-teile.ch\/fr\/wp-json\/wp\/v2\/product_cat?post=303633"},{"taxonomy":"product_tag","embeddable":true,"href":"https:\/\/occasions-teile.ch\/fr\/wp-json\/wp\/v2\/product_tag?post=303633"}],"curies":[{"name":"wp","href":"https:\/\/api.w.org\/{rel}","templated":true}]}}