{"id":303442,"date":"2024-04-27T05:49:25","date_gmt":"2024-04-27T05:49:25","guid":{"rendered":"https:\/\/occasions-teile.ch\/product\/renault-clio-katalysator\/"},"modified":"2024-05-28T09:24:38","modified_gmt":"2024-05-28T09:24:38","slug":"renault-clio-katalysator","status":"publish","type":"product","link":"https:\/\/occasions-teile.ch\/fr\/produkt\/renault-clio-katalysator\/","title":{"rendered":"Renault Clio  Katalysator"},"content":{"rendered":"<p><span><b>Technische Daten<\/b><\/p>\n<p> Fahrzeug: Renault Clio<br \/>\n Chassis Nr.: VF15RB20A54114947<br \/>\n Baujahr: 2015<br \/>\n Kilometer: 86915 KM<br \/>\n Leistung: 90 KW<br \/>\n Hubraum: 898 ccm<br \/>\n Typ: 1RC251<br \/>\n Farbcode: rot<br \/>\n Hinweise: &#8211;<\/p>\n<p> Versand: Versand nur in der Schweiz m\u00f6glich.Im Ausland ist der Transport k\u00e4uferseits.<br \/>\n Garantie: 3 Monate Garantie. Bitte beachten Sie, dass die Gew\u00e4hrleistung nur g\u00fcltig ist, wenn der Ersatzteileinbau durch eine Fachwerkstatt\/Meisterwerkstatt erfolgt. Das Ein- und Ausbau des Ersatzteiles kann nicht an uns verrechnet werden. <\/p>\n<p> Ersatzteil: f\u00fcr andere Fahrzeugen (Marken) verf\u00fcgbar auf anfrage. Tel.041 980 27 47. Mobil. 076 589 27 47<\/p>\n<p> Kontakt<br \/>\n  Adresse: Autoverwertung Brun AG<br \/>\n           M\u00f6\u00f6slimatten 13<br \/>\n           6218 Ettiswil<br \/>\n  Telefon: 0041 (041) 980 27 47<br \/>\n  Telefax: 0041 (041) 980 03 47<\/p>\n<p> Wir bieten Ihnen weitere gebrauchte Autoteile zum Kauf an.<br \/>\n Tags: Katalysator , Catalyst, Catalyseur<br \/>\n<\/span><\/p>\n","protected":false},"excerpt":{"rendered":"<p>Technische Daten Fahrzeug: Renault Clio Chassis Nr.: VF15RB20A54114947 Baujahr: 2015 Kilometer: 86915 KM Leistung: 90 KW Hubraum: 898 ccm Typ: 1RC251 Farbcode: rot Hinweise: &#8211; Versand: Versand nur in der Schweiz m\u00f6glich.Im Ausland ist der Transport k\u00e4uferseits. Garantie: 3 Monate Garantie. Bitte beachten Sie, dass die Gew\u00e4hrleistung nur g\u00fcltig ist, wenn der Ersatzteileinbau durch eine&hellip; <a class=\"more-link\" href=\"https:\/\/occasions-teile.ch\/fr\/produkt\/renault-clio-katalysator\/\">Poursuivre la lecture <span class=\"screen-reader-text\">Renault Clio  Katalysator<\/span><\/a><\/p>\n","protected":false},"featured_media":303439,"template":"","meta":[],"product_brand":[],"product_cat":[597,647,646,644,645,2450,2446,2448,600,19830,23752,643,642,2433,2436,2439,603,2118,2447,2449],"product_tag":[],"class_list":{"0":"post-303442","1":"product","2":"type-product","3":"status-publish","4":"has-post-thumbnail","6":"product_cat-de-abgasanlage","7":"product_cat-fr-catalyseur-filtre-a-particules-fr-catalyseur-filtre-a-particules","8":"product_cat-fr-catalyseur-filtre-a-particules","9":"product_cat-en-catalytic-converter-particle-filter","10":"product_cat-en-catalytic-converter-particle-filter-en-catalytic-converter-particle-filter","11":"product_cat-fr_clio","12":"product_cat-de_clio","13":"product_cat-en_clio","14":"product_cat-en-exhaust-system","15":"product_cat-de-iv-bh-0-9-tce-de_clio-de_renault-manufacturer-14","16":"product_cat-de-iv-bh-0-9-tce-de_clio-de_renault-manufacturer-25","17":"product_cat-de-katalysator-partikelfilter-de-katalysator-partikelfilter","18":"product_cat-de-katalysator-partikelfilter","19":"product_cat-de_renault","20":"product_cat-en_renault","21":"product_cat-fr_renault","22":"product_cat-fr-systeme-dechappement","23":"product_cat-de-vf15rb20a54114947-20000180","24":"product_cat-en-vf15rb20a54114947-20000180","25":"product_cat-fr-vf15rb20a54114947-20000180","26":"product_shipping_class-tarif-1","27":"entry","29":"first","30":"instock","31":"taxable","32":"shipping-taxable","33":"purchasable","34":"product-type-simple"},"jetpack_sharing_enabled":true,"_links":{"self":[{"href":"https:\/\/occasions-teile.ch\/fr\/wp-json\/wp\/v2\/product\/303442","targetHints":{"allow":["GET"]}}],"collection":[{"href":"https:\/\/occasions-teile.ch\/fr\/wp-json\/wp\/v2\/product"}],"about":[{"href":"https:\/\/occasions-teile.ch\/fr\/wp-json\/wp\/v2\/types\/product"}],"wp:featuredmedia":[{"embeddable":true,"href":"https:\/\/occasions-teile.ch\/fr\/wp-json\/wp\/v2\/media\/303439"}],"wp:attachment":[{"href":"https:\/\/occasions-teile.ch\/fr\/wp-json\/wp\/v2\/media?parent=303442"}],"wp:term":[{"taxonomy":"product_brand","embeddable":true,"href":"https:\/\/occasions-teile.ch\/fr\/wp-json\/wp\/v2\/product_brand?post=303442"},{"taxonomy":"product_cat","embeddable":true,"href":"https:\/\/occasions-teile.ch\/fr\/wp-json\/wp\/v2\/product_cat?post=303442"},{"taxonomy":"product_tag","embeddable":true,"href":"https:\/\/occasions-teile.ch\/fr\/wp-json\/wp\/v2\/product_tag?post=303442"}],"curies":[{"name":"wp","href":"https:\/\/api.w.org\/{rel}","templated":true}]}}