{"id":303078,"date":"2024-04-26T23:55:07","date_gmt":"2024-04-26T23:55:07","guid":{"rendered":"https:\/\/occasions-teile.ch\/product\/fiat-doblo-motorsteuergeraet\/"},"modified":"2024-05-29T05:29:05","modified_gmt":"2024-05-29T05:29:05","slug":"fiat-doblo-motorsteuergeraet","status":"publish","type":"product","link":"https:\/\/occasions-teile.ch\/fr\/produkt\/fiat-doblo-motorsteuergeraet\/","title":{"rendered":"Fiat Doblo  Motorsteuerger\u00e4t"},"content":{"rendered":"<p><span><b>Technische Daten<\/b><\/p>\n<p> Fahrzeug: Fiat Doblo<br \/>\n Chassis Nr.: ZFA26300006C74920<br \/>\n Baujahr: 2016<br \/>\n Kilometer: 102296 KM<br \/>\n Leistung: 90 KW<br \/>\n Hubraum: 1598 ccm<br \/>\n Typ: 3FC732<br \/>\n Farbcode: White\/Weiss<br \/>\n Hinweise: &#8211;<\/p>\n<p> Versand: Versand nur in der Schweiz m\u00f6glich.Im Ausland ist der Transport k\u00e4uferseits.<br \/>\n Garantie: 3 Monate Garantie. Bitte beachten Sie, dass die Gew\u00e4hrleistung nur g\u00fcltig ist, wenn der Ersatzteileinbau durch eine Fachwerkstatt\/Meisterwerkstatt erfolgt. Das Ein- und Ausbau des Ersatzteiles kann nicht an uns verrechnet werden. <\/p>\n<p> Ersatzteil: f\u00fcr andere Fahrzeugen (Marken) verf\u00fcgbar auf anfrage. Tel.041 980 27 47. Mobil. 076 589 27 47<\/p>\n<p> Kontakt<br \/>\n  Adresse: Autoverwertung Brun AG<br \/>\n           M\u00f6\u00f6slimatten 13<br \/>\n           6218 Ettiswil<br \/>\n  Telefon: 0041 (041) 980 27 47<br \/>\n  Telefax: 0041 (041) 980 03 47<\/p>\n<p> Wir bieten Ihnen weitere gebrauchte Autoteile zum Kauf an.<br \/>\n Tags: Motorsteuerger\u00e4t , Control unit Motor , Unite\u00b4 de contro^le Moteur<br \/>\n<\/span><\/p>\n","protected":false},"excerpt":{"rendered":"<p>Technische Daten Fahrzeug: Fiat Doblo Chassis Nr.: ZFA26300006C74920 Baujahr: 2016 Kilometer: 102296 KM Leistung: 90 KW Hubraum: 1598 ccm Typ: 3FC732 Farbcode: White\/Weiss Hinweise: &#8211; Versand: Versand nur in der Schweiz m\u00f6glich.Im Ausland ist der Transport k\u00e4uferseits. Garantie: 3 Monate Garantie. Bitte beachten Sie, dass die Gew\u00e4hrleistung nur g\u00fcltig ist, wenn der Ersatzteileinbau durch eine&hellip; <a class=\"more-link\" href=\"https:\/\/occasions-teile.ch\/fr\/produkt\/fiat-doblo-motorsteuergeraet\/\">Poursuivre la lecture <span class=\"screen-reader-text\">Fiat Doblo  Motorsteuerger\u00e4t<\/span><\/a><\/p>\n","protected":false},"featured_media":303075,"template":"","meta":[],"product_brand":[],"product_cat":[19736,23814,661,660,3928,3926,3927,659,1377,1380,1383,500,494,497,657,658,662,8222,8224,8226],"product_tag":[],"class_list":{"0":"post-303078","1":"product","2":"type-product","3":"status-publish","4":"has-post-thumbnail","6":"product_cat-de-cargo-16d-de_slug_fiat_doblo_249-de_fiat-manufacturer-29","7":"product_cat-de-cargo-16d-de_slug_fiat_doblo_249-de_fiat-manufacturer-36","8":"product_cat-fr-commande-du-moteur-allumage","9":"product_cat-en-control-unit-motor","10":"product_cat-fr_slug_fiat_doblo_181","11":"product_cat-de_slug_fiat_doblo_249","12":"product_cat-en_slug_fiat_doblo_436","13":"product_cat-en-engine-control-ignition","14":"product_cat-de_fiat","15":"product_cat-en_fiat","16":"product_cat-fr_fiat","17":"product_cat-fr-moteur","18":"product_cat-de-motor","19":"product_cat-en-motor","20":"product_cat-de-motorsteuerung-zuendung","21":"product_cat-de-steuergeraet-motor","22":"product_cat-fr-unite-de-controle-moteur","23":"product_cat-de-zfa26300006c74920-200000251","24":"product_cat-en-zfa26300006c74920-200000251","25":"product_cat-fr-zfa26300006c74920-200000251","26":"product_shipping_class-tarif-1","27":"entry","29":"first","30":"instock","31":"taxable","32":"shipping-taxable","33":"purchasable","34":"product-type-simple"},"jetpack_sharing_enabled":true,"_links":{"self":[{"href":"https:\/\/occasions-teile.ch\/fr\/wp-json\/wp\/v2\/product\/303078","targetHints":{"allow":["GET"]}}],"collection":[{"href":"https:\/\/occasions-teile.ch\/fr\/wp-json\/wp\/v2\/product"}],"about":[{"href":"https:\/\/occasions-teile.ch\/fr\/wp-json\/wp\/v2\/types\/product"}],"wp:featuredmedia":[{"embeddable":true,"href":"https:\/\/occasions-teile.ch\/fr\/wp-json\/wp\/v2\/media\/303075"}],"wp:attachment":[{"href":"https:\/\/occasions-teile.ch\/fr\/wp-json\/wp\/v2\/media?parent=303078"}],"wp:term":[{"taxonomy":"product_brand","embeddable":true,"href":"https:\/\/occasions-teile.ch\/fr\/wp-json\/wp\/v2\/product_brand?post=303078"},{"taxonomy":"product_cat","embeddable":true,"href":"https:\/\/occasions-teile.ch\/fr\/wp-json\/wp\/v2\/product_cat?post=303078"},{"taxonomy":"product_tag","embeddable":true,"href":"https:\/\/occasions-teile.ch\/fr\/wp-json\/wp\/v2\/product_tag?post=303078"}],"curies":[{"name":"wp","href":"https:\/\/api.w.org\/{rel}","templated":true}]}}