{"id":302998,"date":"2024-04-26T22:39:16","date_gmt":"2024-04-26T22:39:16","guid":{"rendered":"https:\/\/occasions-teile.ch\/product\/suzuki-sx4-schalter-sonstige\/"},"modified":"2024-05-27T20:44:10","modified_gmt":"2024-05-27T20:44:10","slug":"suzuki-sx4-schalter-sonstige","status":"publish","type":"product","link":"https:\/\/occasions-teile.ch\/fr\/produkt\/suzuki-sx4-schalter-sonstige\/","title":{"rendered":"Suzuki SX4  Schalter sonstige"},"content":{"rendered":"<p><span><b>Technische Daten<\/b><\/p>\n<p> Fahrzeug: Suzuki SX4<br \/>\n Chassis Nr.: TSMJYB22S00128856<br \/>\n Baujahr: 2013<br \/>\n Kilometer: 165624 KM<br \/>\n Leistung: 120 KW<br \/>\n Hubraum: 1586 ccm<br \/>\n Typ: 1SD764<br \/>\n Farbcode: blau<br \/>\n Hinweise: &#8211;<\/p>\n<p> Versand: Versand nur in der Schweiz m\u00f6glich.Im Ausland ist der Transport k\u00e4uferseits.<br \/>\n Garantie: 3 Monate Garantie. Bitte beachten Sie, dass die Gew\u00e4hrleistung nur g\u00fcltig ist, wenn der Ersatzteileinbau durch eine Fachwerkstatt\/Meisterwerkstatt erfolgt. Das Ein- und Ausbau des Ersatzteiles kann nicht an uns verrechnet werden. <\/p>\n<p> Ersatzteil: f\u00fcr andere Fahrzeugen (Marken) verf\u00fcgbar auf anfrage. Tel.041 980 27 47. Mobil. 076 589 27 47<\/p>\n<p> Kontakt<br \/>\n  Adresse: Autoverwertung Brun AG<br \/>\n           M\u00f6\u00f6slimatten 13<br \/>\n           6218 Ettiswil<br \/>\n  Telefon: 0041 (041) 980 27 47<br \/>\n  Telefax: 0041 (041) 980 03 47<\/p>\n<p> Wir bieten Ihnen weitere gebrauchte Autoteile zum Kauf an.<br \/>\n Tags: Schalter sonstige, Switch other , Interrupteurs Autres<br \/>\n<\/span><\/p>\n","protected":false},"excerpt":{"rendered":"<p>Technische Daten Fahrzeug: Suzuki SX4 Chassis Nr.: TSMJYB22S00128856 Baujahr: 2013 Kilometer: 165624 KM Leistung: 120 KW Hubraum: 1586 ccm Typ: 1SD764 Farbcode: blau Hinweise: &#8211; Versand: Versand nur in der Schweiz m\u00f6glich.Im Ausland ist der Transport k\u00e4uferseits. Garantie: 3 Monate Garantie. Bitte beachten Sie, dass die Gew\u00e4hrleistung nur g\u00fcltig ist, wenn der Ersatzteileinbau durch eine&hellip; <a class=\"more-link\" href=\"https:\/\/occasions-teile.ch\/fr\/produkt\/suzuki-sx4-schalter-sonstige\/\">Poursuivre la lecture <span class=\"screen-reader-text\">Suzuki SX4  Schalter sonstige<\/span><\/a><\/p>\n","protected":false},"featured_media":302995,"template":"","meta":[],"product_brand":[],"product_cat":[621,621,621,622,1921,23726,19716,622,1921,449,449,449,622,1921,2374,2374,2374,2373,2373,2373],"product_tag":[],"class_list":{"0":"post-302998","1":"product","2":"type-product","3":"status-publish","4":"has-post-thumbnail","6":"product_cat-de-elektrik-steuergeraete","9":"product_cat-de-schalter","10":"product_cat-de-schaltersonstige","11":"product_cat-de-s-cross-1-6-allgrip-de_sx4-suzuki-manufacturer-30","12":"product_cat-de-s-cross-1-6-allgrip-de_sx4-suzuki-manufacturer-21","15":"product_cat-suzuki","20":"product_cat-de_sx4","23":"product_cat-de-tsmjyb22s00128856-20000205","26":"product_shipping_class-tarif-1","27":"entry","29":"first","30":"instock","31":"taxable","32":"shipping-taxable","33":"purchasable","34":"product-type-simple"},"jetpack_sharing_enabled":true,"_links":{"self":[{"href":"https:\/\/occasions-teile.ch\/fr\/wp-json\/wp\/v2\/product\/302998","targetHints":{"allow":["GET"]}}],"collection":[{"href":"https:\/\/occasions-teile.ch\/fr\/wp-json\/wp\/v2\/product"}],"about":[{"href":"https:\/\/occasions-teile.ch\/fr\/wp-json\/wp\/v2\/types\/product"}],"wp:featuredmedia":[{"embeddable":true,"href":"https:\/\/occasions-teile.ch\/fr\/wp-json\/wp\/v2\/media\/302995"}],"wp:attachment":[{"href":"https:\/\/occasions-teile.ch\/fr\/wp-json\/wp\/v2\/media?parent=302998"}],"wp:term":[{"taxonomy":"product_brand","embeddable":true,"href":"https:\/\/occasions-teile.ch\/fr\/wp-json\/wp\/v2\/product_brand?post=302998"},{"taxonomy":"product_cat","embeddable":true,"href":"https:\/\/occasions-teile.ch\/fr\/wp-json\/wp\/v2\/product_cat?post=302998"},{"taxonomy":"product_tag","embeddable":true,"href":"https:\/\/occasions-teile.ch\/fr\/wp-json\/wp\/v2\/product_tag?post=302998"}],"curies":[{"name":"wp","href":"https:\/\/api.w.org\/{rel}","templated":true}]}}