{"id":302934,"date":"2024-04-26T21:41:09","date_gmt":"2024-04-26T21:41:09","guid":{"rendered":"https:\/\/occasions-teile.ch\/product\/nissan-350-z-fahrerairbag\/"},"modified":"2024-05-23T17:35:15","modified_gmt":"2024-05-23T17:35:15","slug":"nissan-350-z-fahrerairbag","status":"publish","type":"product","link":"https:\/\/occasions-teile.ch\/fr\/produkt\/nissan-350-z-fahrerairbag\/","title":{"rendered":"Nissan 350 Z  Fahrerairbag"},"content":{"rendered":"<p><span><b>Technische Daten<\/b><\/p>\n<p> Fahrzeug: Nissan 350 Z<br \/>\n Chassis Nr.: JN1GBAZ33U0311106<br \/>\n Baujahr: 2007<br \/>\n Kilometer: 71856 KM<br \/>\n Leistung: 313 KW<br \/>\n Hubraum: 3498 ccm<br \/>\n Typ: 1NA384<br \/>\n Farbcode: silber<br \/>\n Hinweise: &#8211;<\/p>\n<p> Versand: Versand nur in der Schweiz m\u00f6glich.Im Ausland ist der Transport k\u00e4uferseits.<br \/>\n Garantie: 3 Monate Garantie. Bitte beachten Sie, dass die Gew\u00e4hrleistung nur g\u00fcltig ist, wenn der Ersatzteileinbau durch eine Fachwerkstatt\/Meisterwerkstatt erfolgt. Das Ein- und Ausbau des Ersatzteiles kann nicht an uns verrechnet werden. <\/p>\n<p> Ersatzteil: f\u00fcr andere Fahrzeugen (Marken) verf\u00fcgbar auf anfrage. Tel.041 980 27 47. Mobil. 076 589 27 47<\/p>\n<p> Kontakt<br \/>\n  Adresse: Autoverwertung Brun AG<br \/>\n           M\u00f6\u00f6slimatten 13<br \/>\n           6218 Ettiswil<br \/>\n  Telefon: 0041 (041) 980 27 47<br \/>\n  Telefax: 0041 (041) 980 03 47<\/p>\n<p> Wir bieten Ihnen weitere gebrauchte Autoteile zum Kauf an.<br \/>\n Tags: Fahrerairbag , Airbag Rider , Conducteur d&rsquo;airbag<br \/>\n<\/span><\/p>\n","protected":false},"excerpt":{"rendered":"<p>Technische Daten Fahrzeug: Nissan 350 Z Chassis Nr.: JN1GBAZ33U0311106 Baujahr: 2007 Kilometer: 71856 KM Leistung: 313 KW Hubraum: 3498 ccm Typ: 1NA384 Farbcode: silber Hinweise: &#8211; Versand: Versand nur in der Schweiz m\u00f6glich.Im Ausland ist der Transport k\u00e4uferseits. Garantie: 3 Monate Garantie. Bitte beachten Sie, dass die Gew\u00e4hrleistung nur g\u00fcltig ist, wenn der Ersatzteileinbau durch&hellip; <a class=\"more-link\" href=\"https:\/\/occasions-teile.ch\/fr\/produkt\/nissan-350-z-fahrerairbag\/\">Poursuivre la lecture <span class=\"screen-reader-text\">Nissan 350 Z  Fahrerairbag<\/span><\/a><\/p>\n","protected":false},"featured_media":302931,"template":"","meta":[],"product_brand":[],"product_cat":[1755,1752,1758,19700,23542,1934,945,947,949,1935,627,624,621,1933,1750,1756,1753,1751,1757,1754],"product_tag":[],"class_list":{"0":"post-302934","1":"product","2":"type-product","3":"status-publish","4":"has-post-thumbnail","6":"product_cat-en_350-z","7":"product_cat-de_350-z","8":"product_cat-fr_350-z","9":"product_cat-de-350z-coupe-z33-de_350-z-de_nissan-manufacturer-3","10":"product_cat-de-350z-coupe-z33-de_350-z-de_nissan-manufacturer-9","11":"product_cat-en-airbag-rider","12":"product_cat-de-airbags","13":"product_cat-en-airbags","14":"product_cat-fr-airbags","15":"product_cat-fr-conducteur-dairbag","16":"product_cat-fr-electricite-dispositifs-de-commande","17":"product_cat-en-electrics-control-units","18":"product_cat-de-elektrik-steuergeraete","19":"product_cat-de-fahrerairbag","20":"product_cat-de-jn1gbaz33u0311106","21":"product_cat-fr-jn1gbaz33u0311106","22":"product_cat-en-jn1gbaz33u0311106","23":"product_cat-de_nissan","24":"product_cat-fr_nissan","25":"product_cat-en_nissan","26":"product_shipping_class-tarif-1","27":"entry","29":"first","30":"instock","31":"taxable","32":"shipping-taxable","33":"purchasable","34":"product-type-simple"},"jetpack_sharing_enabled":true,"_links":{"self":[{"href":"https:\/\/occasions-teile.ch\/fr\/wp-json\/wp\/v2\/product\/302934","targetHints":{"allow":["GET"]}}],"collection":[{"href":"https:\/\/occasions-teile.ch\/fr\/wp-json\/wp\/v2\/product"}],"about":[{"href":"https:\/\/occasions-teile.ch\/fr\/wp-json\/wp\/v2\/types\/product"}],"wp:featuredmedia":[{"embeddable":true,"href":"https:\/\/occasions-teile.ch\/fr\/wp-json\/wp\/v2\/media\/302931"}],"wp:attachment":[{"href":"https:\/\/occasions-teile.ch\/fr\/wp-json\/wp\/v2\/media?parent=302934"}],"wp:term":[{"taxonomy":"product_brand","embeddable":true,"href":"https:\/\/occasions-teile.ch\/fr\/wp-json\/wp\/v2\/product_brand?post=302934"},{"taxonomy":"product_cat","embeddable":true,"href":"https:\/\/occasions-teile.ch\/fr\/wp-json\/wp\/v2\/product_cat?post=302934"},{"taxonomy":"product_tag","embeddable":true,"href":"https:\/\/occasions-teile.ch\/fr\/wp-json\/wp\/v2\/product_tag?post=302934"}],"curies":[{"name":"wp","href":"https:\/\/api.w.org\/{rel}","templated":true}]}}