{"id":302906,"date":"2024-04-26T21:11:26","date_gmt":"2024-04-26T21:11:26","guid":{"rendered":"https:\/\/occasions-teile.ch\/product\/subaru-impreza-lenkgetriebe-steuergeraet\/"},"modified":"2024-05-26T10:30:25","modified_gmt":"2024-05-26T10:30:25","slug":"subaru-impreza-lenkgetriebe-steuergeraet","status":"publish","type":"product","link":"https:\/\/occasions-teile.ch\/fr\/produkt\/subaru-impreza-lenkgetriebe-steuergeraet\/","title":{"rendered":"Subaru Impreza  Lenkgetriebe Steuerger\u00e4t"},"content":{"rendered":"<p><span><b>Technische Daten<\/b><\/p>\n<p> Fahrzeug: Subaru Impreza<br \/>\n Chassis Nr.: JF1GP3LC5CG017213<br \/>\n Baujahr: 2013<br \/>\n Kilometer: 140792 KM<br \/>\n Leistung: 114 KW<br \/>\n Hubraum: 1600 ccm<br \/>\n Typ: 1SC750<br \/>\n Farbcode: Black<br \/>\n Hinweise: &#8211;<\/p>\n<p> Versand: Versand nur in der Schweiz m\u00f6glich.Im Ausland ist der Transport k\u00e4uferseits.<br \/>\n Garantie: 3 Monate Garantie. Bitte beachten Sie, dass die Gew\u00e4hrleistung nur g\u00fcltig ist, wenn der Ersatzteileinbau durch eine Fachwerkstatt\/Meisterwerkstatt erfolgt. Das Ein- und Ausbau des Ersatzteiles kann nicht an uns verrechnet werden. <\/p>\n<p> Ersatzteil: f\u00fcr andere Fahrzeugen (Marken) verf\u00fcgbar auf anfrage. Tel.041 980 27 47. Mobil. 076 589 27 47<\/p>\n<p> Kontakt<br \/>\n  Adresse: Autoverwertung Brun AG<br \/>\n           M\u00f6\u00f6slimatten 13<br \/>\n           6218 Ettiswil<br \/>\n  Telefon: 0041 (041) 980 27 47<br \/>\n  Telefax: 0041 (041) 980 03 47<\/p>\n<p> Wir bieten Ihnen weitere gebrauchte Autoteile zum Kauf an.<br \/>\n Tags: Lenkgetriebe Steuerger\u00e4t, steering gear control unit, unit\u00e9 de commande de l&rsquo;appareil \u00e0 gouverner<br \/>\n<\/span><\/p>\n","protected":false},"excerpt":{"rendered":"<p>Technische Daten Fahrzeug: Subaru Impreza Chassis Nr.: JF1GP3LC5CG017213 Baujahr: 2013 Kilometer: 140792 KM Leistung: 114 KW Hubraum: 1600 ccm Typ: 1SC750 Farbcode: Black Hinweise: &#8211; Versand: Versand nur in der Schweiz m\u00f6glich.Im Ausland ist der Transport k\u00e4uferseits. Garantie: 3 Monate Garantie. Bitte beachten Sie, dass die Gew\u00e4hrleistung nur g\u00fcltig ist, wenn der Ersatzteileinbau durch eine&hellip; <a class=\"more-link\" href=\"https:\/\/occasions-teile.ch\/fr\/produkt\/subaru-impreza-lenkgetriebe-steuergeraet\/\">Poursuivre la lecture <span class=\"screen-reader-text\">Subaru Impreza  Lenkgetriebe Steuerger\u00e4t<\/span><\/a><\/p>\n","protected":false},"featured_media":302903,"template":"","meta":[],"product_brand":[],"product_cat":[941,939,627,624,621,19693,23649,1595,1597,1599,2184,2185,2183,1213,1214,1202,1205,1199,943,1215],"product_tag":[],"class_list":{"0":"post-302906","1":"product","2":"type-product","3":"status-publish","4":"has-post-thumbnail","6":"product_cat-en-assistance-systems","7":"product_cat-de-assistenzsysteme","8":"product_cat-fr-electricite-dispositifs-de-commande","9":"product_cat-en-electrics-control-units","10":"product_cat-de-elektrik-steuergeraete","11":"product_cat-de-gp3-de_impreza-de_subaru-manufacturer-18","12":"product_cat-de-gp3-de_impreza-de_subaru-manufacturer-39","13":"product_cat-de_impreza","14":"product_cat-en_impreza","15":"product_cat-fr_impreza","16":"product_cat-en-jf1gp3lc5cg017213-20000186","17":"product_cat-fr-jf1gp3lc5cg017213-20000186","18":"product_cat-de-jf1gp3lc5cg017213-20000186","19":"product_cat-de-lenkgetriebe-steuergeraet","20":"product_cat-en-steering-gear-control-unit","21":"product_cat-en_subaru","22":"product_cat-fr_subaru","23":"product_cat-de_subaru","24":"product_cat-fr-systemes-dassistance","25":"product_cat-fr-unite-de-commande-de-lappareil-a-gouverner","26":"product_shipping_class-tarif-1","27":"entry","29":"first","30":"instock","31":"taxable","32":"shipping-taxable","33":"purchasable","34":"product-type-simple"},"jetpack_sharing_enabled":true,"_links":{"self":[{"href":"https:\/\/occasions-teile.ch\/fr\/wp-json\/wp\/v2\/product\/302906","targetHints":{"allow":["GET"]}}],"collection":[{"href":"https:\/\/occasions-teile.ch\/fr\/wp-json\/wp\/v2\/product"}],"about":[{"href":"https:\/\/occasions-teile.ch\/fr\/wp-json\/wp\/v2\/types\/product"}],"wp:featuredmedia":[{"embeddable":true,"href":"https:\/\/occasions-teile.ch\/fr\/wp-json\/wp\/v2\/media\/302903"}],"wp:attachment":[{"href":"https:\/\/occasions-teile.ch\/fr\/wp-json\/wp\/v2\/media?parent=302906"}],"wp:term":[{"taxonomy":"product_brand","embeddable":true,"href":"https:\/\/occasions-teile.ch\/fr\/wp-json\/wp\/v2\/product_brand?post=302906"},{"taxonomy":"product_cat","embeddable":true,"href":"https:\/\/occasions-teile.ch\/fr\/wp-json\/wp\/v2\/product_cat?post=302906"},{"taxonomy":"product_tag","embeddable":true,"href":"https:\/\/occasions-teile.ch\/fr\/wp-json\/wp\/v2\/product_tag?post=302906"}],"curies":[{"name":"wp","href":"https:\/\/api.w.org\/{rel}","templated":true}]}}