{"id":302838,"date":"2024-04-26T20:11:33","date_gmt":"2024-04-26T20:11:33","guid":{"rendered":"https:\/\/occasions-teile.ch\/product\/kia-sorento-alternator\/"},"modified":"2024-05-24T20:16:41","modified_gmt":"2024-05-24T20:16:41","slug":"kia-sorento-alternator","status":"publish","type":"product","link":"https:\/\/occasions-teile.ch\/fr\/produkt\/kia-sorento-alternator\/","title":{"rendered":"Kia Sorento  Alternator"},"content":{"rendered":"<p><span><b>Technische Daten<\/b><\/p>\n<p> Fahrzeug: Kia Sorento<br \/>\n Chassis Nr.: KNAKU814DA5104284<br \/>\n Baujahr: 2011<br \/>\n Kilometer: 166392 KM<br \/>\n Leistung: 197 KW<br \/>\n Hubraum: 2199 ccm<br \/>\n Typ: 1ka251<br \/>\n Farbcode: silber<br \/>\n Hinweise: Achtung der Stecker ist besch\u00e4digt!!!!!<\/p>\n<p> Versand: Versand nur in der Schweiz m\u00f6glich.Im Ausland ist der Transport k\u00e4uferseits.<br \/>\n Garantie: 3 Monate Garantie. Bitte beachten Sie, dass die Gew\u00e4hrleistung nur g\u00fcltig ist, wenn der Ersatzteileinbau durch eine Fachwerkstatt\/Meisterwerkstatt erfolgt. Das Ein- und Ausbau des Ersatzteiles kann nicht an uns verrechnet werden. <\/p>\n<p> Ersatzteil: f\u00fcr andere Fahrzeugen (Marken) verf\u00fcgbar auf anfrage. Tel.041 980 27 47. Mobil. 076 589 27 47<\/p>\n<p> Kontakt<br \/>\n  Adresse: Autoverwertung Brun AG<br \/>\n           M\u00f6\u00f6slimatten 13<br \/>\n           6218 Ettiswil<br \/>\n  Telefon: 0041 (041) 980 27 47<br \/>\n  Telefax: 0041 (041) 980 03 47<\/p>\n<p> Wir bieten Ihnen weitere gebrauchte Autoteile zum Kauf an.<br \/>\n Tags: Alternator, Alternator, Alternateur<br \/>\n<\/span><\/p>\n","protected":false},"excerpt":{"rendered":"<p>Technische Daten Fahrzeug: Kia Sorento Chassis Nr.: KNAKU814DA5104284 Baujahr: 2011 Kilometer: 166392 KM Leistung: 197 KW Hubraum: 2199 ccm Typ: 1ka251 Farbcode: silber Hinweise: Achtung der Stecker ist besch\u00e4digt!!!!! Versand: Versand nur in der Schweiz m\u00f6glich.Im Ausland ist der Transport k\u00e4uferseits. Garantie: 3 Monate Garantie. Bitte beachten Sie, dass die Gew\u00e4hrleistung nur g\u00fcltig ist, wenn&hellip; <a class=\"more-link\" href=\"https:\/\/occasions-teile.ch\/fr\/produkt\/kia-sorento-alternator\/\">Poursuivre la lecture <span class=\"screen-reader-text\">Kia Sorento  Alternator<\/span><\/a><\/p>\n","protected":false},"featured_media":302835,"template":"","meta":[],"product_brand":[],"product_cat":[19676,23587,704,627,589,1982,703,1983],"product_tag":[],"class_list":{"0":"post-302838","1":"product","2":"type-product","3":"status-publish","4":"has-post-thumbnail","6":"product_cat-de-2-2-2-crdi-4wd-de_sorento-de_kia-manufacturer-16","7":"product_cat-de-2-2-2-crdi-4wd-de_sorento-de_kia-manufacturer-38","8":"product_cat-fr-alternateur-fr-alternateur","9":"product_cat-fr-electricite-dispositifs-de-commande","10":"product_cat-fr_kia","11":"product_cat-fr-knaku814da5104284","12":"product_cat-fr-alternateur","13":"product_cat-fr_sorento","14":"product_shipping_class-tarif-1-fr","15":"entry","17":"first","18":"instock","19":"taxable","20":"shipping-taxable","21":"purchasable","22":"product-type-simple"},"jetpack_sharing_enabled":true,"_links":{"self":[{"href":"https:\/\/occasions-teile.ch\/fr\/wp-json\/wp\/v2\/product\/302838","targetHints":{"allow":["GET"]}}],"collection":[{"href":"https:\/\/occasions-teile.ch\/fr\/wp-json\/wp\/v2\/product"}],"about":[{"href":"https:\/\/occasions-teile.ch\/fr\/wp-json\/wp\/v2\/types\/product"}],"wp:featuredmedia":[{"embeddable":true,"href":"https:\/\/occasions-teile.ch\/fr\/wp-json\/wp\/v2\/media\/302835"}],"wp:attachment":[{"href":"https:\/\/occasions-teile.ch\/fr\/wp-json\/wp\/v2\/media?parent=302838"}],"wp:term":[{"taxonomy":"product_brand","embeddable":true,"href":"https:\/\/occasions-teile.ch\/fr\/wp-json\/wp\/v2\/product_brand?post=302838"},{"taxonomy":"product_cat","embeddable":true,"href":"https:\/\/occasions-teile.ch\/fr\/wp-json\/wp\/v2\/product_cat?post=302838"},{"taxonomy":"product_tag","embeddable":true,"href":"https:\/\/occasions-teile.ch\/fr\/wp-json\/wp\/v2\/product_tag?post=302838"}],"curies":[{"name":"wp","href":"https:\/\/api.w.org\/{rel}","templated":true}]}}