{"id":302150,"date":"2024-04-26T09:26:15","date_gmt":"2024-04-26T09:26:15","guid":{"rendered":"https:\/\/occasions-teile.ch\/product\/peugeot-boxer-bremszange-bremssattel-vorne\/"},"modified":"2024-05-26T14:47:58","modified_gmt":"2024-05-26T14:47:58","slug":"peugeot-boxer-bremszange-bremssattel-vorne","status":"publish","type":"product","link":"https:\/\/occasions-teile.ch\/fr\/produkt\/peugeot-boxer-bremszange-bremssattel-vorne\/","title":{"rendered":"Peugeot Boxer  Bremszange Bremssattel vorne"},"content":{"rendered":"<p><span><b>Technische Daten<\/b><\/p>\n<p> Fahrzeug: Peugeot Boxer<br \/>\n Chassis Nr.: VF3YCTMFB12207040<br \/>\n Baujahr: 2012<br \/>\n Kilometer: 160188 KM<br \/>\n Leistung: 131 KW<br \/>\n Hubraum: 2198 ccm<br \/>\n Typ: 3PA581<br \/>\n Farbcode: White\/Weiss<br \/>\n Hinweise: &#8211;<\/p>\n<p> Versand: Versand nur in der Schweiz m\u00f6glich.Im Ausland ist der Transport k\u00e4uferseits.<br \/>\n Garantie: 3 Monate Garantie. Bitte beachten Sie, dass die Gew\u00e4hrleistung nur g\u00fcltig ist, wenn der Ersatzteileinbau durch eine Fachwerkstatt\/Meisterwerkstatt erfolgt. Das Ein- und Ausbau des Ersatzteiles kann nicht an uns verrechnet werden. <\/p>\n<p> Ersatzteil: f\u00fcr andere Fahrzeugen (Marken) verf\u00fcgbar auf anfrage. Tel.041 980 27 47. Mobil. 076 589 27 47<\/p>\n<p> Kontakt<br \/>\n  Adresse: Autoverwertung Brun AG<br \/>\n           M\u00f6\u00f6slimatten 13<br \/>\n           6218 Ettiswil<br \/>\n  Telefon: 0041 (041) 980 27 47<br \/>\n  Telefax: 0041 (041) 980 03 47<\/p>\n<p> Wir bieten Ihnen weitere gebrauchte Autoteile zum Kauf an.<br \/>\n Tags: Bremszange Bremssattel vorne, Brake caliper front, E\u00b4trier de frein avant<br \/>\n<\/span><\/p>\n","protected":false},"excerpt":{"rendered":"<p>Technische Daten Fahrzeug: Peugeot Boxer Chassis Nr.: VF3YCTMFB12207040 Baujahr: 2012 Kilometer: 160188 KM Leistung: 131 KW Hubraum: 2198 ccm Typ: 3PA581 Farbcode: White\/Weiss Hinweise: &#8211; Versand: Versand nur in der Schweiz m\u00f6glich.Im Ausland ist der Transport k\u00e4uferseits. Garantie: 3 Monate Garantie. Bitte beachten Sie, dass die Gew\u00e4hrleistung nur g\u00fcltig ist, wenn der Ersatzteileinbau durch eine&hellip; <a class=\"more-link\" href=\"https:\/\/occasions-teile.ch\/fr\/produkt\/peugeot-boxer-bremszange-bremssattel-vorne\/\">Poursuivre la lecture <span class=\"screen-reader-text\">Peugeot Boxer  Bremszange Bremssattel vorne<\/span><\/a><\/p>\n","protected":false},"featured_media":302147,"template":"","meta":[],"product_brand":[],"product_cat":[23657,19503,2110,2110,2110,778,777,530,530,777,778,777,778,530,1184,1184,1184,2109,2109,2109],"product_tag":[],"class_list":{"0":"post-302150","1":"product","2":"type-product","3":"status-publish","4":"has-post-thumbnail","6":"product_cat-de-2-2-hdi-130-de_boxer-de_peugeot-manufacturer-26","7":"product_cat-de-2-2-hdi-130-de_boxer-de_peugeot-manufacturer-9","8":"product_cat-de_boxer","11":"product_cat-de-bremszange-bremssattel-vorne","12":"product_cat-de-bremssatteltraeger","13":"product_cat-de-bremse-bremsanlage","20":"product_cat-de_peugeot","23":"product_cat-de-vf3yctmfb12207040-20000179","26":"product_shipping_class-tarif-1","27":"entry","29":"first","30":"instock","31":"taxable","32":"shipping-taxable","33":"purchasable","34":"product-type-simple"},"jetpack_sharing_enabled":true,"_links":{"self":[{"href":"https:\/\/occasions-teile.ch\/fr\/wp-json\/wp\/v2\/product\/302150","targetHints":{"allow":["GET"]}}],"collection":[{"href":"https:\/\/occasions-teile.ch\/fr\/wp-json\/wp\/v2\/product"}],"about":[{"href":"https:\/\/occasions-teile.ch\/fr\/wp-json\/wp\/v2\/types\/product"}],"wp:featuredmedia":[{"embeddable":true,"href":"https:\/\/occasions-teile.ch\/fr\/wp-json\/wp\/v2\/media\/302147"}],"wp:attachment":[{"href":"https:\/\/occasions-teile.ch\/fr\/wp-json\/wp\/v2\/media?parent=302150"}],"wp:term":[{"taxonomy":"product_brand","embeddable":true,"href":"https:\/\/occasions-teile.ch\/fr\/wp-json\/wp\/v2\/product_brand?post=302150"},{"taxonomy":"product_cat","embeddable":true,"href":"https:\/\/occasions-teile.ch\/fr\/wp-json\/wp\/v2\/product_cat?post=302150"},{"taxonomy":"product_tag","embeddable":true,"href":"https:\/\/occasions-teile.ch\/fr\/wp-json\/wp\/v2\/product_tag?post=302150"}],"curies":[{"name":"wp","href":"https:\/\/api.w.org\/{rel}","templated":true}]}}