{"id":302106,"date":"2024-04-26T08:50:07","date_gmt":"2024-04-26T08:50:07","guid":{"rendered":"https:\/\/occasions-teile.ch\/product\/mini-mini-schlosstraeger-schlosssatz\/"},"modified":"2024-05-28T10:03:02","modified_gmt":"2024-05-28T10:03:02","slug":"mini-mini-schlosstraeger-schlosssatz","status":"publish","type":"product","link":"https:\/\/occasions-teile.ch\/fr\/produkt\/mini-mini-schlosstraeger-schlosssatz\/","title":{"rendered":"Mini Mini  Schlosstr\u00e4ger Schlo\u00dfsatz"},"content":{"rendered":"<p><span><b>Technische Daten<\/b><\/p>\n<p> Fahrzeug: Mini Mini<br \/>\n Chassis Nr.: WMWME31060TU16245<br \/>\n Baujahr: 2008<br \/>\n Kilometer: 130864 KM<br \/>\n Leistung: 95 KW<br \/>\n Hubraum: 1397 ccm<br \/>\n Typ: 1MN439<br \/>\n Farbcode: Black<br \/>\n Hinweise: &#8211;<\/p>\n<p> Versand: Versand nur in der Schweiz m\u00f6glich.Im Ausland ist der Transport k\u00e4uferseits.<br \/>\n Garantie: 3 Monate Garantie. Bitte beachten Sie, dass die Gew\u00e4hrleistung nur g\u00fcltig ist, wenn der Ersatzteileinbau durch eine Fachwerkstatt\/Meisterwerkstatt erfolgt. Das Ein- und Ausbau des Ersatzteiles kann nicht an uns verrechnet werden. <\/p>\n<p> Ersatzteil: f\u00fcr andere Fahrzeugen (Marken) verf\u00fcgbar auf anfrage. Tel.041 980 27 47. Mobil. 076 589 27 47<\/p>\n<p> Kontakt<br \/>\n  Adresse: Autoverwertung Brun AG<br \/>\n           M\u00f6\u00f6slimatten 13<br \/>\n           6218 Ettiswil<br \/>\n  Telefon: 0041 (041) 980 27 47<br \/>\n  Telefax: 0041 (041) 980 03 47<\/p>\n<p> Wir bieten Ihnen weitere gebrauchte Autoteile zum Kauf an.<br \/>\n Tags: Schlosstr\u00e4ger Schlo\u00dfsatz, Lock set , Jeu de serrures<br \/>\n<\/span><\/p>\n","protected":false},"excerpt":{"rendered":"<p>Technische Daten Fahrzeug: Mini Mini Chassis Nr.: WMWME31060TU16245 Baujahr: 2008 Kilometer: 130864 KM Leistung: 95 KW Hubraum: 1397 ccm Typ: 1MN439 Farbcode: Black Hinweise: &#8211; Versand: Versand nur in der Schweiz m\u00f6glich.Im Ausland ist der Transport k\u00e4uferseits. Garantie: 3 Monate Garantie. Bitte beachten Sie, dass die Gew\u00e4hrleistung nur g\u00fcltig ist, wenn der Ersatzteileinbau durch eine&hellip; <a class=\"more-link\" href=\"https:\/\/occasions-teile.ch\/fr\/produkt\/mini-mini-schlosstraeger-schlosssatz\/\">Poursuivre la lecture <span class=\"screen-reader-text\">Mini Mini  Schlosstr\u00e4ger Schlo\u00dfsatz<\/span><\/a><\/p>\n","protected":false},"featured_media":302103,"template":"","meta":[],"product_brand":[],"product_cat":[657,657,1543,1543,2221,2220,2221,2220,2221,2220,494,494,494,657,23758,19493,1543,2219,2219,2219],"product_tag":[],"class_list":{"0":"post-302106","1":"product","2":"type-product","3":"status-publish","4":"has-post-thumbnail","6":"product_cat-de-motorsteuerung-zuendung","8":"product_cat-de-schlosstraeger-schlosssatz","10":"product_cat-de_mini-de_mini","11":"product_cat-de_mini","16":"product_cat-de-motor","20":"product_cat-de-one-r56-de_mini-de_mini-de_mini-manufacturer-22","21":"product_cat-de-one-r56-de_mini-de_mini-de_mini-manufacturer-7","23":"product_cat-de-wmwme31060tu16245-20000190","26":"product_shipping_class-tarif-4","27":"entry","29":"first","30":"instock","31":"taxable","32":"shipping-taxable","33":"purchasable","34":"product-type-simple"},"jetpack_sharing_enabled":true,"_links":{"self":[{"href":"https:\/\/occasions-teile.ch\/fr\/wp-json\/wp\/v2\/product\/302106","targetHints":{"allow":["GET"]}}],"collection":[{"href":"https:\/\/occasions-teile.ch\/fr\/wp-json\/wp\/v2\/product"}],"about":[{"href":"https:\/\/occasions-teile.ch\/fr\/wp-json\/wp\/v2\/types\/product"}],"wp:featuredmedia":[{"embeddable":true,"href":"https:\/\/occasions-teile.ch\/fr\/wp-json\/wp\/v2\/media\/302103"}],"wp:attachment":[{"href":"https:\/\/occasions-teile.ch\/fr\/wp-json\/wp\/v2\/media?parent=302106"}],"wp:term":[{"taxonomy":"product_brand","embeddable":true,"href":"https:\/\/occasions-teile.ch\/fr\/wp-json\/wp\/v2\/product_brand?post=302106"},{"taxonomy":"product_cat","embeddable":true,"href":"https:\/\/occasions-teile.ch\/fr\/wp-json\/wp\/v2\/product_cat?post=302106"},{"taxonomy":"product_tag","embeddable":true,"href":"https:\/\/occasions-teile.ch\/fr\/wp-json\/wp\/v2\/product_tag?post=302106"}],"curies":[{"name":"wp","href":"https:\/\/api.w.org\/{rel}","templated":true}]}}