{"id":302073,"date":"2024-04-26T08:13:58","date_gmt":"2024-04-26T08:13:58","guid":{"rendered":"https:\/\/occasions-teile.ch\/product\/fiat-punto-achs-hinten-achskoerper\/"},"modified":"2024-05-29T17:36:21","modified_gmt":"2024-05-29T17:36:21","slug":"fiat-punto-achs-hinten-achskoerper","status":"publish","type":"product","link":"https:\/\/occasions-teile.ch\/fr\/produkt\/fiat-punto-achs-hinten-achskoerper\/","title":{"rendered":"Fiat Punto  Achs hinten Achsk\u00f6rper"},"content":{"rendered":"<p><span><b>Technische Daten<\/b><\/p>\n<p> Fahrzeug: Fiat Punto<br \/>\n Chassis Nr.: ZFA1990000P023879<br \/>\n Baujahr: 2014<br \/>\n Kilometer: 104375 KM<br \/>\n Leistung: 135 KW<br \/>\n Hubraum: 1368 ccm<br \/>\n Typ: 1FB787<br \/>\n Farbcode: White\/Weiss<br \/>\n Hinweise: &#8211;<\/p>\n<p> Versand: Versand nur in der Schweiz m\u00f6glich.Im Ausland ist der Transport k\u00e4uferseits.<br \/>\n Garantie: 3 Monate Garantie. Bitte beachten Sie, dass die Gew\u00e4hrleistung nur g\u00fcltig ist, wenn der Ersatzteileinbau durch eine Fachwerkstatt\/Meisterwerkstatt erfolgt. Das Ein- und Ausbau des Ersatzteiles kann nicht an uns verrechnet werden. <\/p>\n<p> Ersatzteil: f\u00fcr andere Fahrzeugen (Marken) verf\u00fcgbar auf anfrage. Tel.041 980 27 47. Mobil. 076 589 27 47<\/p>\n<p> Kontakt<br \/>\n  Adresse: Autoverwertung Brun AG<br \/>\n           M\u00f6\u00f6slimatten 13<br \/>\n           6218 Ettiswil<br \/>\n  Telefon: 0041 (041) 980 27 47<br \/>\n  Telefax: 0041 (041) 980 03 47<\/p>\n<p> Wir bieten Ihnen weitere gebrauchte Autoteile zum Kauf an.<br \/>\n Tags: Achs hinten Achsk\u00f6rper , Rear axlecomplete , Essieu arrie`re complet<br \/>\n<\/span><\/p>\n","protected":false},"excerpt":{"rendered":"<p>Technische Daten Fahrzeug: Fiat Punto Chassis Nr.: ZFA1990000P023879 Baujahr: 2014 Kilometer: 104375 KM Leistung: 135 KW Hubraum: 1368 ccm Typ: 1FB787 Farbcode: White\/Weiss Hinweise: &#8211; Versand: Versand nur in der Schweiz m\u00f6glich.Im Ausland ist der Transport k\u00e4uferseits. Garantie: 3 Monate Garantie. Bitte beachten Sie, dass die Gew\u00e4hrleistung nur g\u00fcltig ist, wenn der Ersatzteileinbau durch eine&hellip; <a class=\"more-link\" href=\"https:\/\/occasions-teile.ch\/fr\/produkt\/fiat-punto-achs-hinten-achskoerper\/\">Poursuivre la lecture <span class=\"screen-reader-text\">Fiat Punto  Achs hinten Achsk\u00f6rper<\/span><\/a><\/p>\n","protected":false},"featured_media":302070,"template":"","meta":[],"product_brand":[],"product_cat":[19484,23907,742,741,743,544,746,541,1377,1380,1383,1440,1436,1438,744,745,547,1439,1435,1437],"product_tag":[],"class_list":{"0":"post-302073","1":"product","2":"type-product","3":"status-publish","4":"has-post-thumbnail","6":"product_cat-de-1-4tb-16v-de_punto-de_fiat-manufacturer-17","7":"product_cat-de-1-4tb-16v-de_punto-de_fiat-manufacturer-27","8":"product_cat-de-achs-hinten-achskoerper","9":"product_cat-de-achstraeger-hilfsrahmen","10":"product_cat-en-axle-carrier-subframe","11":"product_cat-en-chassis-steering","12":"product_cat-fr-essieu-arriere-complet","13":"product_cat-de-fahrwerk-lenkung","14":"product_cat-de_fiat","15":"product_cat-en_fiat","16":"product_cat-fr_fiat","17":"product_cat-fr_punto","18":"product_cat-de_punto","19":"product_cat-en_punto","20":"product_cat-en-rear-axlecomplete","21":"product_cat-fr-support-dessieu-cadre-auxiliaire","22":"product_cat-fr-train-de-roulement-direction","23":"product_cat-fr-zfa1990000p023879","24":"product_cat-de-zfa1990000p023879","25":"product_cat-en-zfa1990000p023879","26":"product_shipping_class-tarif-2","27":"entry","29":"first","30":"instock","31":"taxable","32":"shipping-taxable","33":"purchasable","34":"product-type-simple"},"jetpack_sharing_enabled":true,"_links":{"self":[{"href":"https:\/\/occasions-teile.ch\/fr\/wp-json\/wp\/v2\/product\/302073","targetHints":{"allow":["GET"]}}],"collection":[{"href":"https:\/\/occasions-teile.ch\/fr\/wp-json\/wp\/v2\/product"}],"about":[{"href":"https:\/\/occasions-teile.ch\/fr\/wp-json\/wp\/v2\/types\/product"}],"wp:featuredmedia":[{"embeddable":true,"href":"https:\/\/occasions-teile.ch\/fr\/wp-json\/wp\/v2\/media\/302070"}],"wp:attachment":[{"href":"https:\/\/occasions-teile.ch\/fr\/wp-json\/wp\/v2\/media?parent=302073"}],"wp:term":[{"taxonomy":"product_brand","embeddable":true,"href":"https:\/\/occasions-teile.ch\/fr\/wp-json\/wp\/v2\/product_brand?post=302073"},{"taxonomy":"product_cat","embeddable":true,"href":"https:\/\/occasions-teile.ch\/fr\/wp-json\/wp\/v2\/product_cat?post=302073"},{"taxonomy":"product_tag","embeddable":true,"href":"https:\/\/occasions-teile.ch\/fr\/wp-json\/wp\/v2\/product_tag?post=302073"}],"curies":[{"name":"wp","href":"https:\/\/api.w.org\/{rel}","templated":true}]}}