{"id":302037,"date":"2024-04-26T07:42:22","date_gmt":"2024-04-26T07:42:22","guid":{"rendered":"https:\/\/occasions-teile.ch\/product\/ford-focus-motorsteuergeraet\/"},"modified":"2024-05-29T11:16:03","modified_gmt":"2024-05-29T11:16:03","slug":"ford-focus-motorsteuergeraet","status":"publish","type":"product","link":"https:\/\/occasions-teile.ch\/fr\/produkt\/ford-focus-motorsteuergeraet\/","title":{"rendered":"Ford Focus  Motorsteuerger\u00e4t"},"content":{"rendered":"<p><span><b>Technische Daten<\/b><\/p>\n<p> Fahrzeug: Ford Focus<br \/>\n Chassis Nr.: WF0KXXGCBKDJ65048<br \/>\n Baujahr: 2013<br \/>\n Kilometer: 102955 KM<br \/>\n Leistung: 100 KW<br \/>\n Hubraum: 998 ccm<br \/>\n Typ: 1FJ355<br \/>\n Farbcode: Black<br \/>\n Hinweise: &#8211;<\/p>\n<p> Versand: Versand nur in der Schweiz m\u00f6glich.Im Ausland ist der Transport k\u00e4uferseits.<br \/>\n Garantie: 3 Monate Garantie. Bitte beachten Sie, dass die Gew\u00e4hrleistung nur g\u00fcltig ist, wenn der Ersatzteileinbau durch eine Fachwerkstatt\/Meisterwerkstatt erfolgt. Das Ein- und Ausbau des Ersatzteiles kann nicht an uns verrechnet werden. <\/p>\n<p> Ersatzteil: f\u00fcr andere Fahrzeugen (Marken) verf\u00fcgbar auf anfrage. Tel.041 980 27 47. Mobil. 076 589 27 47<\/p>\n<p> Kontakt<br \/>\n  Adresse: Autoverwertung Brun AG<br \/>\n           M\u00f6\u00f6slimatten 13<br \/>\n           6218 Ettiswil<br \/>\n  Telefon: 0041 (041) 980 27 47<br \/>\n  Telefax: 0041 (041) 980 03 47<\/p>\n<p> Wir bieten Ihnen weitere gebrauchte Autoteile zum Kauf an.<br \/>\n Tags: Motorsteuerger\u00e4t , Control unit Motor , Unite\u00b4 de contro^le Moteur<br \/>\n<\/span><\/p>\n","protected":false},"excerpt":{"rendered":"<p>Technische Daten Fahrzeug: Ford Focus Chassis Nr.: WF0KXXGCBKDJ65048 Baujahr: 2013 Kilometer: 102955 KM Leistung: 100 KW Hubraum: 998 ccm Typ: 1FJ355 Farbcode: Black Hinweise: &#8211; Versand: Versand nur in der Schweiz m\u00f6glich.Im Ausland ist der Transport k\u00e4uferseits. Garantie: 3 Monate Garantie. Bitte beachten Sie, dass die Gew\u00e4hrleistung nur g\u00fcltig ist, wenn der Ersatzteileinbau durch eine&hellip; <a class=\"more-link\" href=\"https:\/\/occasions-teile.ch\/fr\/produkt\/ford-focus-motorsteuergeraet\/\">Poursuivre la lecture <span class=\"screen-reader-text\">Ford Focus  Motorsteuerger\u00e4t<\/span><\/a><\/p>\n","protected":false},"featured_media":302034,"template":"","meta":[],"product_brand":[],"product_cat":[661,660,659,1675,1677,1673,1586,1589,1592,19476,23831,500,494,497,657,658,662,2191,2189,2190],"product_tag":[],"class_list":{"0":"post-302037","1":"product","2":"type-product","3":"status-publish","4":"has-post-thumbnail","6":"product_cat-fr-commande-du-moteur-allumage","7":"product_cat-en-control-unit-motor","8":"product_cat-en-engine-control-ignition","9":"product_cat-en_focus","10":"product_cat-fr_focus","11":"product_cat-de_focus","12":"product_cat-de_ford","13":"product_cat-en_ford","14":"product_cat-fr_ford","15":"product_cat-de-iii-1-0-ecoboost-de_focus-de_ford-manufacturer-18","16":"product_cat-de-iii-1-0-ecoboost-de_focus-de_ford-manufacturer-37","17":"product_cat-fr-moteur","18":"product_cat-de-motor","19":"product_cat-en-motor","20":"product_cat-de-motorsteuerung-zuendung","21":"product_cat-de-steuergeraet-motor","22":"product_cat-fr-unite-de-controle-moteur","23":"product_cat-fr-wf0kxxgcbkdj65048-20000187","24":"product_cat-de-wf0kxxgcbkdj65048-20000187","25":"product_cat-en-wf0kxxgcbkdj65048-20000187","26":"product_shipping_class-tarif-1","27":"entry","29":"first","30":"instock","31":"taxable","32":"shipping-taxable","33":"purchasable","34":"product-type-simple"},"jetpack_sharing_enabled":true,"_links":{"self":[{"href":"https:\/\/occasions-teile.ch\/fr\/wp-json\/wp\/v2\/product\/302037","targetHints":{"allow":["GET"]}}],"collection":[{"href":"https:\/\/occasions-teile.ch\/fr\/wp-json\/wp\/v2\/product"}],"about":[{"href":"https:\/\/occasions-teile.ch\/fr\/wp-json\/wp\/v2\/types\/product"}],"wp:featuredmedia":[{"embeddable":true,"href":"https:\/\/occasions-teile.ch\/fr\/wp-json\/wp\/v2\/media\/302034"}],"wp:attachment":[{"href":"https:\/\/occasions-teile.ch\/fr\/wp-json\/wp\/v2\/media?parent=302037"}],"wp:term":[{"taxonomy":"product_brand","embeddable":true,"href":"https:\/\/occasions-teile.ch\/fr\/wp-json\/wp\/v2\/product_brand?post=302037"},{"taxonomy":"product_cat","embeddable":true,"href":"https:\/\/occasions-teile.ch\/fr\/wp-json\/wp\/v2\/product_cat?post=302037"},{"taxonomy":"product_tag","embeddable":true,"href":"https:\/\/occasions-teile.ch\/fr\/wp-json\/wp\/v2\/product_tag?post=302037"}],"curies":[{"name":"wp","href":"https:\/\/api.w.org\/{rel}","templated":true}]}}