{"id":301932,"date":"2024-04-26T06:03:21","date_gmt":"2024-04-26T06:03:21","guid":{"rendered":"https:\/\/occasions-teile.ch\/product\/opel-corsa-sonnenblenden-4\/"},"modified":"2024-05-26T02:13:17","modified_gmt":"2024-05-26T02:13:17","slug":"opel-corsa-sonnenblenden-4","status":"publish","type":"product","link":"https:\/\/occasions-teile.ch\/fr\/produkt\/opel-corsa-sonnenblenden-4\/","title":{"rendered":"Opel Corsa  Sonnenblenden"},"content":{"rendered":"<p><span><b>Technische Daten<\/b><\/p>\n<p> Fahrzeug: Opel Corsa<br \/>\n Chassis Nr.: W0L0XEP08F6069505<br \/>\n Baujahr: 2015<br \/>\n Kilometer: 69872 KM<br \/>\n Leistung: 116 KW<br \/>\n Hubraum: 999 ccm<br \/>\n Typ: 1OC192<br \/>\n Farbcode: &#8211;<br \/>\n Hinweise: &#8211;<\/p>\n<p> Versand: Versand nur in der Schweiz m\u00f6glich.Im Ausland ist der Transport k\u00e4uferseits.<br \/>\n Garantie: 3 Monate Garantie. Bitte beachten Sie, dass die Gew\u00e4hrleistung nur g\u00fcltig ist, wenn der Ersatzteileinbau durch eine Fachwerkstatt\/Meisterwerkstatt erfolgt. Das Ein- und Ausbau des Ersatzteiles kann nicht an uns verrechnet werden. <\/p>\n<p> Ersatzteil: f\u00fcr andere Fahrzeugen (Marken) verf\u00fcgbar auf anfrage. Tel.041 980 27 47. Mobil. 076 589 27 47<\/p>\n<p> Kontakt<br \/>\n  Adresse: Autoverwertung Brun AG<br \/>\n           M\u00f6\u00f6slimatten 13<br \/>\n           6218 Ettiswil<br \/>\n  Telefon: 0041 (041) 980 27 47<br \/>\n  Telefax: 0041 (041) 980 03 47<\/p>\n<p> Wir bieten Ihnen weitere gebrauchte Autoteile zum Kauf an.<br \/>\n Tags: Sonnenblenden, Sun visors, Pare-soleil<br \/>\n<\/span><\/p>\n","protected":false},"excerpt":{"rendered":"<p>Technische Daten Fahrzeug: Opel Corsa Chassis Nr.: W0L0XEP08F6069505 Baujahr: 2015 Kilometer: 69872 KM Leistung: 116 KW Hubraum: 999 ccm Typ: 1OC192 Farbcode: &#8211; Hinweise: &#8211; Versand: Versand nur in der Schweiz m\u00f6glich.Im Ausland ist der Transport k\u00e4uferseits. Garantie: 3 Monate Garantie. Bitte beachten Sie, dass die Gew\u00e4hrleistung nur g\u00fcltig ist, wenn der Ersatzteileinbau durch eine&hellip; <a class=\"more-link\" href=\"https:\/\/occasions-teile.ch\/fr\/produkt\/opel-corsa-sonnenblenden-4\/\">Poursuivre la lecture <span class=\"screen-reader-text\">Opel Corsa  Sonnenblenden<\/span><\/a><\/p>\n","protected":false},"featured_media":301929,"template":"","meta":[],"product_brand":[],"product_cat":[885,1217,1217,1217,885,23638,19449,885,804,804,804,613,613,613,886,886,886,1216,1216,1216],"product_tag":[],"class_list":{"0":"post-301932","1":"product","2":"type-product","3":"status-publish","4":"has-post-thumbnail","6":"product_cat-de-dachhimmel-sonnenblenden","7":"product_cat-de_corsa","11":"product_cat-de-e-1-0t-de_corsa-de_opel-manufacturer-22","12":"product_cat-de-e-1-0t-de_corsa-de_opel-manufacturer-9","14":"product_cat-de-innenraum","17":"product_cat-de_opel","20":"product_cat-de-sonnenblenden","23":"product_cat-de-w0l0xep08f6069505","26":"product_shipping_class-tarif-1","27":"entry","29":"first","30":"instock","31":"taxable","32":"shipping-taxable","33":"purchasable","34":"product-type-simple"},"jetpack_sharing_enabled":true,"_links":{"self":[{"href":"https:\/\/occasions-teile.ch\/fr\/wp-json\/wp\/v2\/product\/301932","targetHints":{"allow":["GET"]}}],"collection":[{"href":"https:\/\/occasions-teile.ch\/fr\/wp-json\/wp\/v2\/product"}],"about":[{"href":"https:\/\/occasions-teile.ch\/fr\/wp-json\/wp\/v2\/types\/product"}],"wp:featuredmedia":[{"embeddable":true,"href":"https:\/\/occasions-teile.ch\/fr\/wp-json\/wp\/v2\/media\/301929"}],"wp:attachment":[{"href":"https:\/\/occasions-teile.ch\/fr\/wp-json\/wp\/v2\/media?parent=301932"}],"wp:term":[{"taxonomy":"product_brand","embeddable":true,"href":"https:\/\/occasions-teile.ch\/fr\/wp-json\/wp\/v2\/product_brand?post=301932"},{"taxonomy":"product_cat","embeddable":true,"href":"https:\/\/occasions-teile.ch\/fr\/wp-json\/wp\/v2\/product_cat?post=301932"},{"taxonomy":"product_tag","embeddable":true,"href":"https:\/\/occasions-teile.ch\/fr\/wp-json\/wp\/v2\/product_tag?post=301932"}],"curies":[{"name":"wp","href":"https:\/\/api.w.org\/{rel}","templated":true}]}}