{"id":301928,"date":"2024-04-26T05:59:51","date_gmt":"2024-04-26T05:59:51","guid":{"rendered":"https:\/\/occasions-teile.ch\/product\/opel-movano-handschuhfach-2\/"},"modified":"2024-05-25T06:17:46","modified_gmt":"2024-05-25T06:17:46","slug":"opel-movano-handschuhfach-2","status":"publish","type":"product","link":"https:\/\/occasions-teile.ch\/fr\/produkt\/opel-movano-handschuhfach-2\/","title":{"rendered":"Opel Movano  Handschuhfach"},"content":{"rendered":"<p><span><b>Technische Daten<\/b><\/p>\n<p> Fahrzeug: Opel Movano<br \/>\n Chassis Nr.: W0VMR3605LB204629<br \/>\n Baujahr: 2020<br \/>\n Kilometer: 203500 KM<br \/>\n Leistung: 150 KW<br \/>\n Hubraum: 2298 ccm<br \/>\n Typ: 3OB416<br \/>\n Farbcode: White\/Weiss<br \/>\n Hinweise: &#8211;<\/p>\n<p> Versand: Versand nur in der Schweiz m\u00f6glich.Im Ausland ist der Transport k\u00e4uferseits.<br \/>\n Garantie: 3 Monate Garantie. Bitte beachten Sie, dass die Gew\u00e4hrleistung nur g\u00fcltig ist, wenn der Ersatzteileinbau durch eine Fachwerkstatt\/Meisterwerkstatt erfolgt. Das Ein- und Ausbau des Ersatzteiles kann nicht an uns verrechnet werden. <\/p>\n<p> Ersatzteil: f\u00fcr andere Fahrzeugen (Marken) verf\u00fcgbar auf anfrage. Tel.041 980 27 47. Mobil. 076 589 27 47<\/p>\n<p> Kontakt<br \/>\n  Adresse: Autoverwertung Brun AG<br \/>\n           M\u00f6\u00f6slimatten 13<br \/>\n           6218 Ettiswil<br \/>\n  Telefon: 0041 (041) 980 27 47<br \/>\n  Telefax: 0041 (041) 980 03 47<\/p>\n<p> Wir bieten Ihnen weitere gebrauchte Autoteile zum Kauf an.<br \/>\n Tags: Handschuhfach, Glove compartment , Boi^te a` gants<br \/>\n<\/span><\/p>\n","protected":false},"excerpt":{"rendered":"<p>Technische Daten Fahrzeug: Opel Movano Chassis Nr.: W0VMR3605LB204629 Baujahr: 2020 Kilometer: 203500 KM Leistung: 150 KW Hubraum: 2298 ccm Typ: 3OB416 Farbcode: White\/Weiss Hinweise: &#8211; Versand: Versand nur in der Schweiz m\u00f6glich.Im Ausland ist der Transport k\u00e4uferseits. Garantie: 3 Monate Garantie. Bitte beachten Sie, dass die Gew\u00e4hrleistung nur g\u00fcltig ist, wenn der Ersatzteileinbau durch eine&hellip; <a class=\"more-link\" href=\"https:\/\/occasions-teile.ch\/fr\/produkt\/opel-movano-handschuhfach-2\/\">Poursuivre la lecture <span class=\"screen-reader-text\">Opel Movano  Handschuhfach<\/span><\/a><\/p>\n","protected":false},"featured_media":301925,"template":"","meta":[],"product_brand":[],"product_cat":[23604,19448,805,870,804,1562,613,1561],"product_tag":[],"class_list":{"0":"post-301928","1":"product","2":"type-product","3":"status-publish","4":"has-post-thumbnail","6":"product_cat-de-2-3m-kasten-de_movano-de_opel-manufacturer-26","7":"product_cat-de-2-3m-kasten-de_movano-de_opel-manufacturer-9","8":"product_cat-de-armaturenbrett-handschuhfach","9":"product_cat-de-handschuhfach","10":"product_cat-de-innenraum","11":"product_cat-de_movano","12":"product_cat-de_opel","13":"product_cat-de-w0vmr3605lb204629","14":"product_shipping_class-tarif-1","15":"entry","17":"first","18":"instock","19":"taxable","20":"shipping-taxable","21":"purchasable","22":"product-type-simple"},"jetpack_sharing_enabled":true,"_links":{"self":[{"href":"https:\/\/occasions-teile.ch\/fr\/wp-json\/wp\/v2\/product\/301928","targetHints":{"allow":["GET"]}}],"collection":[{"href":"https:\/\/occasions-teile.ch\/fr\/wp-json\/wp\/v2\/product"}],"about":[{"href":"https:\/\/occasions-teile.ch\/fr\/wp-json\/wp\/v2\/types\/product"}],"wp:featuredmedia":[{"embeddable":true,"href":"https:\/\/occasions-teile.ch\/fr\/wp-json\/wp\/v2\/media\/301925"}],"wp:attachment":[{"href":"https:\/\/occasions-teile.ch\/fr\/wp-json\/wp\/v2\/media?parent=301928"}],"wp:term":[{"taxonomy":"product_brand","embeddable":true,"href":"https:\/\/occasions-teile.ch\/fr\/wp-json\/wp\/v2\/product_brand?post=301928"},{"taxonomy":"product_cat","embeddable":true,"href":"https:\/\/occasions-teile.ch\/fr\/wp-json\/wp\/v2\/product_cat?post=301928"},{"taxonomy":"product_tag","embeddable":true,"href":"https:\/\/occasions-teile.ch\/fr\/wp-json\/wp\/v2\/product_tag?post=301928"}],"curies":[{"name":"wp","href":"https:\/\/api.w.org\/{rel}","templated":true}]}}