{"id":301608,"date":"2024-04-26T00:19:04","date_gmt":"2024-04-26T00:19:04","guid":{"rendered":"https:\/\/occasions-teile.ch\/product\/vw-touran-lenkwinkelsensor-schleifring-2\/"},"modified":"2024-05-29T16:20:46","modified_gmt":"2024-05-29T16:20:46","slug":"vw-touran-lenkwinkelsensor-schleifring-2","status":"publish","type":"product","link":"https:\/\/occasions-teile.ch\/fr\/produkt\/vw-touran-lenkwinkelsensor-schleifring-2\/","title":{"rendered":"VW Touran  Lenkwinkelsensor Schleifring"},"content":{"rendered":"<p><span><b>Technische Daten<\/b><\/p>\n<p> Fahrzeug: VW Touran<br \/>\n Chassis Nr.: WVGZZZ1TZHW080310<br \/>\n Baujahr: 2017<br \/>\n Kilometer: 91273 KM<br \/>\n Leistung: 110 KW<br \/>\n Hubraum: 1197 ccm<br \/>\n Typ: 1VF891<br \/>\n Farbcode: White\/Weiss<br \/>\n Hinweise: &#8211;<\/p>\n<p> Versand: Versand nur in der Schweiz m\u00f6glich.Im Ausland ist der Transport k\u00e4uferseits.<br \/>\n Garantie: 3 Monate Garantie. Bitte beachten Sie, dass die Gew\u00e4hrleistung nur g\u00fcltig ist, wenn der Ersatzteileinbau durch eine Fachwerkstatt\/Meisterwerkstatt erfolgt. Das Ein- und Ausbau des Ersatzteiles kann nicht an uns verrechnet werden. <\/p>\n<p> Ersatzteil: f\u00fcr andere Fahrzeugen (Marken) verf\u00fcgbar auf anfrage. Tel.041 980 27 47. Mobil. 076 589 27 47<\/p>\n<p> Kontakt<br \/>\n  Adresse: Autoverwertung Brun AG<br \/>\n           M\u00f6\u00f6slimatten 13<br \/>\n           6218 Ettiswil<br \/>\n  Telefon: 0041 (041) 980 27 47<br \/>\n  Telefax: 0041 (041) 980 03 47<\/p>\n<p> Wir bieten Ihnen weitere gebrauchte Autoteile zum Kauf an.<br \/>\n Tags: Lenkwinkelsensor Schleifring, Steering angle sensor slip ring, Bague collectrice du capteur d&rsquo;angle de braquage<br \/>\n<\/span><\/p>\n","protected":false},"excerpt":{"rendered":"<p>Technische Daten Fahrzeug: VW Touran Chassis Nr.: WVGZZZ1TZHW080310 Baujahr: 2017 Kilometer: 91273 KM Leistung: 110 KW Hubraum: 1197 ccm Typ: 1VF891 Farbcode: White\/Weiss Hinweise: &#8211; Versand: Versand nur in der Schweiz m\u00f6glich.Im Ausland ist der Transport k\u00e4uferseits. Garantie: 3 Monate Garantie. Bitte beachten Sie, dass die Gew\u00e4hrleistung nur g\u00fcltig ist, wenn der Ersatzteileinbau durch eine&hellip; <a class=\"more-link\" href=\"https:\/\/occasions-teile.ch\/fr\/produkt\/vw-touran-lenkwinkelsensor-schleifring-2\/\">Poursuivre la lecture <span class=\"screen-reader-text\">VW Touran  Lenkwinkelsensor Schleifring<\/span><\/a><\/p>\n","protected":false},"featured_media":301605,"template":"","meta":[],"product_brand":[],"product_cat":[23890,19364,1139,1140,541,541,1140,1139,1140,1139,2172,2172,2172,541,1280,1280,1280,2273,2273,2273],"product_tag":[],"class_list":{"0":"post-301608","1":"product","2":"type-product","3":"status-publish","4":"has-post-thumbnail","6":"product_cat-de-1-2tsi-de_touran-de_volkswagen-manufacturer-36","7":"product_cat-de-1-2tsi-de_touran-de_volkswagen-manufacturer-17","8":"product_cat-de-sensorenschleifring","9":"product_cat-de-sensoren-schleifring","10":"product_cat-de-fahrwerk-lenkung","16":"product_cat-de_touran","20":"product_cat-de_volkswagen","23":"product_cat-de-wvgzzz1tzhw080310-20000196","26":"product_shipping_class-tarif-1","27":"entry","29":"first","30":"instock","31":"taxable","32":"shipping-taxable","33":"purchasable","34":"product-type-simple"},"jetpack_sharing_enabled":true,"_links":{"self":[{"href":"https:\/\/occasions-teile.ch\/fr\/wp-json\/wp\/v2\/product\/301608","targetHints":{"allow":["GET"]}}],"collection":[{"href":"https:\/\/occasions-teile.ch\/fr\/wp-json\/wp\/v2\/product"}],"about":[{"href":"https:\/\/occasions-teile.ch\/fr\/wp-json\/wp\/v2\/types\/product"}],"wp:featuredmedia":[{"embeddable":true,"href":"https:\/\/occasions-teile.ch\/fr\/wp-json\/wp\/v2\/media\/301605"}],"wp:attachment":[{"href":"https:\/\/occasions-teile.ch\/fr\/wp-json\/wp\/v2\/media?parent=301608"}],"wp:term":[{"taxonomy":"product_brand","embeddable":true,"href":"https:\/\/occasions-teile.ch\/fr\/wp-json\/wp\/v2\/product_brand?post=301608"},{"taxonomy":"product_cat","embeddable":true,"href":"https:\/\/occasions-teile.ch\/fr\/wp-json\/wp\/v2\/product_cat?post=301608"},{"taxonomy":"product_tag","embeddable":true,"href":"https:\/\/occasions-teile.ch\/fr\/wp-json\/wp\/v2\/product_tag?post=301608"}],"curies":[{"name":"wp","href":"https:\/\/api.w.org\/{rel}","templated":true}]}}