{"id":301512,"date":"2024-04-25T22:49:51","date_gmt":"2024-04-25T22:49:51","guid":{"rendered":"https:\/\/occasions-teile.ch\/product\/vw-passat-achsschenkel-hinten-links\/"},"modified":"2024-05-25T16:24:30","modified_gmt":"2024-05-25T16:24:30","slug":"vw-passat-achsschenkel-hinten-links","status":"publish","type":"product","link":"https:\/\/occasions-teile.ch\/fr\/produkt\/vw-passat-achsschenkel-hinten-links\/","title":{"rendered":"VW Passat  Achsschenkel hinten links"},"content":{"rendered":"<p><span><b>Technische Daten<\/b><\/p>\n<p> Fahrzeug: VW Passat<br \/>\n Chassis Nr.: WVWZZZ3CZ6P179495<br \/>\n Baujahr: 2006<br \/>\n Kilometer: 199231 KM<br \/>\n Leistung: 150 KW<br \/>\n Hubraum: 1984 ccm<br \/>\n Typ: 1vd354<br \/>\n Farbcode: blau<br \/>\n Hinweise: &#8211;<\/p>\n<p> Versand: Versand nur in der Schweiz m\u00f6glich.Im Ausland ist der Transport k\u00e4uferseits.<br \/>\n Garantie: 3 Monate Garantie. Bitte beachten Sie, dass die Gew\u00e4hrleistung nur g\u00fcltig ist, wenn der Ersatzteileinbau durch eine Fachwerkstatt\/Meisterwerkstatt erfolgt. Das Ein- und Ausbau des Ersatzteiles kann nicht an uns verrechnet werden. <\/p>\n<p> Ersatzteil: f\u00fcr andere Fahrzeugen (Marken) verf\u00fcgbar auf anfrage. Tel.041 980 27 47. Mobil. 076 589 27 47<\/p>\n<p> Kontakt<br \/>\n  Adresse: Autoverwertung Brun AG<br \/>\n           M\u00f6\u00f6slimatten 13<br \/>\n           6218 Ettiswil<br \/>\n  Telefon: 0041 (041) 980 27 47<br \/>\n  Telefax: 0041 (041) 980 03 47<\/p>\n<p> Wir bieten Ihnen weitere gebrauchte Autoteile zum Kauf an.<br \/>\n Tags: Achsschenkel hinten links, Knuckle rear left , Fuse\u00b4e arrie`re gauche<br \/>\n<\/span><\/p>\n","protected":false},"excerpt":{"rendered":"<p>Technische Daten Fahrzeug: VW Passat Chassis Nr.: WVWZZZ3CZ6P179495 Baujahr: 2006 Kilometer: 199231 KM Leistung: 150 KW Hubraum: 1984 ccm Typ: 1vd354 Farbcode: blau Hinweise: &#8211; Versand: Versand nur in der Schweiz m\u00f6glich.Im Ausland ist der Transport k\u00e4uferseits. Garantie: 3 Monate Garantie. Bitte beachten Sie, dass die Gew\u00e4hrleistung nur g\u00fcltig ist, wenn der Ersatzteileinbau durch eine&hellip; <a class=\"more-link\" href=\"https:\/\/occasions-teile.ch\/fr\/produkt\/vw-passat-achsschenkel-hinten-links\/\">Poursuivre la lecture <span class=\"screen-reader-text\">VW Passat  Achsschenkel hinten links<\/span><\/a><\/p>\n","protected":false},"featured_media":301509,"template":"","meta":[],"product_brand":[],"product_cat":[19340,23619,1083,542,544,541,1085,548,1084,1299,1301,1303,545,547,1286,1280,1283,2071,2072,2070],"product_tag":[],"class_list":{"0":"post-301512","1":"product","2":"type-product","3":"status-publish","4":"has-post-thumbnail","6":"product_cat-de-3c2-2-0-fsi-de_passat-de_volkswagen-manufacturer-7","7":"product_cat-de-3c2-2-0-fsi-de_passat-de_volkswagen-manufacturer-22","8":"product_cat-de-achsschenkel-hinten-links","9":"product_cat-de-achsschenkel-radnaben","10":"product_cat-en-chassis-steering","11":"product_cat-de-fahrwerk-lenkung","12":"product_cat-fr-fusee-arriere-gauche","13":"product_cat-fr-fusees-de-roue-moyeux-de-roue","14":"product_cat-en-knuckle-rear-left","15":"product_cat-de_passat","16":"product_cat-en_passat","17":"product_cat-fr_passat","18":"product_cat-en-steering-knuckle-wheel-hubs","19":"product_cat-fr-train-de-roulement-direction","20":"product_cat-fr_volkswagen","21":"product_cat-de_volkswagen","22":"product_cat-en_volkswagen","23":"product_cat-en-wvwzzz3cz6p179495","24":"product_cat-fr-wvwzzz3cz6p179495","25":"product_cat-de-wvwzzz3cz6p179495","26":"product_shipping_class-tarif-1","27":"entry","29":"first","30":"instock","31":"taxable","32":"shipping-taxable","33":"purchasable","34":"product-type-simple"},"jetpack_sharing_enabled":true,"_links":{"self":[{"href":"https:\/\/occasions-teile.ch\/fr\/wp-json\/wp\/v2\/product\/301512","targetHints":{"allow":["GET"]}}],"collection":[{"href":"https:\/\/occasions-teile.ch\/fr\/wp-json\/wp\/v2\/product"}],"about":[{"href":"https:\/\/occasions-teile.ch\/fr\/wp-json\/wp\/v2\/types\/product"}],"wp:featuredmedia":[{"embeddable":true,"href":"https:\/\/occasions-teile.ch\/fr\/wp-json\/wp\/v2\/media\/301509"}],"wp:attachment":[{"href":"https:\/\/occasions-teile.ch\/fr\/wp-json\/wp\/v2\/media?parent=301512"}],"wp:term":[{"taxonomy":"product_brand","embeddable":true,"href":"https:\/\/occasions-teile.ch\/fr\/wp-json\/wp\/v2\/product_brand?post=301512"},{"taxonomy":"product_cat","embeddable":true,"href":"https:\/\/occasions-teile.ch\/fr\/wp-json\/wp\/v2\/product_cat?post=301512"},{"taxonomy":"product_tag","embeddable":true,"href":"https:\/\/occasions-teile.ch\/fr\/wp-json\/wp\/v2\/product_tag?post=301512"}],"curies":[{"name":"wp","href":"https:\/\/api.w.org\/{rel}","templated":true}]}}