{"id":301012,"date":"2024-04-25T14:21:44","date_gmt":"2024-04-25T14:21:44","guid":{"rendered":"https:\/\/occasions-teile.ch\/product\/bmw-x-serien-x1-fensterheber\/"},"modified":"2024-05-27T17:36:26","modified_gmt":"2024-05-27T17:36:26","slug":"bmw-x-serien-x1-fensterheber","status":"publish","type":"product","link":"https:\/\/occasions-teile.ch\/fr\/produkt\/bmw-x-serien-x1-fensterheber\/","title":{"rendered":"BMW X-serien X1 Fensterheber"},"content":{"rendered":"<p><span><b>Technische Daten<\/b><\/p>\n<p> Fahrzeug: BMW X-serien X1<br \/>\n Chassis Nr.: WBAVP71030VW68240<br \/>\n Baujahr: 2014<br \/>\n Kilometer: 123583 KM<br \/>\n Leistung: 143 KW<br \/>\n Hubraum: 1995 ccm<br \/>\n Typ: 1BC492<br \/>\n Farbcode: grau<br \/>\n Hinweise: &#8211;<\/p>\n<p> Versand: Versand nur in der Schweiz m\u00f6glich.Im Ausland ist der Transport k\u00e4uferseits.<br \/>\n Garantie: 3 Monate Garantie. Bitte beachten Sie, dass die Gew\u00e4hrleistung nur g\u00fcltig ist, wenn der Ersatzteileinbau durch eine Fachwerkstatt\/Meisterwerkstatt erfolgt. Das Ein- und Ausbau des Ersatzteiles kann nicht an uns verrechnet werden. <\/p>\n<p> Ersatzteil: f\u00fcr andere Fahrzeugen (Marken) verf\u00fcgbar auf anfrage. Tel.041 980 27 47. Mobil. 076 589 27 47<\/p>\n<p> Kontakt<br \/>\n  Adresse: Autoverwertung Brun AG<br \/>\n           M\u00f6\u00f6slimatten 13<br \/>\n           6218 Ettiswil<br \/>\n  Telefon: 0041 (041) 980 27 47<br \/>\n  Telefax: 0041 (041) 980 03 47<\/p>\n<p> Wir bieten Ihnen weitere gebrauchte Autoteile zum Kauf an.<br \/>\n Tags: Fensterheber, Window regulator , Le`ve-vitres<br \/>\n<\/span><\/p>\n","protected":false},"excerpt":{"rendered":"<p>Technische Daten Fahrzeug: BMW X-serien X1 Chassis Nr.: WBAVP71030VW68240 Baujahr: 2014 Kilometer: 123583 KM Leistung: 143 KW Hubraum: 1995 ccm Typ: 1BC492 Farbcode: grau Hinweise: &#8211; Versand: Versand nur in der Schweiz m\u00f6glich.Im Ausland ist der Transport k\u00e4uferseits. Garantie: 3 Monate Garantie. Bitte beachten Sie, dass die Gew\u00e4hrleistung nur g\u00fcltig ist, wenn der Ersatzteileinbau durch&hellip; <a class=\"more-link\" href=\"https:\/\/occasions-teile.ch\/fr\/produkt\/bmw-x-serien-x1-fensterheber\/\">Poursuivre la lecture <span class=\"screen-reader-text\">BMW X-serien X1 Fensterheber<\/span><\/a><\/p>\n","protected":false},"featured_media":301009,"template":"","meta":[],"product_brand":[],"product_cat":[23721,19210,1512,1515,1509,488,491,1349,1350,485,1353,1354,2326,2322,2324,1352,1351,2325,2327,2323],"product_tag":[],"class_list":{"0":"post-301012","1":"product","2":"type-product","3":"status-publish","4":"has-post-thumbnail","6":"product_cat-de-18d-xd-de_x-serien-x1-de_bmw-manufacturer-32","7":"product_cat-de-18d-xd-de_x-serien-x1-de_bmw-manufacturer-12","8":"product_cat-en_bmw","9":"product_cat-fr_bmw","10":"product_cat-de_bmw","11":"product_cat-en-body-center","12":"product_cat-fr-centre-de-la-carrosserie","13":"product_cat-de-fensterheber","14":"product_cat-de-fensterheber-de-fensterheber","15":"product_cat-de-karosserie-mitte","16":"product_cat-fr-leve-vitres","17":"product_cat-fr-leve-vitres-fr-leve-vitres","18":"product_cat-fr-wbavp71030vw68240-20000202","19":"product_cat-de-wbavp71030vw68240-20000202","20":"product_cat-en-wbavp71030vw68240-20000202","21":"product_cat-en-window-regulator-en-window-regulator","22":"product_cat-en-window-regulator","23":"product_cat-en_x-serien-x1","24":"product_cat-fr_x-serien-x1","25":"product_cat-de_x-serien-x1","26":"product_shipping_class-tarif-1","27":"entry","29":"first","30":"instock","31":"taxable","32":"shipping-taxable","33":"purchasable","34":"product-type-simple"},"jetpack_sharing_enabled":true,"_links":{"self":[{"href":"https:\/\/occasions-teile.ch\/fr\/wp-json\/wp\/v2\/product\/301012","targetHints":{"allow":["GET"]}}],"collection":[{"href":"https:\/\/occasions-teile.ch\/fr\/wp-json\/wp\/v2\/product"}],"about":[{"href":"https:\/\/occasions-teile.ch\/fr\/wp-json\/wp\/v2\/types\/product"}],"wp:featuredmedia":[{"embeddable":true,"href":"https:\/\/occasions-teile.ch\/fr\/wp-json\/wp\/v2\/media\/301009"}],"wp:attachment":[{"href":"https:\/\/occasions-teile.ch\/fr\/wp-json\/wp\/v2\/media?parent=301012"}],"wp:term":[{"taxonomy":"product_brand","embeddable":true,"href":"https:\/\/occasions-teile.ch\/fr\/wp-json\/wp\/v2\/product_brand?post=301012"},{"taxonomy":"product_cat","embeddable":true,"href":"https:\/\/occasions-teile.ch\/fr\/wp-json\/wp\/v2\/product_cat?post=301012"},{"taxonomy":"product_tag","embeddable":true,"href":"https:\/\/occasions-teile.ch\/fr\/wp-json\/wp\/v2\/product_tag?post=301012"}],"curies":[{"name":"wp","href":"https:\/\/api.w.org\/{rel}","templated":true}]}}