{"id":300628,"date":"2024-04-25T08:22:34","date_gmt":"2024-04-25T08:22:34","guid":{"rendered":"https:\/\/occasions-teile.ch\/product\/renault-megane-abdeckung-windlauf-wasserabweiser\/"},"modified":"2024-05-24T23:36:23","modified_gmt":"2024-05-24T23:36:23","slug":"renault-megane-abdeckung-windlauf-wasserabweiser","status":"publish","type":"product","link":"https:\/\/occasions-teile.ch\/fr\/produkt\/renault-megane-abdeckung-windlauf-wasserabweiser\/","title":{"rendered":"Renault M\u00e9gane  Abdeckung Windlauf, Wasserabweiser"},"content":{"rendered":"<p><span><b>Technische Daten<\/b><\/p>\n<p> Fahrzeug: Renault M\u00e9gane<br \/>\n Chassis Nr.: VF1KZ1V0642520771<br \/>\n Baujahr: 2010<br \/>\n Kilometer: 121540 KM<br \/>\n Leistung: 131 KW<br \/>\n Hubraum: 1397 ccm<br \/>\n Typ: 1rb121<br \/>\n Farbcode: silber<br \/>\n Hinweise: &#8211;<\/p>\n<p> Versand: Versand nur in der Schweiz m\u00f6glich.Im Ausland ist der Transport k\u00e4uferseits.<br \/>\n Garantie: 3 Monate Garantie. Bitte beachten Sie, dass die Gew\u00e4hrleistung nur g\u00fcltig ist, wenn der Ersatzteileinbau durch eine Fachwerkstatt\/Meisterwerkstatt erfolgt. Das Ein- und Ausbau des Ersatzteiles kann nicht an uns verrechnet werden. <\/p>\n<p> Ersatzteil: f\u00fcr andere Fahrzeugen (Marken) verf\u00fcgbar auf anfrage. Tel.041 980 27 47. Mobil. 076 589 27 47<\/p>\n<p> Kontakt<br \/>\n  Adresse: Autoverwertung Brun AG<br \/>\n           M\u00f6\u00f6slimatten 13<br \/>\n           6218 Ettiswil<br \/>\n  Telefon: 0041 (041) 980 27 47<br \/>\n  Telefax: 0041 (041) 980 03 47<\/p>\n<p> Wir bieten Ihnen weitere gebrauchte Autoteile zum Kauf an.<br \/>\n Tags: Abdeckung Windlauf, Wasserabweiser, Cover Wind Run, Water Deflector , Couverture Coupe-vent,de\u00b4flecteur d&rsquo;eau<br \/>\n<\/span><\/p>\n","protected":false},"excerpt":{"rendered":"<p>Technische Daten Fahrzeug: Renault M\u00e9gane Chassis Nr.: VF1KZ1V0642520771 Baujahr: 2010 Kilometer: 121540 KM Leistung: 131 KW Hubraum: 1397 ccm Typ: 1rb121 Farbcode: silber Hinweise: &#8211; Versand: Versand nur in der Schweiz m\u00f6glich.Im Ausland ist der Transport k\u00e4uferseits. Garantie: 3 Monate Garantie. Bitte beachten Sie, dass die Gew\u00e4hrleistung nur g\u00fcltig ist, wenn der Ersatzteileinbau durch eine&hellip; <a class=\"more-link\" href=\"https:\/\/occasions-teile.ch\/fr\/produkt\/renault-megane-abdeckung-windlauf-wasserabweiser\/\">Poursuivre la lecture <span class=\"screen-reader-text\">Renault M\u00e9gane  Abdeckung Windlauf, Wasserabweiser<\/span><\/a><\/p>\n","protected":false},"featured_media":300625,"template":"","meta":[],"product_brand":[],"product_cat":[994,993,515,518,998,997,996,995,19115,23593,512,2441,2443,2445,2433,2436,2439,1887,2442,2444],"product_tag":[],"class_list":{"0":"post-300628","1":"product","2":"type-product","3":"status-publish","4":"has-post-thumbnail","6":"product_cat-de-abdeckung-windlauf-wasserabweiser","7":"product_cat-de-abdeckungwindlaufwasserabweiser","8":"product_cat-en-body-front","9":"product_cat-fr-carrosserie-front","10":"product_cat-fr-couverture-coupe-ventdeflecteur-deau","11":"product_cat-fr-couverturecoupe-ventdeflecteur-deau","12":"product_cat-en-cover-wind-run-water-deflector","13":"product_cat-en-coverwind-runwater-deflector","14":"product_cat-de-iii-grandtour-1-4-tce-de_megane-de_renault-manufacturer-12","15":"product_cat-de-iii-grandtour-1-4-tce-de_megane-de_renault-manufacturer-41","16":"product_cat-de-karosserie-front","17":"product_cat-de_megane","18":"product_cat-en_megane","19":"product_cat-fr_megane","20":"product_cat-de_renault","21":"product_cat-en_renault","22":"product_cat-fr_renault","23":"product_cat-de-vf1kz1v0642520771","24":"product_cat-en-vf1kz1v0642520771-20000147","25":"product_cat-fr-vf1kz1v0642520771-20000147","26":"product_shipping_class-tarif-1","27":"entry","29":"first","30":"instock","31":"taxable","32":"shipping-taxable","33":"purchasable","34":"product-type-simple"},"jetpack_sharing_enabled":true,"_links":{"self":[{"href":"https:\/\/occasions-teile.ch\/fr\/wp-json\/wp\/v2\/product\/300628","targetHints":{"allow":["GET"]}}],"collection":[{"href":"https:\/\/occasions-teile.ch\/fr\/wp-json\/wp\/v2\/product"}],"about":[{"href":"https:\/\/occasions-teile.ch\/fr\/wp-json\/wp\/v2\/types\/product"}],"wp:featuredmedia":[{"embeddable":true,"href":"https:\/\/occasions-teile.ch\/fr\/wp-json\/wp\/v2\/media\/300625"}],"wp:attachment":[{"href":"https:\/\/occasions-teile.ch\/fr\/wp-json\/wp\/v2\/media?parent=300628"}],"wp:term":[{"taxonomy":"product_brand","embeddable":true,"href":"https:\/\/occasions-teile.ch\/fr\/wp-json\/wp\/v2\/product_brand?post=300628"},{"taxonomy":"product_cat","embeddable":true,"href":"https:\/\/occasions-teile.ch\/fr\/wp-json\/wp\/v2\/product_cat?post=300628"},{"taxonomy":"product_tag","embeddable":true,"href":"https:\/\/occasions-teile.ch\/fr\/wp-json\/wp\/v2\/product_tag?post=300628"}],"curies":[{"name":"wp","href":"https:\/\/api.w.org\/{rel}","templated":true}]}}