{"id":300619,"date":"2024-04-25T08:15:06","date_gmt":"2024-04-25T08:15:06","guid":{"rendered":"https:\/\/occasions-teile.ch\/product\/jeep-grand-cherokee-lichtschalter\/"},"modified":"2024-05-24T19:12:03","modified_gmt":"2024-05-24T19:12:03","slug":"jeep-grand-cherokee-lichtschalter","status":"publish","type":"product","link":"https:\/\/occasions-teile.ch\/fr\/produkt\/jeep-grand-cherokee-lichtschalter\/","title":{"rendered":"Jeep Grand Cherokee  Lichtschalter"},"content":{"rendered":"<p><span><b>Technische Daten<\/b><\/p>\n<p> Fahrzeug: Jeep Grand Cherokee<br \/>\n Chassis Nr.: 1C4RJFAM8EC342603<br \/>\n Baujahr: 2014<br \/>\n Kilometer: 178216 KM<br \/>\n Leistung: 250 KW<br \/>\n Hubraum: 2987 ccm<br \/>\n Typ: X<br \/>\n Farbcode: blau<br \/>\n Hinweise: &#8211;<\/p>\n<p> Versand: Versand nur in der Schweiz m\u00f6glich.Im Ausland ist der Transport k\u00e4uferseits.<br \/>\n Garantie: 3 Monate Garantie. Bitte beachten Sie, dass die Gew\u00e4hrleistung nur g\u00fcltig ist, wenn der Ersatzteileinbau durch eine Fachwerkstatt\/Meisterwerkstatt erfolgt. Das Ein- und Ausbau des Ersatzteiles kann nicht an uns verrechnet werden. <\/p>\n<p> Ersatzteil: f\u00fcr andere Fahrzeugen (Marken) verf\u00fcgbar auf anfrage. Tel.041 980 27 47. Mobil. 076 589 27 47<\/p>\n<p> Kontakt<br \/>\n  Adresse: Autoverwertung Brun AG<br \/>\n           M\u00f6\u00f6slimatten 13<br \/>\n           6218 Ettiswil<br \/>\n  Telefon: 0041 (041) 980 27 47<br \/>\n  Telefax: 0041 (041) 980 03 47<\/p>\n<p> Wir bieten Ihnen weitere gebrauchte Autoteile zum Kauf an.<br \/>\n Tags: Lichtschalter, Light switch , Interrupteur d&rsquo;e\u00b4clairage<br \/>\n<\/span><\/p>\n","protected":false},"excerpt":{"rendered":"<p>Technische Daten Fahrzeug: Jeep Grand Cherokee Chassis Nr.: 1C4RJFAM8EC342603 Baujahr: 2014 Kilometer: 178216 KM Leistung: 250 KW Hubraum: 2987 ccm Typ: X Farbcode: blau Hinweise: &#8211; Versand: Versand nur in der Schweiz m\u00f6glich.Im Ausland ist der Transport k\u00e4uferseits. Garantie: 3 Monate Garantie. Bitte beachten Sie, dass die Gew\u00e4hrleistung nur g\u00fcltig ist, wenn der Ersatzteileinbau durch&hellip; <a class=\"more-link\" href=\"https:\/\/occasions-teile.ch\/fr\/produkt\/jeep-grand-cherokee-lichtschalter\/\">Poursuivre la lecture <span class=\"screen-reader-text\">Jeep Grand Cherokee  Lichtschalter<\/span><\/a><\/p>\n","protected":false},"featured_media":300616,"template":"","meta":[],"product_brand":[],"product_cat":[2207,2204,2201,19113,23586,627,624,621,2203,2209,2206,628,992,2208,2205,2202,990,991,622,625],"product_tag":[],"class_list":{"0":"post-300619","1":"product","2":"type-product","3":"status-publish","4":"has-post-thumbnail","6":"product_cat-fr-1c4rjfam8ec342603-20000189","7":"product_cat-en-1c4rjfam8ec342603-20000189","8":"product_cat-de-1c4rjfam8ec342603-20000189","9":"product_cat-de-3-0d-de_grand-cherokee-de_jeep-manufacturer-13","10":"product_cat-de-3-0d-de_grand-cherokee-de_jeep-manufacturer-85","11":"product_cat-fr-electricite-dispositifs-de-commande","12":"product_cat-en-electrics-control-units","13":"product_cat-de-elektrik-steuergeraete","14":"product_cat-de_grand-cherokee","15":"product_cat-fr_grand-cherokee","16":"product_cat-en_grand-cherokee","17":"product_cat-fr-interrupteur","18":"product_cat-fr-interrupteur-declairage","19":"product_cat-fr_jeep","20":"product_cat-en_jeep","21":"product_cat-de_jeep","22":"product_cat-de-lichtschalter","23":"product_cat-en-light-switch","24":"product_cat-de-schalter","25":"product_cat-en-switch","26":"product_shipping_class-tarif-1","27":"entry","29":"first","30":"instock","31":"taxable","32":"shipping-taxable","33":"purchasable","34":"product-type-simple"},"jetpack_sharing_enabled":true,"_links":{"self":[{"href":"https:\/\/occasions-teile.ch\/fr\/wp-json\/wp\/v2\/product\/300619","targetHints":{"allow":["GET"]}}],"collection":[{"href":"https:\/\/occasions-teile.ch\/fr\/wp-json\/wp\/v2\/product"}],"about":[{"href":"https:\/\/occasions-teile.ch\/fr\/wp-json\/wp\/v2\/types\/product"}],"wp:featuredmedia":[{"embeddable":true,"href":"https:\/\/occasions-teile.ch\/fr\/wp-json\/wp\/v2\/media\/300616"}],"wp:attachment":[{"href":"https:\/\/occasions-teile.ch\/fr\/wp-json\/wp\/v2\/media?parent=300619"}],"wp:term":[{"taxonomy":"product_brand","embeddable":true,"href":"https:\/\/occasions-teile.ch\/fr\/wp-json\/wp\/v2\/product_brand?post=300619"},{"taxonomy":"product_cat","embeddable":true,"href":"https:\/\/occasions-teile.ch\/fr\/wp-json\/wp\/v2\/product_cat?post=300619"},{"taxonomy":"product_tag","embeddable":true,"href":"https:\/\/occasions-teile.ch\/fr\/wp-json\/wp\/v2\/product_tag?post=300619"}],"curies":[{"name":"wp","href":"https:\/\/api.w.org\/{rel}","templated":true}]}}