{"id":300455,"date":"2024-04-25T05:44:13","date_gmt":"2024-04-25T05:44:13","guid":{"rendered":"https:\/\/occasions-teile.ch\/product\/ford-kuga-sicherungskasten-relaistraeger-2\/"},"modified":"2024-05-30T01:57:36","modified_gmt":"2024-05-30T01:57:36","slug":"ford-kuga-sicherungskasten-relaistraeger-2","status":"publish","type":"product","link":"https:\/\/occasions-teile.ch\/fr\/produkt\/ford-kuga-sicherungskasten-relaistraeger-2\/","title":{"rendered":"Ford Kuga  Sicherungskasten Relaistr\u00e4ger"},"content":{"rendered":"<p><span><b>Technische Daten<\/b><\/p>\n<p> Fahrzeug: Ford Kuga<br \/>\n Chassis Nr.: WF0AXXWPMAHM80872<br \/>\n Baujahr: 2017<br \/>\n Kilometer: 114100 KM<br \/>\n Leistung: 179 KW<br \/>\n Hubraum: 1997 ccm<br \/>\n Typ: 1FK313<br \/>\n Farbcode: Black<br \/>\n Hinweise: &#8211;<\/p>\n<p> Versand: Versand nur in der Schweiz m\u00f6glich.Im Ausland ist der Transport k\u00e4uferseits.<br \/>\n Garantie: 3 Monate Garantie. Bitte beachten Sie, dass die Gew\u00e4hrleistung nur g\u00fcltig ist, wenn der Ersatzteileinbau durch eine Fachwerkstatt\/Meisterwerkstatt erfolgt. Das Ein- und Ausbau des Ersatzteiles kann nicht an uns verrechnet werden. <\/p>\n<p> Ersatzteil: f\u00fcr andere Fahrzeugen (Marken) verf\u00fcgbar auf anfrage. Tel.041 980 27 47. Mobil. 076 589 27 47<\/p>\n<p> Kontakt<br \/>\n  Adresse: Autoverwertung Brun AG<br \/>\n           M\u00f6\u00f6slimatten 13<br \/>\n           6218 Ettiswil<br \/>\n  Telefon: 0041 (041) 980 27 47<br \/>\n  Telefax: 0041 (041) 980 03 47<\/p>\n<p> Wir bieten Ihnen weitere gebrauchte Autoteile zum Kauf an.<br \/>\n Tags: Sicherungskasten Relaistr\u00e4ger, Fuse box,relay carrier, Boi^te a` fusibles,support de relais<br \/>\n<\/span><\/p>\n","protected":false},"excerpt":{"rendered":"<p>Technische Daten Fahrzeug: Ford Kuga Chassis Nr.: WF0AXXWPMAHM80872 Baujahr: 2017 Kilometer: 114100 KM Leistung: 179 KW Hubraum: 1997 ccm Typ: 1FK313 Farbcode: Black Hinweise: &#8211; Versand: Versand nur in der Schweiz m\u00f6glich.Im Ausland ist der Transport k\u00e4uferseits. Garantie: 3 Monate Garantie. Bitte beachten Sie, dass die Gew\u00e4hrleistung nur g\u00fcltig ist, wenn der Ersatzteileinbau durch eine&hellip; <a class=\"more-link\" href=\"https:\/\/occasions-teile.ch\/fr\/produkt\/ford-kuga-sicherungskasten-relaistraeger-2\/\">Poursuivre la lecture <span class=\"screen-reader-text\">Ford Kuga  Sicherungskasten Relaistr\u00e4ger<\/span><\/a><\/p>\n","protected":false},"featured_media":300452,"template":"","meta":[],"product_brand":[],"product_cat":[19072,23918,850,851,627,624,621,1592,1586,1589,849,848,2745,2748,2742,847,846,2747,2741,2744],"product_tag":[],"class_list":{"0":"post-300455","1":"product","2":"type-product","3":"status-publish","4":"has-post-thumbnail","6":"product_cat-de-2-0-tdci-de_kuga-de_ford-manufacturer-112","7":"product_cat-de-2-0-tdci-de_kuga-de_ford-manufacturer-140","8":"product_cat-fr-boite-a-fusiblessupport-de-relais","9":"product_cat-fr-boite-a-fusiblessupport-de-relais-fr-boite-a-fusiblessupport-de-relais","10":"product_cat-fr-electricite-dispositifs-de-commande","11":"product_cat-en-electrics-control-units","12":"product_cat-de-elektrik-steuergeraete","13":"product_cat-fr_ford","14":"product_cat-de_ford","15":"product_cat-en_ford","16":"product_cat-en-fuse-boxrelay-carrier-en-fuse-boxrelay-carrier","17":"product_cat-en-fuse-boxrelay-carrier","18":"product_cat-en_kuga","19":"product_cat-fr_kuga","20":"product_cat-de_kuga","21":"product_cat-de-sicherungskasten-relaistraeger","22":"product_cat-de-sicherungskastenrelaistraeger","23":"product_cat-fr-wf0axxwpmahm80872-200000220","24":"product_cat-de-wf0axxwpmahm80872-200000220","25":"product_cat-en-wf0axxwpmahm80872-200000220","26":"product_shipping_class-tarif-1","27":"entry","29":"first","30":"instock","31":"taxable","32":"shipping-taxable","33":"purchasable","34":"product-type-simple"},"jetpack_sharing_enabled":true,"_links":{"self":[{"href":"https:\/\/occasions-teile.ch\/fr\/wp-json\/wp\/v2\/product\/300455","targetHints":{"allow":["GET"]}}],"collection":[{"href":"https:\/\/occasions-teile.ch\/fr\/wp-json\/wp\/v2\/product"}],"about":[{"href":"https:\/\/occasions-teile.ch\/fr\/wp-json\/wp\/v2\/types\/product"}],"wp:featuredmedia":[{"embeddable":true,"href":"https:\/\/occasions-teile.ch\/fr\/wp-json\/wp\/v2\/media\/300452"}],"wp:attachment":[{"href":"https:\/\/occasions-teile.ch\/fr\/wp-json\/wp\/v2\/media?parent=300455"}],"wp:term":[{"taxonomy":"product_brand","embeddable":true,"href":"https:\/\/occasions-teile.ch\/fr\/wp-json\/wp\/v2\/product_brand?post=300455"},{"taxonomy":"product_cat","embeddable":true,"href":"https:\/\/occasions-teile.ch\/fr\/wp-json\/wp\/v2\/product_cat?post=300455"},{"taxonomy":"product_tag","embeddable":true,"href":"https:\/\/occasions-teile.ch\/fr\/wp-json\/wp\/v2\/product_tag?post=300455"}],"curies":[{"name":"wp","href":"https:\/\/api.w.org\/{rel}","templated":true}]}}