{"id":300367,"date":"2024-04-25T04:26:48","date_gmt":"2024-04-25T04:26:48","guid":{"rendered":"https:\/\/occasions-teile.ch\/product\/vw-touran-radhausschale-vorne\/"},"modified":"2024-05-29T16:15:59","modified_gmt":"2024-05-29T16:15:59","slug":"vw-touran-radhausschale-vorne","status":"publish","type":"product","link":"https:\/\/occasions-teile.ch\/fr\/produkt\/vw-touran-radhausschale-vorne\/","title":{"rendered":"VW Touran  Radhausschale vorne"},"content":{"rendered":"<p><span><b>Technische Daten<\/b><\/p>\n<p> Fahrzeug: VW Touran<br \/>\n Chassis Nr.: WVGZZZ1TZHW080310<br \/>\n Baujahr: 2017<br \/>\n Kilometer: 91273 KM<br \/>\n Leistung: 110 KW<br \/>\n Hubraum: 1197 ccm<br \/>\n Typ: 1VF891<br \/>\n Farbcode: White\/Weiss<br \/>\n Hinweise: &#8211;<\/p>\n<p> Versand: Versand nur in der Schweiz m\u00f6glich.Im Ausland ist der Transport k\u00e4uferseits.<br \/>\n Garantie: 3 Monate Garantie. Bitte beachten Sie, dass die Gew\u00e4hrleistung nur g\u00fcltig ist, wenn der Ersatzteileinbau durch eine Fachwerkstatt\/Meisterwerkstatt erfolgt. Das Ein- und Ausbau des Ersatzteiles kann nicht an uns verrechnet werden. <\/p>\n<p> Ersatzteil: f\u00fcr andere Fahrzeugen (Marken) verf\u00fcgbar auf anfrage. Tel.041 980 27 47. Mobil. 076 589 27 47<\/p>\n<p> Kontakt<br \/>\n  Adresse: Autoverwertung Brun AG<br \/>\n           M\u00f6\u00f6slimatten 13<br \/>\n           6218 Ettiswil<br \/>\n  Telefon: 0041 (041) 980 27 47<br \/>\n  Telefax: 0041 (041) 980 03 47<\/p>\n<p> Wir bieten Ihnen weitere gebrauchte Autoteile zum Kauf an.<br \/>\n Tags: Radhausschale vorne, Wheel housing shells front , Coques de passage de roue avant<br \/>\n<\/span><\/p>\n","protected":false},"excerpt":{"rendered":"<p>Technische Daten Fahrzeug: VW Touran Chassis Nr.: WVGZZZ1TZHW080310 Baujahr: 2017 Kilometer: 91273 KM Leistung: 110 KW Hubraum: 1197 ccm Typ: 1VF891 Farbcode: White\/Weiss Hinweise: &#8211; Versand: Versand nur in der Schweiz m\u00f6glich.Im Ausland ist der Transport k\u00e4uferseits. Garantie: 3 Monate Garantie. Bitte beachten Sie, dass die Gew\u00e4hrleistung nur g\u00fcltig ist, wenn der Ersatzteileinbau durch eine&hellip; <a class=\"more-link\" href=\"https:\/\/occasions-teile.ch\/fr\/produkt\/vw-touran-radhausschale-vorne\/\">Poursuivre la lecture <span class=\"screen-reader-text\">VW Touran  Radhausschale vorne<\/span><\/a><\/p>\n","protected":false},"featured_media":300364,"template":"","meta":[],"product_brand":[],"product_cat":[23890,19050,978,512,512,1863,978,512,978,1863,2172,2172,2172,1280,1280,1280,1863,2273,2273,2273],"product_tag":[],"class_list":{"0":"post-300367","1":"product","2":"type-product","3":"status-publish","4":"has-post-thumbnail","6":"product_cat-de-1-2tsi-de_touran-de_volkswagen-manufacturer-36","7":"product_cat-de-1-2tsi-de_touran-de_volkswagen-manufacturer-11","8":"product_cat-de-kotfluegel","9":"product_cat-de-karosserie-front","11":"product_cat-de-radhausschale-vorne","16":"product_cat-de_touran","19":"product_cat-de_volkswagen","23":"product_cat-de-wvgzzz1tzhw080310-20000196","26":"product_shipping_class-tarif-1","27":"entry","29":"first","30":"instock","31":"taxable","32":"shipping-taxable","33":"purchasable","34":"product-type-simple"},"jetpack_sharing_enabled":true,"_links":{"self":[{"href":"https:\/\/occasions-teile.ch\/fr\/wp-json\/wp\/v2\/product\/300367","targetHints":{"allow":["GET"]}}],"collection":[{"href":"https:\/\/occasions-teile.ch\/fr\/wp-json\/wp\/v2\/product"}],"about":[{"href":"https:\/\/occasions-teile.ch\/fr\/wp-json\/wp\/v2\/types\/product"}],"wp:featuredmedia":[{"embeddable":true,"href":"https:\/\/occasions-teile.ch\/fr\/wp-json\/wp\/v2\/media\/300364"}],"wp:attachment":[{"href":"https:\/\/occasions-teile.ch\/fr\/wp-json\/wp\/v2\/media?parent=300367"}],"wp:term":[{"taxonomy":"product_brand","embeddable":true,"href":"https:\/\/occasions-teile.ch\/fr\/wp-json\/wp\/v2\/product_brand?post=300367"},{"taxonomy":"product_cat","embeddable":true,"href":"https:\/\/occasions-teile.ch\/fr\/wp-json\/wp\/v2\/product_cat?post=300367"},{"taxonomy":"product_tag","embeddable":true,"href":"https:\/\/occasions-teile.ch\/fr\/wp-json\/wp\/v2\/product_tag?post=300367"}],"curies":[{"name":"wp","href":"https:\/\/api.w.org\/{rel}","templated":true}]}}