{"id":300347,"date":"2024-04-25T04:01:29","date_gmt":"2024-04-25T04:01:29","guid":{"rendered":"https:\/\/occasions-teile.ch\/product\/ford-transit-conn-display\/"},"modified":"2026-03-13T09:54:12","modified_gmt":"2026-03-13T09:54:12","slug":"ford-transit-conn-display","status":"publish","type":"product","link":"https:\/\/occasions-teile.ch\/fr\/produkt\/ford-transit-conn-display\/","title":{"rendered":"Ford Transit Conn  Display"},"content":{"rendered":"<p><span><b>Technische Daten<\/b><\/p>\n<p> Fahrzeug: Ford Transit Conn<br \/>\n Chassis Nr.: WF05XXWPG5NA86966<br \/>\n Baujahr: 2023<br \/>\n Kilometer: 6678 KM<br \/>\n Leistung: 99 KW<br \/>\n Hubraum: 1499 ccm<br \/>\n Typ: 3FQ655<br \/>\n Farbcode: White\/Weiss<br \/>\n Hinweise: &#8211;<\/p>\n<p> Versand: Versand nur in der Schweiz m\u00f6glich.Im Ausland ist der Transport k\u00e4uferseits.<br \/>\n Garantie: 3 Monate Garantie. Bitte beachten Sie, dass die Gew\u00e4hrleistung nur g\u00fcltig ist, wenn der Ersatzteileinbau durch eine Fachwerkstatt\/Meisterwerkstatt erfolgt. Das Ein- und Ausbau des Ersatzteiles kann nicht an uns verrechnet werden. <\/p>\n<p> Ersatzteil: f\u00fcr andere Fahrzeugen (Marken) verf\u00fcgbar auf anfrage. Tel.041 980 27 47. Mobil. 076 589 27 47<\/p>\n<p> Kontakt<br \/>\n  Adresse: Autoverwertung Brun AG<br \/>\n           M\u00f6\u00f6slimatten 13<br \/>\n           6218 Ettiswil<br \/>\n  Telefon: 0041 (041) 980 27 47<br \/>\n  Telefax: 0041 (041) 980 03 47<\/p>\n<p> Wir bieten Ihnen weitere gebrauchte Autoteile zum Kauf an.<br \/>\n Tags: Display, Display , E\u00b4cran<br \/>\n<\/span><\/p>\n","protected":false},"excerpt":{"rendered":"<p>Technische Daten Fahrzeug: Ford Transit Conn Chassis Nr.: WF05XXWPG5NA86966 Baujahr: 2023 Kilometer: 6678 KM Leistung: 99 KW Hubraum: 1499 ccm Typ: 3FQ655 Farbcode: White\/Weiss Hinweise: &#8211; Versand: Versand nur in der Schweiz m\u00f6glich.Im Ausland ist der Transport k\u00e4uferseits. Garantie: 3 Monate Garantie. Bitte beachten Sie, dass die Gew\u00e4hrleistung nur g\u00fcltig ist, wenn der Ersatzteileinbau durch&hellip; <a class=\"more-link\" href=\"https:\/\/occasions-teile.ch\/fr\/produkt\/ford-transit-conn-display\/\">Poursuivre la lecture <span class=\"screen-reader-text\">Ford Transit Conn  Display<\/span><\/a><\/p>\n","protected":false},"featured_media":300344,"template":"","meta":[],"product_brand":[],"product_cat":[828,829,830,627,624,621,1586,1589,1592,19044,23669,824,822,826,2282,2284,2280,2281,2283,2279],"product_tag":[],"class_list":{"0":"post-300347","1":"product","2":"type-product","3":"status-publish","4":"has-post-thumbnail","6":"product_cat-de-display","7":"product_cat-en-display","8":"product_cat-fr-ecran","9":"product_cat-fr-electricite-dispositifs-de-commande","10":"product_cat-en-electrics-control-units","11":"product_cat-de-elektrik-steuergeraete","12":"product_cat-de_ford","13":"product_cat-en_ford","14":"product_cat-fr_ford","15":"product_cat-de-kasten-lang-de_transit-conn-de_ford-manufacturer-9","16":"product_cat-de-kasten-lang-de_transit-conn-de_ford-manufacturer-26","17":"product_cat-en-speedometerindicators","18":"product_cat-de-tachoanzeigegeraete","19":"product_cat-fr-tachymetreindicateurs","20":"product_cat-en_transit-conn","21":"product_cat-fr_transit-conn","22":"product_cat-de_transit-conn","23":"product_cat-en-wf05xxwpg5na86966-20000197","24":"product_cat-fr-wf05xxwpg5na86966-20000197","25":"product_cat-de-wf05xxwpg5na86966-20000197","26":"product_shipping_class-tarif-1","27":"entry","29":"first","30":"instock","31":"taxable","32":"shipping-taxable","33":"purchasable","34":"product-type-simple"},"jetpack_sharing_enabled":true,"_links":{"self":[{"href":"https:\/\/occasions-teile.ch\/fr\/wp-json\/wp\/v2\/product\/300347","targetHints":{"allow":["GET"]}}],"collection":[{"href":"https:\/\/occasions-teile.ch\/fr\/wp-json\/wp\/v2\/product"}],"about":[{"href":"https:\/\/occasions-teile.ch\/fr\/wp-json\/wp\/v2\/types\/product"}],"wp:featuredmedia":[{"embeddable":true,"href":"https:\/\/occasions-teile.ch\/fr\/wp-json\/wp\/v2\/media\/300344"}],"wp:attachment":[{"href":"https:\/\/occasions-teile.ch\/fr\/wp-json\/wp\/v2\/media?parent=300347"}],"wp:term":[{"taxonomy":"product_brand","embeddable":true,"href":"https:\/\/occasions-teile.ch\/fr\/wp-json\/wp\/v2\/product_brand?post=300347"},{"taxonomy":"product_cat","embeddable":true,"href":"https:\/\/occasions-teile.ch\/fr\/wp-json\/wp\/v2\/product_cat?post=300347"},{"taxonomy":"product_tag","embeddable":true,"href":"https:\/\/occasions-teile.ch\/fr\/wp-json\/wp\/v2\/product_tag?post=300347"}],"curies":[{"name":"wp","href":"https:\/\/api.w.org\/{rel}","templated":true}]}}