{"id":300011,"date":"2024-04-24T22:55:32","date_gmt":"2024-04-24T22:55:32","guid":{"rendered":"https:\/\/occasions-teile.ch\/product\/fiat-doblo-lenkgetriebe\/"},"modified":"2024-05-29T05:24:58","modified_gmt":"2024-05-29T05:24:58","slug":"fiat-doblo-lenkgetriebe","status":"publish","type":"product","link":"https:\/\/occasions-teile.ch\/fr\/produkt\/fiat-doblo-lenkgetriebe\/","title":{"rendered":"Fiat Doblo  Lenkgetriebe"},"content":{"rendered":"<p><span><b>Technische Daten<\/b><\/p>\n<p> Fahrzeug: Fiat Doblo<br \/>\n Chassis Nr.: ZFA26300006C74920<br \/>\n Baujahr: 2016<br \/>\n Kilometer: 102296 KM<br \/>\n Leistung: 90 KW<br \/>\n Hubraum: 1598 ccm<br \/>\n Typ: 3FC732<br \/>\n Farbcode: White\/Weiss<br \/>\n Hinweise: &#8211;<\/p>\n<p> Versand: Versand nur in der Schweiz m\u00f6glich.Im Ausland ist der Transport k\u00e4uferseits.<br \/>\n Garantie: 3 Monate Garantie. Bitte beachten Sie, dass die Gew\u00e4hrleistung nur g\u00fcltig ist, wenn der Ersatzteileinbau durch eine Fachwerkstatt\/Meisterwerkstatt erfolgt. Das Ein- und Ausbau des Ersatzteiles kann nicht an uns verrechnet werden. <\/p>\n<p> Ersatzteil: f\u00fcr andere Fahrzeugen (Marken) verf\u00fcgbar auf anfrage. Tel.041 980 27 47. Mobil. 076 589 27 47<\/p>\n<p> Kontakt<br \/>\n  Adresse: Autoverwertung Brun AG<br \/>\n           M\u00f6\u00f6slimatten 13<br \/>\n           6218 Ettiswil<br \/>\n  Telefon: 0041 (041) 980 27 47<br \/>\n  Telefax: 0041 (041) 980 03 47<\/p>\n<p> Wir bieten Ihnen weitere gebrauchte Autoteile zum Kauf an.<br \/>\n Tags: Lenkgetriebe, Steering gear , Boi^te de direction<br \/>\n<\/span><\/p>\n","protected":false},"excerpt":{"rendered":"<p>Technische Daten Fahrzeug: Fiat Doblo Chassis Nr.: ZFA26300006C74920 Baujahr: 2016 Kilometer: 102296 KM Leistung: 90 KW Hubraum: 1598 ccm Typ: 3FC732 Farbcode: White\/Weiss Hinweise: &#8211; Versand: Versand nur in der Schweiz m\u00f6glich.Im Ausland ist der Transport k\u00e4uferseits. Garantie: 3 Monate Garantie. Bitte beachten Sie, dass die Gew\u00e4hrleistung nur g\u00fcltig ist, wenn der Ersatzteileinbau durch eine&hellip; <a class=\"more-link\" href=\"https:\/\/occasions-teile.ch\/fr\/produkt\/fiat-doblo-lenkgetriebe\/\">Poursuivre la lecture <span class=\"screen-reader-text\">Fiat Doblo  Lenkgetriebe<\/span><\/a><\/p>\n","protected":false},"featured_media":300008,"template":"","meta":[],"product_brand":[],"product_cat":[709,710,18959,23814,544,3928,3926,3927,541,1377,1380,1383,705,706,707,708,547,8222,8224,8226],"product_tag":[],"class_list":{"0":"post-300011","1":"product","2":"type-product","3":"status-publish","4":"has-post-thumbnail","6":"product_cat-fr-boite-de-direction","7":"product_cat-fr-boite-de-direction-fr-boite-de-direction","8":"product_cat-de-cargo-16d-de_slug_fiat_doblo_249-de_fiat-manufacturer-24","9":"product_cat-de-cargo-16d-de_slug_fiat_doblo_249-de_fiat-manufacturer-36","10":"product_cat-en-chassis-steering","11":"product_cat-fr_slug_fiat_doblo_181","12":"product_cat-de_slug_fiat_doblo_249","13":"product_cat-en_slug_fiat_doblo_436","14":"product_cat-de-fahrwerk-lenkung","15":"product_cat-de_fiat","16":"product_cat-en_fiat","17":"product_cat-fr_fiat","18":"product_cat-de-lenkgetriebe","19":"product_cat-de-lenkgetriebe-de-lenkgetriebe","20":"product_cat-en-steering-gear","21":"product_cat-en-steering-gear-en-steering-gear","22":"product_cat-fr-train-de-roulement-direction","23":"product_cat-de-zfa26300006c74920-200000251","24":"product_cat-en-zfa26300006c74920-200000251","25":"product_cat-fr-zfa26300006c74920-200000251","26":"product_shipping_class-tarif-1","27":"entry","29":"first","30":"instock","31":"taxable","32":"shipping-taxable","33":"purchasable","34":"product-type-simple"},"jetpack_sharing_enabled":true,"_links":{"self":[{"href":"https:\/\/occasions-teile.ch\/fr\/wp-json\/wp\/v2\/product\/300011","targetHints":{"allow":["GET"]}}],"collection":[{"href":"https:\/\/occasions-teile.ch\/fr\/wp-json\/wp\/v2\/product"}],"about":[{"href":"https:\/\/occasions-teile.ch\/fr\/wp-json\/wp\/v2\/types\/product"}],"wp:featuredmedia":[{"embeddable":true,"href":"https:\/\/occasions-teile.ch\/fr\/wp-json\/wp\/v2\/media\/300008"}],"wp:attachment":[{"href":"https:\/\/occasions-teile.ch\/fr\/wp-json\/wp\/v2\/media?parent=300011"}],"wp:term":[{"taxonomy":"product_brand","embeddable":true,"href":"https:\/\/occasions-teile.ch\/fr\/wp-json\/wp\/v2\/product_brand?post=300011"},{"taxonomy":"product_cat","embeddable":true,"href":"https:\/\/occasions-teile.ch\/fr\/wp-json\/wp\/v2\/product_cat?post=300011"},{"taxonomy":"product_tag","embeddable":true,"href":"https:\/\/occasions-teile.ch\/fr\/wp-json\/wp\/v2\/product_tag?post=300011"}],"curies":[{"name":"wp","href":"https:\/\/api.w.org\/{rel}","templated":true}]}}