{"id":299983,"date":"2024-04-24T22:23:19","date_gmt":"2024-04-24T22:23:19","guid":{"rendered":"https:\/\/occasions-teile.ch\/product\/mazda-cx-5-wischermotor-hinten\/"},"modified":"2024-05-27T07:29:44","modified_gmt":"2024-05-27T07:29:44","slug":"mazda-cx-5-wischermotor-hinten","status":"publish","type":"product","link":"https:\/\/occasions-teile.ch\/fr\/produkt\/mazda-cx-5-wischermotor-hinten\/","title":{"rendered":"Mazda CX-5  Wischermotor hinten"},"content":{"rendered":"<p><span><b>Technische Daten<\/b><\/p>\n<p> Fahrzeug: Mazda CX-5<br \/>\n Chassis Nr.: JMZKEN92600146494<br \/>\n Baujahr: 2013<br \/>\n Kilometer: 151965 KM<br \/>\n Leistung: 175 KW<br \/>\n Hubraum: 2191 ccm<br \/>\n Typ: 1MA855<br \/>\n Farbcode: Black<br \/>\n Hinweise: &#8211;<\/p>\n<p> Versand: Versand nur in der Schweiz m\u00f6glich.Im Ausland ist der Transport k\u00e4uferseits.<br \/>\n Garantie: 3 Monate Garantie. Bitte beachten Sie, dass die Gew\u00e4hrleistung nur g\u00fcltig ist, wenn der Ersatzteileinbau durch eine Fachwerkstatt\/Meisterwerkstatt erfolgt. Das Ein- und Ausbau des Ersatzteiles kann nicht an uns verrechnet werden. <\/p>\n<p> Ersatzteil: f\u00fcr andere Fahrzeugen (Marken) verf\u00fcgbar auf anfrage. Tel.041 980 27 47. Mobil. 076 589 27 47<\/p>\n<p> Kontakt<br \/>\n  Adresse: Autoverwertung Brun AG<br \/>\n           M\u00f6\u00f6slimatten 13<br \/>\n           6218 Ettiswil<br \/>\n  Telefon: 0041 (041) 980 27 47<br \/>\n  Telefax: 0041 (041) 980 03 47<\/p>\n<p> Wir bieten Ihnen weitere gebrauchte Autoteile zum Kauf an.<br \/>\n Tags: Wischermotor hinten, Wiper motor rear, Arrie`re du moteur d&rsquo;essuie-glace<br \/>\n<\/span><\/p>\n","protected":false},"excerpt":{"rendered":"<p>Technische Daten Fahrzeug: Mazda CX-5 Chassis Nr.: JMZKEN92600146494 Baujahr: 2013 Kilometer: 151965 KM Leistung: 175 KW Hubraum: 2191 ccm Typ: 1MA855 Farbcode: Black Hinweise: &#8211; Versand: Versand nur in der Schweiz m\u00f6glich.Im Ausland ist der Transport k\u00e4uferseits. Garantie: 3 Monate Garantie. Bitte beachten Sie, dass die Gew\u00e4hrleistung nur g\u00fcltig ist, wenn der Ersatzteileinbau durch eine&hellip; <a class=\"more-link\" href=\"https:\/\/occasions-teile.ch\/fr\/produkt\/mazda-cx-5-wischermotor-hinten\/\">Poursuivre la lecture <span class=\"screen-reader-text\">Mazda CX-5  Wischermotor hinten<\/span><\/a><\/p>\n","protected":false},"featured_media":299980,"template":"","meta":[],"product_brand":[],"product_cat":[18952,23679,682,681,1955,1955,1955,1954,1954,1954,1308,1308,1308,669,669,669,681,682,681,682],"product_tag":[],"class_list":{"0":"post-299983","1":"product","2":"type-product","3":"status-publish","4":"has-post-thumbnail","6":"product_cat-de-2-2d-ke102-de_cx-5-de_mazda-manufacturer-15","7":"product_cat-de-2-2d-ke102-de_cx-5-de_mazda-manufacturer-77","8":"product_cat-de-wischermotorhinten-de-wischermotorhinten","9":"product_cat-de-wischermotorhinten","10":"product_cat-de_cx-5","13":"product_cat-de-jmzken92600146494","16":"product_cat-de_mazda","19":"product_cat-de-scheibenreinigung","26":"product_shipping_class-tarif-1","27":"entry","29":"first","30":"instock","31":"taxable","32":"shipping-taxable","33":"purchasable","34":"product-type-simple"},"jetpack_sharing_enabled":true,"_links":{"self":[{"href":"https:\/\/occasions-teile.ch\/fr\/wp-json\/wp\/v2\/product\/299983","targetHints":{"allow":["GET"]}}],"collection":[{"href":"https:\/\/occasions-teile.ch\/fr\/wp-json\/wp\/v2\/product"}],"about":[{"href":"https:\/\/occasions-teile.ch\/fr\/wp-json\/wp\/v2\/types\/product"}],"wp:featuredmedia":[{"embeddable":true,"href":"https:\/\/occasions-teile.ch\/fr\/wp-json\/wp\/v2\/media\/299980"}],"wp:attachment":[{"href":"https:\/\/occasions-teile.ch\/fr\/wp-json\/wp\/v2\/media?parent=299983"}],"wp:term":[{"taxonomy":"product_brand","embeddable":true,"href":"https:\/\/occasions-teile.ch\/fr\/wp-json\/wp\/v2\/product_brand?post=299983"},{"taxonomy":"product_cat","embeddable":true,"href":"https:\/\/occasions-teile.ch\/fr\/wp-json\/wp\/v2\/product_cat?post=299983"},{"taxonomy":"product_tag","embeddable":true,"href":"https:\/\/occasions-teile.ch\/fr\/wp-json\/wp\/v2\/product_tag?post=299983"}],"curies":[{"name":"wp","href":"https:\/\/api.w.org\/{rel}","templated":true}]}}