{"id":29994,"date":"2023-05-04T09:13:21","date_gmt":"2023-05-04T09:13:21","guid":{"rendered":"https:\/\/occasions-teile.ch\/product\/skoda-octavia-kombiinstrument-tacho-4\/"},"modified":"2023-05-04T09:13:24","modified_gmt":"2023-05-04T09:13:24","slug":"skoda-octavia-kombiinstrument-tacho-4","status":"publish","type":"product","link":"https:\/\/occasions-teile.ch\/fr\/produkt\/skoda-octavia-kombiinstrument-tacho-4\/","title":{"rendered":"Skoda Octavia  Kombiinstrument, Tacho"},"content":{"rendered":"<p><span><b>Donn\u00e9es techniques<\/b><\/p>\n<p> V\u00e9hicule: Skoda Octavia<br \/>\n N\u00b0 de ch\u00e2ssis: TMBUF21Z382019098<br \/>\n Ann\u00e9e de production: 2007<br \/>\n Kilom\u00e9trage: 175187 KM<br \/>\n Puissance: 200 KW<br \/>\n Cylindr\u00e9e du moteur: 1984 ccm<br \/>\n Typ:  \t1SC432<br \/>\n Code couleur: blau<br \/>\n Remarques: Achtung Glass defeckt<\/p>\n<p> Exp\u00e9dition : L&rsquo;exp\u00e9dition n&rsquo;est disponible qu&rsquo;en Suisse. Dans d&rsquo;autres pays, l&rsquo;acheteur est responsable du transport.<br \/>\n Garantie : 3 mois de garantie. Veuillez noter que la garantie n&rsquo;est valable que si les pi\u00e8ces de rechange sont install\u00e9es par un atelier sp\u00e9cialis\u00e9\/ma\u00eetre. Le montage et le d\u00e9montage de la pi\u00e8ce de rechange ne peuvent pas nous \u00eatre factur\u00e9s.<\/p>\n<p> Pi\u00e8ce de rechange : pour d&rsquo;autres v\u00e9hicules (marques) disponible sur demande. T\u00e9l. 041 980 27 47. Portable. 076 589 27 47<\/p>\n<p>  Contact<br \/>\n   Adresse : Autoverwertung Brun AG<br \/>\n              M\u00f6\u00f6slimatten 13<br \/>\n              6218 Ettiswil<br \/>\n   T\u00e9l\u00e9phone : 0041 (041) 980 27 47<br \/>\n   T\u00e9l\u00e9fax : 0041 (041) 980 03 47<\/p>\n<p>  Nous proposons \u00e9galement d&rsquo;autres pi\u00e8ces automobiles d&rsquo;occasion \u00e0 vendre.<br \/>\n<\/span><\/p>\n","protected":false},"excerpt":{"rendered":"<p>Donn\u00e9es techniques V\u00e9hicule: Skoda Octavia N\u00b0 de ch\u00e2ssis: TMBUF21Z382019098 Ann\u00e9e de production: 2007 Kilom\u00e9trage: 175187 KM Puissance: 200 KW Cylindr\u00e9e du moteur: 1984 ccm Typ: 1SC432 Code couleur: blau Remarques: Achtung Glass defeckt Exp\u00e9dition : L&rsquo;exp\u00e9dition n&rsquo;est disponible qu&rsquo;en Suisse. Dans d&rsquo;autres pays, l&rsquo;acheteur est responsable du transport. Garantie : 3 mois de garantie. Veuillez&hellip; <a class=\"more-link\" href=\"https:\/\/occasions-teile.ch\/fr\/produkt\/skoda-octavia-kombiinstrument-tacho-4\/\">Poursuivre la lecture <span class=\"screen-reader-text\">Skoda Octavia  Kombiinstrument, Tacho<\/span><\/a><\/p>\n","protected":false},"featured_media":29988,"template":"","meta":[],"product_brand":[],"product_cat":[827,627,627,627,827,827,1477,1477,1477,1476,1476,1476,826,826,826,1947,1947,1947],"product_tag":[],"class_list":{"0":"post-29994","1":"product","2":"type-product","3":"status-publish","4":"has-post-thumbnail","6":"product_cat-fr-combine-d-instruments-tachymetre","7":"product_cat-fr-electricite-dispositifs-de-commande","12":"product_cat-fr_octavia-fr_skoda-fabricant-2","15":"product_cat-fr_skoda-fabricant-2","18":"product_cat-fr-tachymetreindicateurs","21":"product_cat-fr-tmbuf21z382019098","24":"product_shipping_class-tarif-1-fr","25":"entry","27":"first","28":"outofstock","29":"taxable","30":"shipping-taxable","31":"purchasable","32":"product-type-simple"},"jetpack_sharing_enabled":true,"_links":{"self":[{"href":"https:\/\/occasions-teile.ch\/fr\/wp-json\/wp\/v2\/product\/29994","targetHints":{"allow":["GET"]}}],"collection":[{"href":"https:\/\/occasions-teile.ch\/fr\/wp-json\/wp\/v2\/product"}],"about":[{"href":"https:\/\/occasions-teile.ch\/fr\/wp-json\/wp\/v2\/types\/product"}],"wp:featuredmedia":[{"embeddable":true,"href":"https:\/\/occasions-teile.ch\/fr\/wp-json\/wp\/v2\/media\/29988"}],"wp:attachment":[{"href":"https:\/\/occasions-teile.ch\/fr\/wp-json\/wp\/v2\/media?parent=29994"}],"wp:term":[{"taxonomy":"product_brand","embeddable":true,"href":"https:\/\/occasions-teile.ch\/fr\/wp-json\/wp\/v2\/product_brand?post=29994"},{"taxonomy":"product_cat","embeddable":true,"href":"https:\/\/occasions-teile.ch\/fr\/wp-json\/wp\/v2\/product_cat?post=29994"},{"taxonomy":"product_tag","embeddable":true,"href":"https:\/\/occasions-teile.ch\/fr\/wp-json\/wp\/v2\/product_tag?post=29994"}],"curies":[{"name":"wp","href":"https:\/\/api.w.org\/{rel}","templated":true}]}}