{"id":299847,"date":"2024-04-24T20:24:24","date_gmt":"2024-04-24T20:24:24","guid":{"rendered":"https:\/\/occasions-teile.ch\/product\/vw-polo-mittelkonsole\/"},"modified":"2024-05-25T04:37:11","modified_gmt":"2024-05-25T04:37:11","slug":"vw-polo-mittelkonsole","status":"publish","type":"product","link":"https:\/\/occasions-teile.ch\/fr\/produkt\/vw-polo-mittelkonsole\/","title":{"rendered":"VW Polo  Mittelkonsole"},"content":{"rendered":"<p><span><b>Technische Daten<\/b><\/p>\n<p> Fahrzeug: VW Polo<br \/>\n Chassis Nr.: WVWZZZAWZJY229248<br \/>\n Baujahr: 2018<br \/>\n Kilometer: 56334 KM<br \/>\n Leistung: 90 KW<br \/>\n Hubraum: 999 ccm<br \/>\n Typ: 1VG615<br \/>\n Farbcode: White\/Weiss<br \/>\n Hinweise: &#8211;<\/p>\n<p> Versand: Versand nur in der Schweiz m\u00f6glich.Im Ausland ist der Transport k\u00e4uferseits.<br \/>\n Garantie: 3 Monate Garantie. Bitte beachten Sie, dass die Gew\u00e4hrleistung nur g\u00fcltig ist, wenn der Ersatzteileinbau durch eine Fachwerkstatt\/Meisterwerkstatt erfolgt. Das Ein- und Ausbau des Ersatzteiles kann nicht an uns verrechnet werden. <\/p>\n<p> Ersatzteil: f\u00fcr andere Fahrzeugen (Marken) verf\u00fcgbar auf anfrage. Tel.041 980 27 47. Mobil. 076 589 27 47<\/p>\n<p> Kontakt<br \/>\n  Adresse: Autoverwertung Brun AG<br \/>\n           M\u00f6\u00f6slimatten 13<br \/>\n           6218 Ettiswil<br \/>\n  Telefon: 0041 (041) 980 27 47<br \/>\n  Telefax: 0041 (041) 980 03 47<\/p>\n<p> Wir bieten Ihnen weitere gebrauchte Autoteile zum Kauf an.<br \/>\n Tags: Mittelkonsole, Center console , Console centrale<br \/>\n<\/span><\/p>\n","protected":false},"excerpt":{"rendered":"<p>Technische Daten Fahrzeug: VW Polo Chassis Nr.: WVWZZZAWZJY229248 Baujahr: 2018 Kilometer: 56334 KM Leistung: 90 KW Hubraum: 999 ccm Typ: 1VG615 Farbcode: White\/Weiss Hinweise: &#8211; Versand: Versand nur in der Schweiz m\u00f6glich.Im Ausland ist der Transport k\u00e4uferseits. Garantie: 3 Monate Garantie. Bitte beachten Sie, dass die Gew\u00e4hrleistung nur g\u00fcltig ist, wenn der Ersatzteileinbau durch eine&hellip; <a class=\"more-link\" href=\"https:\/\/occasions-teile.ch\/fr\/produkt\/vw-polo-mittelkonsole\/\">Poursuivre la lecture <span class=\"screen-reader-text\">VW Polo  Mittelkonsole<\/span><\/a><\/p>\n","protected":false},"featured_media":299844,"template":"","meta":[],"product_brand":[],"product_cat":[18918,23600,1388,927,1388,927,804,804,804,1388,927,1634,1634,1634,1280,1280,1280,1984,1984,1984],"product_tag":[],"class_list":{"0":"post-299847","1":"product","2":"type-product","3":"status-publish","4":"has-post-thumbnail","6":"product_cat-de-6-1-0-tgi-de_polo-de_volkswagen-manufacturer-5","7":"product_cat-de-6-1-0-tgi-de_polo-de_volkswagen-manufacturer-20","8":"product_cat-de-mittelkonsole","9":"product_cat-de-mittelkonsole-armlehnevorn","12":"product_cat-de-innenraum","17":"product_cat-de_polo","20":"product_cat-de_volkswagen","23":"product_cat-de-wvwzzzawzjy229248","26":"product_shipping_class-tarif-1","27":"entry","29":"first","30":"instock","31":"taxable","32":"shipping-taxable","33":"purchasable","34":"product-type-simple"},"jetpack_sharing_enabled":true,"_links":{"self":[{"href":"https:\/\/occasions-teile.ch\/fr\/wp-json\/wp\/v2\/product\/299847","targetHints":{"allow":["GET"]}}],"collection":[{"href":"https:\/\/occasions-teile.ch\/fr\/wp-json\/wp\/v2\/product"}],"about":[{"href":"https:\/\/occasions-teile.ch\/fr\/wp-json\/wp\/v2\/types\/product"}],"wp:featuredmedia":[{"embeddable":true,"href":"https:\/\/occasions-teile.ch\/fr\/wp-json\/wp\/v2\/media\/299844"}],"wp:attachment":[{"href":"https:\/\/occasions-teile.ch\/fr\/wp-json\/wp\/v2\/media?parent=299847"}],"wp:term":[{"taxonomy":"product_brand","embeddable":true,"href":"https:\/\/occasions-teile.ch\/fr\/wp-json\/wp\/v2\/product_brand?post=299847"},{"taxonomy":"product_cat","embeddable":true,"href":"https:\/\/occasions-teile.ch\/fr\/wp-json\/wp\/v2\/product_cat?post=299847"},{"taxonomy":"product_tag","embeddable":true,"href":"https:\/\/occasions-teile.ch\/fr\/wp-json\/wp\/v2\/product_tag?post=299847"}],"curies":[{"name":"wp","href":"https:\/\/api.w.org\/{rel}","templated":true}]}}