{"id":299831,"date":"2024-04-24T20:10:29","date_gmt":"2024-04-24T20:10:29","guid":{"rendered":"https:\/\/occasions-teile.ch\/product\/vw-polo-handschuhfach\/"},"modified":"2024-05-25T04:36:27","modified_gmt":"2024-05-25T04:36:27","slug":"vw-polo-handschuhfach","status":"publish","type":"product","link":"https:\/\/occasions-teile.ch\/fr\/produkt\/vw-polo-handschuhfach\/","title":{"rendered":"VW Polo  Handschuhfach"},"content":{"rendered":"<p><span><b>Technische Daten<\/b><\/p>\n<p> Fahrzeug: VW Polo<br \/>\n Chassis Nr.: WVWZZZAWZJY229248<br \/>\n Baujahr: 2018<br \/>\n Kilometer: 56334 KM<br \/>\n Leistung: 90 KW<br \/>\n Hubraum: 999 ccm<br \/>\n Typ: 1VG615<br \/>\n Farbcode: White\/Weiss<br \/>\n Hinweise: &#8211;<\/p>\n<p> Versand: Versand nur in der Schweiz m\u00f6glich.Im Ausland ist der Transport k\u00e4uferseits.<br \/>\n Garantie: 3 Monate Garantie. Bitte beachten Sie, dass die Gew\u00e4hrleistung nur g\u00fcltig ist, wenn der Ersatzteileinbau durch eine Fachwerkstatt\/Meisterwerkstatt erfolgt. Das Ein- und Ausbau des Ersatzteiles kann nicht an uns verrechnet werden. <\/p>\n<p> Ersatzteil: f\u00fcr andere Fahrzeugen (Marken) verf\u00fcgbar auf anfrage. Tel.041 980 27 47. Mobil. 076 589 27 47<\/p>\n<p> Kontakt<br \/>\n  Adresse: Autoverwertung Brun AG<br \/>\n           M\u00f6\u00f6slimatten 13<br \/>\n           6218 Ettiswil<br \/>\n  Telefon: 0041 (041) 980 27 47<br \/>\n  Telefax: 0041 (041) 980 03 47<\/p>\n<p> Wir bieten Ihnen weitere gebrauchte Autoteile zum Kauf an.<br \/>\n Tags: Handschuhfach, Glove compartment , Boi^te a` gants<br \/>\n<\/span><\/p>\n","protected":false},"excerpt":{"rendered":"<p>Technische Daten Fahrzeug: VW Polo Chassis Nr.: WVWZZZAWZJY229248 Baujahr: 2018 Kilometer: 56334 KM Leistung: 90 KW Hubraum: 999 ccm Typ: 1VG615 Farbcode: White\/Weiss Hinweise: &#8211; Versand: Versand nur in der Schweiz m\u00f6glich.Im Ausland ist der Transport k\u00e4uferseits. Garantie: 3 Monate Garantie. Bitte beachten Sie, dass die Gew\u00e4hrleistung nur g\u00fcltig ist, wenn der Ersatzteileinbau durch eine&hellip; <a class=\"more-link\" href=\"https:\/\/occasions-teile.ch\/fr\/produkt\/vw-polo-handschuhfach\/\">Poursuivre la lecture <span class=\"screen-reader-text\">VW Polo  Handschuhfach<\/span><\/a><\/p>\n","protected":false},"featured_media":299828,"template":"","meta":[],"product_brand":[],"product_cat":[18914,23600,808,871,808,871,871,807,807,807,1636,1636,1636,808,1283,1283,1283,1985,1985,1985],"product_tag":[],"class_list":{"0":"post-299831","1":"product","2":"type-product","3":"status-publish","4":"has-post-thumbnail","6":"product_cat-de-6-1-0-tgi-de_polo-de_volkswagen-manufacturer-4","7":"product_cat-de-6-1-0-tgi-de_polo-de_volkswagen-manufacturer-20","8":"product_cat-en-dashboard-glove-compartment","9":"product_cat-en-glove-compartment","13":"product_cat-en-interior","16":"product_cat-en_polo","20":"product_cat-en_volkswagen","23":"product_cat-en-wvwzzzawzjy229248","26":"product_shipping_class-tarif-1-en","27":"entry","29":"first","30":"instock","31":"taxable","32":"shipping-taxable","33":"purchasable","34":"product-type-simple"},"jetpack_sharing_enabled":true,"_links":{"self":[{"href":"https:\/\/occasions-teile.ch\/fr\/wp-json\/wp\/v2\/product\/299831","targetHints":{"allow":["GET"]}}],"collection":[{"href":"https:\/\/occasions-teile.ch\/fr\/wp-json\/wp\/v2\/product"}],"about":[{"href":"https:\/\/occasions-teile.ch\/fr\/wp-json\/wp\/v2\/types\/product"}],"wp:featuredmedia":[{"embeddable":true,"href":"https:\/\/occasions-teile.ch\/fr\/wp-json\/wp\/v2\/media\/299828"}],"wp:attachment":[{"href":"https:\/\/occasions-teile.ch\/fr\/wp-json\/wp\/v2\/media?parent=299831"}],"wp:term":[{"taxonomy":"product_brand","embeddable":true,"href":"https:\/\/occasions-teile.ch\/fr\/wp-json\/wp\/v2\/product_brand?post=299831"},{"taxonomy":"product_cat","embeddable":true,"href":"https:\/\/occasions-teile.ch\/fr\/wp-json\/wp\/v2\/product_cat?post=299831"},{"taxonomy":"product_tag","embeddable":true,"href":"https:\/\/occasions-teile.ch\/fr\/wp-json\/wp\/v2\/product_tag?post=299831"}],"curies":[{"name":"wp","href":"https:\/\/api.w.org\/{rel}","templated":true}]}}