{"id":299767,"date":"2024-04-24T19:09:20","date_gmt":"2024-04-24T19:09:20","guid":{"rendered":"https:\/\/occasions-teile.ch\/product\/opel-corsa-nebelscheinwerfer\/"},"modified":"2024-05-26T02:09:28","modified_gmt":"2024-05-26T02:09:28","slug":"opel-corsa-nebelscheinwerfer","status":"publish","type":"product","link":"https:\/\/occasions-teile.ch\/fr\/produkt\/opel-corsa-nebelscheinwerfer\/","title":{"rendered":"Opel Corsa  Nebelscheinwerfer"},"content":{"rendered":"<p><span><b>Technische Daten<\/b><\/p>\n<p> Fahrzeug: Opel Corsa<br \/>\n Chassis Nr.: W0L0XEP08F6069505<br \/>\n Baujahr: 2015<br \/>\n Kilometer: 69872 KM<br \/>\n Leistung: 116 KW<br \/>\n Hubraum: 999 ccm<br \/>\n Typ: 1OC192<br \/>\n Farbcode: &#8211;<br \/>\n Hinweise: &#8211;<\/p>\n<p> Versand: Versand nur in der Schweiz m\u00f6glich.Im Ausland ist der Transport k\u00e4uferseits.<br \/>\n Garantie: 3 Monate Garantie. Bitte beachten Sie, dass die Gew\u00e4hrleistung nur g\u00fcltig ist, wenn der Ersatzteileinbau durch eine Fachwerkstatt\/Meisterwerkstatt erfolgt. Das Ein- und Ausbau des Ersatzteiles kann nicht an uns verrechnet werden. <\/p>\n<p> Ersatzteil: f\u00fcr andere Fahrzeugen (Marken) verf\u00fcgbar auf anfrage. Tel.041 980 27 47. Mobil. 076 589 27 47<\/p>\n<p> Kontakt<br \/>\n  Adresse: Autoverwertung Brun AG<br \/>\n           M\u00f6\u00f6slimatten 13<br \/>\n           6218 Ettiswil<br \/>\n  Telefon: 0041 (041) 980 27 47<br \/>\n  Telefax: 0041 (041) 980 03 47<\/p>\n<p> Wir bieten Ihnen weitere gebrauchte Autoteile zum Kauf an.<br \/>\n Tags: Nebelscheinwerfer, Fog light, Phares antibrouillard<br \/>\n<\/span><\/p>\n","protected":false},"excerpt":{"rendered":"<p>Technische Daten Fahrzeug: Opel Corsa Chassis Nr.: W0L0XEP08F6069505 Baujahr: 2015 Kilometer: 69872 KM Leistung: 116 KW Hubraum: 999 ccm Typ: 1OC192 Farbcode: &#8211; Hinweise: &#8211; Versand: Versand nur in der Schweiz m\u00f6glich.Im Ausland ist der Transport k\u00e4uferseits. Garantie: 3 Monate Garantie. Bitte beachten Sie, dass die Gew\u00e4hrleistung nur g\u00fcltig ist, wenn der Ersatzteileinbau durch eine&hellip; <a class=\"more-link\" href=\"https:\/\/occasions-teile.ch\/fr\/produkt\/opel-corsa-nebelscheinwerfer\/\">Poursuivre la lecture <span class=\"screen-reader-text\">Opel Corsa  Nebelscheinwerfer<\/span><\/a><\/p>\n","protected":false},"featured_media":299764,"template":"","meta":[],"product_brand":[],"product_cat":[515,518,1219,1221,1217,18898,23638,1245,1246,512,1243,1244,619,613,616,1247,1248,1220,1216,1218],"product_tag":[],"class_list":{"0":"post-299767","1":"product","2":"type-product","3":"status-publish","4":"has-post-thumbnail","6":"product_cat-en-body-front","7":"product_cat-fr-carrosserie-front","8":"product_cat-en_corsa","9":"product_cat-fr_corsa","10":"product_cat-de_corsa","11":"product_cat-de-e-1-0t-de_corsa-de_opel-manufacturer-4","12":"product_cat-de-e-1-0t-de_corsa-de_opel-manufacturer-22","13":"product_cat-en-fog-light","14":"product_cat-en-fog-light-en-fog-light","15":"product_cat-de-karosserie-front","16":"product_cat-de-nebelscheinwerfer","17":"product_cat-de-nebelscheinwerfer-de-nebelscheinwerfer","18":"product_cat-fr_opel","19":"product_cat-de_opel","20":"product_cat-en_opel","21":"product_cat-fr-phares-antibrouillard","22":"product_cat-fr-phares-antibrouillard-fr-phares-antibrouillard","23":"product_cat-fr-w0l0xep08f6069505","24":"product_cat-de-w0l0xep08f6069505","25":"product_cat-en-w0l0xep08f6069505","26":"product_shipping_class-tarif-1","27":"entry","29":"first","30":"instock","31":"taxable","32":"shipping-taxable","33":"purchasable","34":"product-type-simple"},"jetpack_sharing_enabled":true,"_links":{"self":[{"href":"https:\/\/occasions-teile.ch\/fr\/wp-json\/wp\/v2\/product\/299767","targetHints":{"allow":["GET"]}}],"collection":[{"href":"https:\/\/occasions-teile.ch\/fr\/wp-json\/wp\/v2\/product"}],"about":[{"href":"https:\/\/occasions-teile.ch\/fr\/wp-json\/wp\/v2\/types\/product"}],"wp:featuredmedia":[{"embeddable":true,"href":"https:\/\/occasions-teile.ch\/fr\/wp-json\/wp\/v2\/media\/299764"}],"wp:attachment":[{"href":"https:\/\/occasions-teile.ch\/fr\/wp-json\/wp\/v2\/media?parent=299767"}],"wp:term":[{"taxonomy":"product_brand","embeddable":true,"href":"https:\/\/occasions-teile.ch\/fr\/wp-json\/wp\/v2\/product_brand?post=299767"},{"taxonomy":"product_cat","embeddable":true,"href":"https:\/\/occasions-teile.ch\/fr\/wp-json\/wp\/v2\/product_cat?post=299767"},{"taxonomy":"product_tag","embeddable":true,"href":"https:\/\/occasions-teile.ch\/fr\/wp-json\/wp\/v2\/product_tag?post=299767"}],"curies":[{"name":"wp","href":"https:\/\/api.w.org\/{rel}","templated":true}]}}