{"id":299751,"date":"2024-04-24T18:55:29","date_gmt":"2024-04-24T18:55:29","guid":{"rendered":"https:\/\/occasions-teile.ch\/product\/suzuki-swift-tuerschloss-hinten\/"},"modified":"2024-05-26T06:22:24","modified_gmt":"2024-05-26T06:22:24","slug":"suzuki-swift-tuerschloss-hinten","status":"publish","type":"product","link":"https:\/\/occasions-teile.ch\/fr\/produkt\/suzuki-swift-tuerschloss-hinten\/","title":{"rendered":"Suzuki Swift  T\u00fcrschloss hinten"},"content":{"rendered":"<p><span><b>Technische Daten<\/b><\/p>\n<p> Fahrzeug: Suzuki Swift<br \/>\n Chassis Nr.: JSAAZD53S00252755<br \/>\n Baujahr: 2019<br \/>\n Kilometer: 54348 KM<br \/>\n Leistung: 90 KW<br \/>\n Hubraum: 1242 ccm<br \/>\n Typ: 1SD845<br \/>\n Farbcode: grau<br \/>\n Hinweise: &#8211;<\/p>\n<p> Versand: Versand nur in der Schweiz m\u00f6glich.Im Ausland ist der Transport k\u00e4uferseits.<br \/>\n Garantie: 3 Monate Garantie. Bitte beachten Sie, dass die Gew\u00e4hrleistung nur g\u00fcltig ist, wenn der Ersatzteileinbau durch eine Fachwerkstatt\/Meisterwerkstatt erfolgt. Das Ein- und Ausbau des Ersatzteiles kann nicht an uns verrechnet werden. <\/p>\n<p> Ersatzteil: f\u00fcr andere Fahrzeugen (Marken) verf\u00fcgbar auf anfrage. Tel.041 980 27 47. Mobil. 076 589 27 47<\/p>\n<p> Kontakt<br \/>\n  Adresse: Autoverwertung Brun AG<br \/>\n           M\u00f6\u00f6slimatten 13<br \/>\n           6218 Ettiswil<br \/>\n  Telefon: 0041 (041) 980 27 47<br \/>\n  Telefax: 0041 (041) 980 03 47<\/p>\n<p> Wir bieten Ihnen weitere gebrauchte Autoteile zum Kauf an.<br \/>\n Tags: T\u00fcrschloss hinten, Door lock rear, Serrure de porte arrie`re<br \/>\n<\/span><\/p>\n","protected":false},"excerpt":{"rendered":"<p>Technische Daten Fahrzeug: Suzuki Swift Chassis Nr.: JSAAZD53S00252755 Baujahr: 2019 Kilometer: 54348 KM Leistung: 90 KW Hubraum: 1242 ccm Typ: 1SD845 Farbcode: grau Hinweise: &#8211; Versand: Versand nur in der Schweiz m\u00f6glich.Im Ausland ist der Transport k\u00e4uferseits. Garantie: 3 Monate Garantie. Bitte beachten Sie, dass die Gew\u00e4hrleistung nur g\u00fcltig ist, wenn der Ersatzteileinbau durch eine&hellip; <a class=\"more-link\" href=\"https:\/\/occasions-teile.ch\/fr\/produkt\/suzuki-swift-tuerschloss-hinten\/\">Poursuivre la lecture <span class=\"screen-reader-text\">Suzuki Swift  T\u00fcrschloss hinten<\/span><\/a><\/p>\n","protected":false},"featured_media":299748,"template":"","meta":[],"product_brand":[],"product_cat":[18894,23643,485,485,1340,1346,2046,2046,2046,485,1340,1346,449,449,449,2047,2047,2047,1340,1346],"product_tag":[],"class_list":{"0":"post-299751","1":"product","2":"type-product","3":"status-publish","4":"has-post-thumbnail","6":"product_cat-de-1-2-allgrip-de_swift-suzuki-manufacturer-3","7":"product_cat-de-1-2-allgrip-de_swift-suzuki-manufacturer-26","8":"product_cat-de-karosserie-mitte","10":"product_cat-de-tuerschloss","11":"product_cat-de-tuerschloss-hinten","12":"product_cat-de-jsaazd53s00252755","18":"product_cat-suzuki","21":"product_cat-de_swift","26":"product_shipping_class-tarif-1","27":"entry","29":"first","30":"instock","31":"taxable","32":"shipping-taxable","33":"purchasable","34":"product-type-simple"},"jetpack_sharing_enabled":true,"_links":{"self":[{"href":"https:\/\/occasions-teile.ch\/fr\/wp-json\/wp\/v2\/product\/299751","targetHints":{"allow":["GET"]}}],"collection":[{"href":"https:\/\/occasions-teile.ch\/fr\/wp-json\/wp\/v2\/product"}],"about":[{"href":"https:\/\/occasions-teile.ch\/fr\/wp-json\/wp\/v2\/types\/product"}],"wp:featuredmedia":[{"embeddable":true,"href":"https:\/\/occasions-teile.ch\/fr\/wp-json\/wp\/v2\/media\/299748"}],"wp:attachment":[{"href":"https:\/\/occasions-teile.ch\/fr\/wp-json\/wp\/v2\/media?parent=299751"}],"wp:term":[{"taxonomy":"product_brand","embeddable":true,"href":"https:\/\/occasions-teile.ch\/fr\/wp-json\/wp\/v2\/product_brand?post=299751"},{"taxonomy":"product_cat","embeddable":true,"href":"https:\/\/occasions-teile.ch\/fr\/wp-json\/wp\/v2\/product_cat?post=299751"},{"taxonomy":"product_tag","embeddable":true,"href":"https:\/\/occasions-teile.ch\/fr\/wp-json\/wp\/v2\/product_tag?post=299751"}],"curies":[{"name":"wp","href":"https:\/\/api.w.org\/{rel}","templated":true}]}}