{"id":299511,"date":"2024-04-24T15:19:55","date_gmt":"2024-04-24T15:19:55","guid":{"rendered":"https:\/\/occasions-teile.ch\/product\/jeep-compass-schloss-heckklappe-2\/"},"modified":"2024-05-27T08:32:38","modified_gmt":"2024-05-27T08:32:38","slug":"jeep-compass-schloss-heckklappe-2","status":"publish","type":"product","link":"https:\/\/occasions-teile.ch\/fr\/produkt\/jeep-compass-schloss-heckklappe-2\/","title":{"rendered":"Jeep Compass  Schloss Heckklappe"},"content":{"rendered":"<p><span><b>Technische Daten<\/b><\/p>\n<p> Fahrzeug: Jeep Compass<br \/>\n Chassis Nr.: 3C4NJDCY4HT662674<br \/>\n Baujahr: 2017<br \/>\n Kilometer: 127325 KM<br \/>\n Leistung: 140 KW<br \/>\n Hubraum: 1956 ccm<br \/>\n Typ: 1JB287<br \/>\n Farbcode: grau<br \/>\n Hinweise: &#8211;<\/p>\n<p> Versand: Versand nur in der Schweiz m\u00f6glich.Im Ausland ist der Transport k\u00e4uferseits.<br \/>\n Garantie: 3 Monate Garantie. Bitte beachten Sie, dass die Gew\u00e4hrleistung nur g\u00fcltig ist, wenn der Ersatzteileinbau durch eine Fachwerkstatt\/Meisterwerkstatt erfolgt. Das Ein- und Ausbau des Ersatzteiles kann nicht an uns verrechnet werden. <\/p>\n<p> Ersatzteil: f\u00fcr andere Fahrzeugen (Marken) verf\u00fcgbar auf anfrage. Tel.041 980 27 47. Mobil. 076 589 27 47<\/p>\n<p> Kontakt<br \/>\n  Adresse: Autoverwertung Brun AG<br \/>\n           M\u00f6\u00f6slimatten 13<br \/>\n           6218 Ettiswil<br \/>\n  Telefon: 0041 (041) 980 27 47<br \/>\n  Telefax: 0041 (041) 980 03 47<\/p>\n<p> Wir bieten Ihnen weitere gebrauchte Autoteile zum Kauf an.<br \/>\n Tags: Schloss Heckklappe, Lock Tailgate , Serrure du hayon<br \/>\n<\/span><\/p>\n","protected":false},"excerpt":{"rendered":"<p>Technische Daten Fahrzeug: Jeep Compass Chassis Nr.: 3C4NJDCY4HT662674 Baujahr: 2017 Kilometer: 127325 KM Leistung: 140 KW Hubraum: 1956 ccm Typ: 1JB287 Farbcode: grau Hinweise: &#8211; Versand: Versand nur in der Schweiz m\u00f6glich.Im Ausland ist der Transport k\u00e4uferseits. Garantie: 3 Monate Garantie. Bitte beachten Sie, dass die Gew\u00e4hrleistung nur g\u00fcltig ist, wenn der Ersatzteileinbau durch eine&hellip; <a class=\"more-link\" href=\"https:\/\/occasions-teile.ch\/fr\/produkt\/jeep-compass-schloss-heckklappe-2\/\">Poursuivre la lecture <span class=\"screen-reader-text\">Jeep Compass  Schloss Heckklappe<\/span><\/a><\/p>\n","protected":false},"featured_media":299508,"template":"","meta":[],"product_brand":[],"product_cat":[18834,23680,2303,2303,2303,524,524,2306,2306,2306,689,689,2205,2205,2205,524,690,690,690,689],"product_tag":[],"class_list":{"0":"post-299511","1":"product","2":"type-product","3":"status-publish","4":"has-post-thumbnail","6":"product_cat-de-2-0-crd-de_compass-de_jeep-manufacturer-6","7":"product_cat-de-2-0-crd-de_compass-de_jeep-manufacturer-41","8":"product_cat-en-3c4njdcy4ht662674-20000199-vehicle-en-2","11":"product_cat-en-body-rear","13":"product_cat-en_compass-en_jeep","16":"product_cat-en-tailgateparts","18":"product_cat-en_jeep","22":"product_cat-en-lock-tailgate","26":"product_shipping_class-tarif-1-en","27":"entry","29":"first","30":"instock","31":"taxable","32":"shipping-taxable","33":"purchasable","34":"product-type-simple"},"jetpack_sharing_enabled":true,"_links":{"self":[{"href":"https:\/\/occasions-teile.ch\/fr\/wp-json\/wp\/v2\/product\/299511","targetHints":{"allow":["GET"]}}],"collection":[{"href":"https:\/\/occasions-teile.ch\/fr\/wp-json\/wp\/v2\/product"}],"about":[{"href":"https:\/\/occasions-teile.ch\/fr\/wp-json\/wp\/v2\/types\/product"}],"wp:featuredmedia":[{"embeddable":true,"href":"https:\/\/occasions-teile.ch\/fr\/wp-json\/wp\/v2\/media\/299508"}],"wp:attachment":[{"href":"https:\/\/occasions-teile.ch\/fr\/wp-json\/wp\/v2\/media?parent=299511"}],"wp:term":[{"taxonomy":"product_brand","embeddable":true,"href":"https:\/\/occasions-teile.ch\/fr\/wp-json\/wp\/v2\/product_brand?post=299511"},{"taxonomy":"product_cat","embeddable":true,"href":"https:\/\/occasions-teile.ch\/fr\/wp-json\/wp\/v2\/product_cat?post=299511"},{"taxonomy":"product_tag","embeddable":true,"href":"https:\/\/occasions-teile.ch\/fr\/wp-json\/wp\/v2\/product_tag?post=299511"}],"curies":[{"name":"wp","href":"https:\/\/api.w.org\/{rel}","templated":true}]}}