{"id":299507,"date":"2024-04-24T15:16:26","date_gmt":"2024-04-24T15:16:26","guid":{"rendered":"https:\/\/occasions-teile.ch\/product\/vw-passat-einspritzduesen-injektoren\/"},"modified":"2025-05-13T07:52:24","modified_gmt":"2025-05-13T07:52:24","slug":"vw-passat-einspritzduesen-injektoren","status":"publish","type":"product","link":"https:\/\/occasions-teile.ch\/fr\/produkt\/vw-passat-einspritzduesen-injektoren\/","title":{"rendered":"VW Passat  Einspritzd\u00fcsen Injektoren nur noch 2X an Lager"},"content":{"rendered":"<p><b>Technische Daten<\/b><\/p>\n<p>Fahrzeug: VW Passat<br \/>\nChassis Nr.: WVWZZZ3CZHP028767<br \/>\nBaujahr: 2017<br \/>\nKilometer: 150000 KM<br \/>\nLeistung: 150 KW<br \/>\nHubraum: 1499 ccm<br \/>\nTyp: X<br \/>\nFarbcode: silberblau<br \/>\nHinweise: Preis pro stuck<\/p>\n<p>Versand: Versand nur in der Schweiz m\u00f6glich.Im Ausland ist der Transport k\u00e4uferseits.<br \/>\nGarantie: 3 Monate Garantie. Bitte beachten Sie, dass die Gew\u00e4hrleistung nur g\u00fcltig ist, wenn der Ersatzteileinbau durch eine Fachwerkstatt\/Meisterwerkstatt erfolgt. Das Ein- und Ausbau des Ersatzteiles kann nicht an uns verrechnet werden.<\/p>\n<p>Ersatzteil: f\u00fcr andere Fahrzeugen (Marken) verf\u00fcgbar auf anfrage. Tel.041 980 27 47. Mobil. 076 589 27 47<\/p>\n<p>Kontakt<br \/>\nAdresse: Autoverwertung Brun AG<br \/>\nM\u00f6\u00f6slimatten 13<br \/>\n6218 Ettiswil<br \/>\nTelefon: 0041 (041) 980 27 47<br \/>\nTelefax: 0041 (041) 980 03 47<\/p>\n<p>Wir bieten Ihnen weitere gebrauchte Autoteile zum Kauf an.<br \/>\nTags: Einspritzd\u00fcsen Injektoren, Injection nozzles\/injectors , Pompes a` injection<\/p>\n","protected":false},"excerpt":{"rendered":"<p>Technische Daten Fahrzeug: VW Passat Chassis Nr.: WVWZZZ3CZHP028767 Baujahr: 2017 Kilometer: 150000 KM Leistung: 150 KW Hubraum: 1499 ccm Typ: X Farbcode: silberblau Hinweise: Preis pro stuck Versand: Versand nur in der Schweiz m\u00f6glich.Im Ausland ist der Transport k\u00e4uferseits. Garantie: 3 Monate Garantie. Bitte beachten Sie, dass die Gew\u00e4hrleistung nur g\u00fcltig ist, wenn der Ersatzteileinbau&hellip; <a class=\"more-link\" href=\"https:\/\/occasions-teile.ch\/fr\/produkt\/vw-passat-einspritzduesen-injektoren\/\">Poursuivre la lecture <span class=\"screen-reader-text\">VW Passat  Einspritzd\u00fcsen Injektoren nur noch 2X an Lager<\/span><\/a><\/p>\n","protected":false},"featured_media":299504,"template":"","meta":[],"product_brand":[],"product_cat":[23913,2483,663,494,1299,1280,6836],"product_tag":[],"class_list":{"0":"post-299507","1":"product","2":"type-product","3":"status-publish","4":"has-post-thumbnail","6":"product_cat-de-2-0-variant-tdi-de_passat-de_volkswagen-manufacturer-71","7":"product_cat-de-einspritzduesen-injektoren","8":"product_cat-de-luft-kraftstoffsystem","9":"product_cat-de-motor","10":"product_cat-de_passat","11":"product_cat-de_volkswagen","12":"product_cat-de-wvwzzz3czhp028767-200000226","13":"product_shipping_class-tarif-1","14":"entry","16":"first","17":"instock","18":"taxable","19":"shipping-taxable","20":"purchasable","21":"product-type-simple"},"jetpack_sharing_enabled":true,"_links":{"self":[{"href":"https:\/\/occasions-teile.ch\/fr\/wp-json\/wp\/v2\/product\/299507","targetHints":{"allow":["GET"]}}],"collection":[{"href":"https:\/\/occasions-teile.ch\/fr\/wp-json\/wp\/v2\/product"}],"about":[{"href":"https:\/\/occasions-teile.ch\/fr\/wp-json\/wp\/v2\/types\/product"}],"wp:featuredmedia":[{"embeddable":true,"href":"https:\/\/occasions-teile.ch\/fr\/wp-json\/wp\/v2\/media\/299504"}],"wp:attachment":[{"href":"https:\/\/occasions-teile.ch\/fr\/wp-json\/wp\/v2\/media?parent=299507"}],"wp:term":[{"taxonomy":"product_brand","embeddable":true,"href":"https:\/\/occasions-teile.ch\/fr\/wp-json\/wp\/v2\/product_brand?post=299507"},{"taxonomy":"product_cat","embeddable":true,"href":"https:\/\/occasions-teile.ch\/fr\/wp-json\/wp\/v2\/product_cat?post=299507"},{"taxonomy":"product_tag","embeddable":true,"href":"https:\/\/occasions-teile.ch\/fr\/wp-json\/wp\/v2\/product_tag?post=299507"}],"curies":[{"name":"wp","href":"https:\/\/api.w.org\/{rel}","templated":true}]}}